{"id":86175,"date":"2019-10-26T15:29:57","date_gmt":"2019-10-26T13:29:57","guid":{"rendered":"https:\/\/www.seaflowerstore.com\/nl\/magnetic-stirrer-for-ghl-doser-2\/"},"modified":"2025-12-13T15:35:14","modified_gmt":"2025-12-13T14:35:14","slug":"magnetic-stirrer-for-ghl-doser-2","status":"publish","type":"product","link":"https:\/\/www.seaflowerstore.com\/de\/magnetic-stirrer-for-ghl-doser-2\/","title":{"rendered":"Magnetic Stirrer for GHL Doser 2"},"content":{"rendered":"<h2>Magnetic Stirrer for GHL Doser 2 can be set to mix liquids at any time or immediately prior to dosing<\/h2>\n<p>Der GHL-Magnetr\u00fchrer ist eine hervorragende Erg\u00e4nzung zu Ihrem GHL 2.1 Doser. Sie k\u00f6nnen ihn so programmieren, dass er Fl\u00fcssigkeiten mischt, wann immer Sie es brauchen oder direkt vor der Dosierung. Der mitgelieferte Adapter l\u00e4sst sich m\u00fchelos an jeden der vier Anschl\u00fcsse des 2.1 Doser anschlie\u00dfen und sorgt so f\u00fcr eine reibungslose und einfache Integration.<\/p>\n<p><strong>Ger\u00fchrt. Nicht gesch\u00fcttelt.<\/strong><br \/>Manche Fl\u00fcssigkeiten setzen sich mit der Zeit ab und m\u00fcssen ger\u00fchrt werden, bevor sie in Ihr Aquarium gegeben werden. Der neue GHL-Magnetr\u00fchrer bew\u00e4ltigt dies mit Leichtigkeit und erm\u00f6glicht es Ihnen, Fl\u00fcssigkeiten jederzeit oder direkt vor der Dosierung zu mischen.<\/p>\n<p>Der GHL-Magnetr\u00fchrer funktioniert mit einem magnetischen R\u00fchrstab, der in einen Fl\u00fcssigkeitsbeh\u00e4lter gelegt wird. Sobald Sie ihn aktivieren, wird der R\u00fchrstab durch einen rotierenden Gegenmagneten im Magnetr\u00fchrer bewegt.<\/p>\n<p>Die Verbindung zum GHL Doser 2 ist unkompliziert. Stecken Sie einfach das mitgelieferte Kabel in einen der vier R\u00fchrerausg\u00e4nge des GHL Doser 2.<\/p>\n<p><strong>Merkmale des Magnetr\u00fchrers von GHL:<\/strong><\/p>\n<ul>\n<li>Variable Rotationsgeschwindigkeit, bis zu 1000 U\/min<\/li>\n<li>Kompatibel mit Fl\u00fcssigkeitsbeh\u00e4ltern mit einem Durchmesser von bis zu 94 mm (3,7 Zoll)<\/li>\n<li>Enth\u00e4lt ein Verbindungskabel zum GHL Doser 2<\/li>\n<li>Kommt mit einem PTFE-beschichteten Magnetr\u00fchrstab mit einem Mittelring f\u00fcr verbessertes Mischen und reibungslosen Betrieb<\/li>\n<li>Kompaktes Design: 120 mm x 94 mm x 40 mm (4,7&#8243; x 3,7&#8243; x 1,6&#8243;)<\/li>\n<li>B\u00fcrstenloser Gleichstrommotor f\u00fcr leisen Betrieb und lange Haltbarkeit<\/li>\n<li>Leistungsstarke Neodym-Magnete<\/li>\n<\/ul>\n","protected":false},"excerpt":{"rendered":"<p>Magnetic Stirrer for GHL Doser 2 can be set to mix liquids at any time or immediately prior to dosing<\/p>\n","protected":false},"featured_media":82343,"template":"","meta":[],"pwb-brand":[2157],"product_cat":[1420,1401],"product_tag":[],"class_list":{"0":"post-86175","1":"product","2":"type-product","3":"status-publish","4":"has-post-thumbnail","6":"pwb-brand-ghl","7":"product_cat-doseerpomp-accessoires-de","8":"product_cat-mess-und-regeltechnik","9":"pa_show-myparcel-options-male-de","11":"first","12":"instock","13":"taxable","14":"shipping-taxable","15":"purchasable","16":"product-type-simple"},"acf":[],"brands":[{"id":2157,"name":"GHL","slug":"ghl"}],"_links":{"self":[{"href":"https:\/\/www.seaflowerstore.com\/de\/wp-json\/wp\/v2\/product\/86175","targetHints":{"allow":["GET"]}}],"collection":[{"href":"https:\/\/www.seaflowerstore.com\/de\/wp-json\/wp\/v2\/product"}],"about":[{"href":"https:\/\/www.seaflowerstore.com\/de\/wp-json\/wp\/v2\/types\/product"}],"wp:featuredmedia":[{"embeddable":true,"href":"https:\/\/www.seaflowerstore.com\/de\/wp-json\/wp\/v2\/media\/82343"}],"wp:attachment":[{"href":"https:\/\/www.seaflowerstore.com\/de\/wp-json\/wp\/v2\/media?parent=86175"}],"wp:term":[{"taxonomy":"pwb-brand","embeddable":true,"href":"https:\/\/www.seaflowerstore.com\/de\/wp-json\/wp\/v2\/pwb-brand?post=86175"},{"taxonomy":"product_cat","embeddable":true,"href":"https:\/\/www.seaflowerstore.com\/de\/wp-json\/wp\/v2\/product_cat?post=86175"},{"taxonomy":"product_tag","embeddable":true,"href":"https:\/\/www.seaflowerstore.com\/de\/wp-json\/wp\/v2\/product_tag?post=86175"}],"curies":[{"name":"wp","href":"https:\/\/api.w.org\/{rel}","templated":true}]}}