{"id":86176,"date":"2019-10-26T09:42:16","date_gmt":"2019-10-26T07:42:16","guid":{"rendered":"https:\/\/www.seaflowerstore.com\/nl\/ghl-doser-2-1-stand-alone-4-pumps-white-schuko\/"},"modified":"2024-03-19T14:59:50","modified_gmt":"2024-03-19T13:59:50","slug":"ghl-doser-2-1-stand-alone-4-pumps-white-schuko","status":"publish","type":"product","link":"https:\/\/www.seaflowerstore.com\/de\/ghl-doser-2-1-stand-alone-4-pumps-white-schuko\/","title":{"rendered":"GHL Doser 2.1 Stand Alone, 4 pumps, white, Schuko"},"content":{"rendered":"<h2>GHL Doser 2.1 Stand Alone, 4 pumps dosing pumps<\/h2>\n<p>Der GHL Doser 2.1 Stand Alone arbeitet autark, ist also keine GHL Profilux-Steuereinheit. Er kann bei Bedarf mit SLAVE-Pumpen erweitert werden. Die 24 V Schrittmotoren sorgen f\u00fcr eine pr\u00e4zise Dosierung, auch bei kleinsten Durchflussmengen von 0,1 ml. Die Verbindung erfolgt \u00fcber WLAN, LAN oder USB.<\/p>\n<p>Dieses System ist auf insgesamt 16 Pumpen erweiterbar:<\/p>\n<ul>\n<li>Stand Alone + 3 Slave Doser<\/li>\n<li>ProfiLux Controller + 4 Slave Doser<\/li>\n<\/ul>\n<p>Der ProfiLux Aquatic Bus garantiert eine zuverl\u00e4ssige und effiziente Daten\u00fcbertragung, auch \u00fcber lange Distanzen von bis zu 100 m.<\/p>\n<p><strong>Technische Daten:<\/strong><\/p>\n<ul>\n<li>Farbe: Schwarz<\/li>\n<li>Ma\u00dfe: 220 x 150 x 75 mm (ohne Pumpen)<\/li>\n<li>Varianten: 4 Pumpen<\/li>\n<\/ul>\n<p><strong>Lieferumfang:<\/strong><\/p>\n<ul>\n<li>Dosierpumpeneinheit Stand Alone (wei\u00df)<\/li>\n<li>Netzteil<\/li>\n<\/ul>\n<p>Sie erreichen eine millilitergenaue und automatisierte Dosierung verschiedener Fl\u00fcssigkeiten wie:<\/p>\n<ul>\n<li>D\u00fcngemittel<\/li>\n<li>Spurenelemente<\/li>\n<li>Ballingsalze<\/li>\n<li>Kalkwasser<\/li>\n<li>Fl\u00fcssigkeitsversorgung<\/li>\n<\/ul>\n<p>Zus\u00e4tzliche Features sind:<\/p>\n<ul>\n<li>Integrierte Verdunstungswassernachf\u00fcllung (Auto Top-Off)<\/li>\n<li>Wasseraustausch kleiner Volumina<\/li>\n<li>Motorwellen aus Edelstahl (geeignet zur Joddosierung)<\/li>\n<li>Chemikalienbest\u00e4ndige Schl\u00e4uche (Norprene)<\/li>\n<li>Manuelle Bedienung jeder einzelnen Pumpe m\u00f6glich<\/li>\n<li>Pumpen k\u00f6nnen nachtr\u00e4glich eingebaut werden<\/li>\n<li>Einzelteile k\u00f6nnen ausgetauscht werden (Rohre, Pumpenkopf, Motor)<\/li>\n<li>24V-Schrittmotoren erm\u00f6glichen Mikrodosierungen von 0,1 ml<\/li>\n<li>Bis zu 150 Dosierungen pro Tag<\/li>\n<\/ul>\n<p>Dosierzeiten k\u00f6nnen Sie ganz einfach \u00fcber die GHL Control Center Software w\u00e4hlen. Dabei stehen Ihnen zwei Modi zur Verf\u00fcgung:<\/p>\n<ul>\n<li><strong>Automatisch:<\/strong> Bis zu 150 Einzeldosierungen pro Tag, die automatisch verteilt werden.<\/li>\n<li><strong>Individuell:<\/strong> Maximal 8 Dosierungen pro Tag k\u00f6nnen individuell eingestellt werden.<\/li>\n<\/ul>\n<p>Bez\u00fcglich Konventionskapazit\u00e4t und Dosierung kann das System von 8 bis 45 ml pro Minute (auf 0,1 ml genau einstellbar) eingestellt werden.<\/p>\n<p>Die Dose 2.1 Pumpen sind so konzipiert, dass sie weitgehend wartungsfrei sind. F\u00fcr eine optimale Leistung ist es ratsam, das Pumpeninnere gelegentlich zu reinigen und von Staub und anderen Verunreinigungen zu befreien. <strong>Bitte beachten Sie, dass die Pumpen in keiner Weise geschmiert werden d\u00fcrfen!<\/strong><\/p>\n<p><strong>Schl\u00e4uche, Pumpen und Motoren sind Verschlei\u00dfteile und ihre Lebensdauer h\u00e4ngt von der Nutzungsh\u00e4ufigkeit, der Leistungsmenge und den Umgebungsbedingungen ab.<\/strong> Bei Defekten wie ungen\u00fcgendem Durchfluss, Verlust der F\u00fcllkraft, Leckage oder erh\u00f6hten Betriebsger\u00e4uschen oder bei mechanischen Besch\u00e4digungen m\u00fcssen die Verschlei\u00dfteile ausgetauscht werden. Dank der wartungsfreundlichen Konstruktion sind alle Verschlei\u00dfteile leicht austauschbar und als Zubeh\u00f6r erh\u00e4ltlich.<\/p>\n","protected":false},"excerpt":{"rendered":"<p>The GHL Doser 2.1 Stand Alone works independently and is therefore NOT a GHL profilux control unit. Can be expanded with SLAVE pumps<\/p>\n","protected":false},"featured_media":82340,"template":"","meta":[],"pwb-brand":[2157],"product_cat":[1408,1406],"product_tag":[],"class_list":{"0":"post-86176","1":"product","2":"type-product","3":"status-publish","4":"has-post-thumbnail","6":"pwb-brand-ghl","7":"product_cat-computer-de","8":"product_cat-dosierpumpen","9":"pa_show-myparcel-options-male-de","11":"first","12":"outofstock","13":"taxable","14":"shipping-taxable","15":"purchasable","16":"product-type-simple"},"acf":[],"brands":[{"id":2157,"name":"GHL","slug":"ghl"}],"_links":{"self":[{"href":"https:\/\/www.seaflowerstore.com\/de\/wp-json\/wp\/v2\/product\/86176","targetHints":{"allow":["GET"]}}],"collection":[{"href":"https:\/\/www.seaflowerstore.com\/de\/wp-json\/wp\/v2\/product"}],"about":[{"href":"https:\/\/www.seaflowerstore.com\/de\/wp-json\/wp\/v2\/types\/product"}],"wp:featuredmedia":[{"embeddable":true,"href":"https:\/\/www.seaflowerstore.com\/de\/wp-json\/wp\/v2\/media\/82340"}],"wp:attachment":[{"href":"https:\/\/www.seaflowerstore.com\/de\/wp-json\/wp\/v2\/media?parent=86176"}],"wp:term":[{"taxonomy":"pwb-brand","embeddable":true,"href":"https:\/\/www.seaflowerstore.com\/de\/wp-json\/wp\/v2\/pwb-brand?post=86176"},{"taxonomy":"product_cat","embeddable":true,"href":"https:\/\/www.seaflowerstore.com\/de\/wp-json\/wp\/v2\/product_cat?post=86176"},{"taxonomy":"product_tag","embeddable":true,"href":"https:\/\/www.seaflowerstore.com\/de\/wp-json\/wp\/v2\/product_tag?post=86176"}],"curies":[{"name":"wp","href":"https:\/\/api.w.org\/{rel}","templated":true}]}}