{"id":86178,"date":"2019-10-25T17:28:17","date_gmt":"2019-10-25T15:28:17","guid":{"rendered":"https:\/\/www.seaflowerstore.com\/nl\/fauna-marin-phos-004\/"},"modified":"2025-08-24T16:18:07","modified_gmt":"2025-08-24T14:18:07","slug":"fauna-marin-phos-004","status":"publish","type":"product","link":"https:\/\/www.seaflowerstore.com\/de\/fauna-marin-phos-004\/","title":{"rendered":"Fauna Marin Phos 0,04"},"content":{"rendered":"<h2>Fauna Marin Phos 0,04 which safely removes phosphates and yellow substances from the aquarium water<\/h2>\n<p><strong>PHOS 0,04<\/strong> ist eine innovative Granulatverbindung, die Phosphate und gelbe Substanzen effektiv aus Ihrem Aquarienwasser absorbiert. Eines seiner herausragenden Merkmale ist, dass der PO4-Wert <strong>nicht auf 0,00 fallen kann<\/strong>, was Ultra PHOS 0,04 sowohl sicher als auch hochwirksam macht.<\/p>\n<p>Die Farbe und die N\u00e4hrstoffe sind fest an das Material gebunden, sodass sie nicht wieder ins Wasser gelangen. Dies tr\u00e4gt dazu bei, den N\u00e4hrstoffgehalt in Ihrem Aquarium niedrig zu halten, unerw\u00fcnschtes Algenwachstum effektiv zu verhindern und den Korallen gleichzeitig ihre nat\u00fcrlichen Farben zu verleihen.<\/p>\n<h3>Anwendung und Dosierung<\/h3>\n<p>Bitte f\u00fchren Sie \u00c4nderungen an Ihrem Aquarium langsam und vorsichtig durch. Hier die empfohlenen Dosierungen:<\/p>\n<ul>\n<li>Verwenden Sie 50 ml Ultra PHOS 0,04 pro 100 Liter Wasser.<\/li>\n<li>Nach 5 Tagen k\u00f6nnen Sie die Dosierung auf bis zu 100 ml pro 100 Liter Wasser erh\u00f6hen.<\/li>\n<li>\u00dcberpr\u00fcfen Sie regelm\u00e4\u00dfig den PO4-Gehalt.<\/li>\n<\/ul>\n<p>Es ist wichtig zu beachten, dass die Verwendung von Ultra PHOS 0,04 bei niedrigsten PO4-Werten nicht ratsam ist. F\u00fcr beste Ergebnisse verwenden Sie Ultra PHOS 0,04 in Verbindung mit einem UV-Kl\u00e4rer und nach Feinfiltration in einem Wirbelschichtreaktor. Die empfohlene Durchflussrate liegt zwischen 100 und 200 Litern pro Stunde, wobei ein langsamerer Durchfluss vorzuziehen ist.<\/p>\n<p>Wenn der PO4-Gehalt wieder steigt, ersetzen Sie Ultra PHOS 0,04 einfach durch frisches Material, um eine optimale Wasserqualit\u00e4t aufrechtzuerhalten.<\/p>\n","protected":false},"excerpt":{"rendered":"<p>PHOS 0,04 a novel compound granules, which safely removes phosphates and yellow substances from the aquarium cycle. A unique feature is the safe use of PHOS004, since the PO4-value can not fall to 0.00<\/p>\n","protected":false},"featured_media":82330,"template":"","meta":[],"pwb-brand":[2177],"product_cat":[1437,1453,515,741],"product_tag":[],"class_list":{"0":"post-86178","1":"product","2":"type-product","3":"status-publish","4":"has-post-thumbnail","6":"pwb-brand-fauna-marin","7":"product_cat-fauna-marin-de","8":"product_cat-nitrat-und-phosphatentferner","9":"product_cat-additives","10":"product_cat-brands","11":"pa_content-475-gr","12":"pa_content-950-gr","13":"pa_inhoud-475-gr-de","14":"pa_inhoud-950-gr-de","15":"pa_show-myparcel-options-male-de","17":"first","18":"instock","19":"taxable","20":"shipping-taxable","21":"purchasable","22":"product-type-variable"},"acf":[],"brands":[{"id":2177,"name":"Fauna Marin","slug":"fauna-marin"}],"_links":{"self":[{"href":"https:\/\/www.seaflowerstore.com\/de\/wp-json\/wp\/v2\/product\/86178","targetHints":{"allow":["GET"]}}],"collection":[{"href":"https:\/\/www.seaflowerstore.com\/de\/wp-json\/wp\/v2\/product"}],"about":[{"href":"https:\/\/www.seaflowerstore.com\/de\/wp-json\/wp\/v2\/types\/product"}],"wp:featuredmedia":[{"embeddable":true,"href":"https:\/\/www.seaflowerstore.com\/de\/wp-json\/wp\/v2\/media\/82330"}],"wp:attachment":[{"href":"https:\/\/www.seaflowerstore.com\/de\/wp-json\/wp\/v2\/media?parent=86178"}],"wp:term":[{"taxonomy":"pwb-brand","embeddable":true,"href":"https:\/\/www.seaflowerstore.com\/de\/wp-json\/wp\/v2\/pwb-brand?post=86178"},{"taxonomy":"product_cat","embeddable":true,"href":"https:\/\/www.seaflowerstore.com\/de\/wp-json\/wp\/v2\/product_cat?post=86178"},{"taxonomy":"product_tag","embeddable":true,"href":"https:\/\/www.seaflowerstore.com\/de\/wp-json\/wp\/v2\/product_tag?post=86178"}],"curies":[{"name":"wp","href":"https:\/\/api.w.org\/{rel}","templated":true}]}}