{"id":86181,"date":"2019-10-22T18:35:18","date_gmt":"2019-10-22T16:35:18","guid":{"rendered":"https:\/\/www.seaflowerstore.com\/nl\/rebiotic-100-natural-250ml\/"},"modified":"2024-03-19T14:59:46","modified_gmt":"2024-03-19T13:59:46","slug":"rebiotic-100-natural-250ml","status":"publish","type":"product","link":"https:\/\/www.seaflowerstore.com\/de\/rebiotic-100-natural-250ml\/","title":{"rendered":"ReBiotic 100% natural 250ml"},"content":{"rendered":"<h2>Fauna Marin ReBiotic 100% 250ml is a natural bacteria-based product that contains a unique mixture of bacteria strains<\/h2>\n<p>ReBiotic ist ein vollkommen nat\u00fcrliches Produkt auf Bakterienbasis mit einer speziellen Mischung von Bakterienst\u00e4mmen. Diese einzigartigen St\u00e4mme helfen dabei, die Bakterienstabilit\u00e4t wiederherzustellen und besch\u00e4digte Bakterienfilme zu reparieren, die durch pl\u00f6tzliche Ver\u00e4nderungen im System oder das \u201eOld Tank Syndrome\u201c entstehen k\u00f6nnen. Dar\u00fcber hinaus verbessert ReBiotic die allgemeine Wasserqualit\u00e4t und die Gesundheit von lebendem Gestein, ohne dass die Gefahr besteht, dass die Wasserchemie ver\u00e4ndert, Ablagerungen gest\u00f6rt oder das Wachstum unansehnlicher Algen gef\u00f6rdert wird.<\/p>\n<p><strong>Anwendung:<\/strong><\/p>\n<ul>\n<li>Gie\u00dfen Sie ReBiotic in einen Probenbecher und f\u00fcgen Sie 1 Liter Aquarienwasser hinzu.<\/li>\n<li>R\u00fchren Sie das Wasser mehrmals um, um die Bakterien zu aktivieren, und lassen Sie es 1 Stunde lang stehen.<\/li>\n<li>Gie\u00dfen Sie die Bakterienl\u00f6sung nach 1 Stunde direkt in einen Bereich des Aquariums mit hoher Str\u00f6mung.<\/li>\n<li>Schalten Sie den Absch\u00e4umer f\u00fcr 6 Stunden AUS.<\/li>\n<li>Schalten Sie UV und OZON f\u00fcr mindestens 24 Stunden AUS.<\/li>\n<\/ul>\n<p><strong>Dosierung:<\/strong><\/p>\n<ul>\n<li>1 geh\u00e4ufter Teel\u00f6ffel (ca. 5 g) pro 400 Liter Aquarium Volumen.<\/li>\n<\/ul>\n<p><strong>Anfangsdosierung:<\/strong> <em>2-mal w\u00f6chentlich dosieren:<\/em> 4 bis 6 Wochen lang 1 geh\u00e4uften Teel\u00f6ffel (ca. 5 g) pro 400 Liter hinzuf\u00fcgen.<\/p>\n<p><em>Nach Woche 4 bis 6:<\/em> Alle 4 Wochen eine Erhaltungsdosis hinzuf\u00fcgen.<\/p>\n<p>ReBiotic ist 100 % nat\u00fcrlich und sicher f\u00fcr Tiere, wenn es gem\u00e4\u00df den bereitgestellten Anweisungen verwendet wird. Weitere Einzelheiten finden Sie im Abschnitt <em>Anwendung<\/em>.<\/p>\n","protected":false},"excerpt":{"rendered":"<p>Fauna Marin ReBiotic 100% 250ml is a natural bacteria-based product that contains a unique mixture of bacteria strains<\/p>\n","protected":false},"featured_media":82328,"template":"","meta":[],"pwb-brand":[2177],"product_cat":[1484,1437],"product_tag":[],"class_list":{"0":"post-86181","1":"product","2":"type-product","3":"status-publish","4":"has-post-thumbnail","6":"pwb-brand-fauna-marin","7":"product_cat-bakterien","8":"product_cat-fauna-marin-de","9":"pa_show-myparcel-options-male-de","11":"first","12":"instock","13":"sale","14":"taxable","15":"shipping-taxable","16":"purchasable","17":"product-type-simple"},"acf":[],"brands":[{"id":2177,"name":"Fauna Marin","slug":"fauna-marin"}],"_links":{"self":[{"href":"https:\/\/www.seaflowerstore.com\/de\/wp-json\/wp\/v2\/product\/86181","targetHints":{"allow":["GET"]}}],"collection":[{"href":"https:\/\/www.seaflowerstore.com\/de\/wp-json\/wp\/v2\/product"}],"about":[{"href":"https:\/\/www.seaflowerstore.com\/de\/wp-json\/wp\/v2\/types\/product"}],"wp:featuredmedia":[{"embeddable":true,"href":"https:\/\/www.seaflowerstore.com\/de\/wp-json\/wp\/v2\/media\/82328"}],"wp:attachment":[{"href":"https:\/\/www.seaflowerstore.com\/de\/wp-json\/wp\/v2\/media?parent=86181"}],"wp:term":[{"taxonomy":"pwb-brand","embeddable":true,"href":"https:\/\/www.seaflowerstore.com\/de\/wp-json\/wp\/v2\/pwb-brand?post=86181"},{"taxonomy":"product_cat","embeddable":true,"href":"https:\/\/www.seaflowerstore.com\/de\/wp-json\/wp\/v2\/product_cat?post=86181"},{"taxonomy":"product_tag","embeddable":true,"href":"https:\/\/www.seaflowerstore.com\/de\/wp-json\/wp\/v2\/product_tag?post=86181"}],"curies":[{"name":"wp","href":"https:\/\/api.w.org\/{rel}","templated":true}]}}