{"id":86182,"date":"2019-10-20T20:03:57","date_gmt":"2019-10-20T18:03:57","guid":{"rendered":"https:\/\/www.seaflowerstore.com\/nl\/silence-kit-for-alkatronic\/"},"modified":"2024-03-19T14:59:45","modified_gmt":"2024-03-19T13:59:45","slug":"silence-kit-for-alkatronic","status":"publish","type":"product","link":"https:\/\/www.seaflowerstore.com\/de\/silence-kit-for-alkatronic\/","title":{"rendered":"Silence Kit For Alkatronic"},"content":{"rendered":"<h2>Silence Kit For Alkatronic Ultra Silence Kit for Pump A and C &#8211; as replacement or upgrade<\/h2>\n<p>Mit der Zeit k\u00f6nnen die Buchsen an Pumpe A und Pumpe C verschlei\u00dfen und m\u00fcssen alle 6 Monate bis 1 Jahr ausgetauscht werden. Dieses <strong>Silence Kit<\/strong> enth\u00e4lt 4 neue Buchsen mit verbesserter Elastizit\u00e4t, die Vibrationen der Schrittmotoren effektiv absorbieren sollen.<\/p>\n<p>Dieses Kit ist mit allen Chargen kompatibel, <strong>au\u00dfer Charge 1 (A1801xxxx) und Charge 2 (A1802xxxx). Beachten Sie bitte, dass sich die T\u00fcr bei Pumpe C nach dem Upgrade nicht mehr vollst\u00e4ndig schlie\u00dfen l\u00e4sst, sodass ein Spalt von 2 mm entsteht.<\/strong><\/p>\n","protected":false},"excerpt":{"rendered":"<p>Silence Kit For Alkatronic Ultra Silence Kit for Pump A and C &#8211; as replacement or upgrade<\/p>\n","protected":false},"featured_media":82326,"template":"","meta":[],"pwb-brand":[2261],"product_cat":[1537,1407,741],"product_tag":[],"class_list":{"0":"post-86182","1":"product","2":"type-product","3":"status-publish","4":"has-post-thumbnail","6":"pwb-brand-focustronic","7":"product_cat-aquarientechnik","8":"product_cat-focustronic-de","9":"product_cat-brands","10":"pa_show-myparcel-options-male-de","12":"first","13":"outofstock","14":"taxable","15":"shipping-taxable","16":"purchasable","17":"product-type-simple"},"acf":[],"brands":[{"id":2261,"name":"Focustronic","slug":"focustronic"}],"_links":{"self":[{"href":"https:\/\/www.seaflowerstore.com\/de\/wp-json\/wp\/v2\/product\/86182","targetHints":{"allow":["GET"]}}],"collection":[{"href":"https:\/\/www.seaflowerstore.com\/de\/wp-json\/wp\/v2\/product"}],"about":[{"href":"https:\/\/www.seaflowerstore.com\/de\/wp-json\/wp\/v2\/types\/product"}],"wp:featuredmedia":[{"embeddable":true,"href":"https:\/\/www.seaflowerstore.com\/de\/wp-json\/wp\/v2\/media\/82326"}],"wp:attachment":[{"href":"https:\/\/www.seaflowerstore.com\/de\/wp-json\/wp\/v2\/media?parent=86182"}],"wp:term":[{"taxonomy":"pwb-brand","embeddable":true,"href":"https:\/\/www.seaflowerstore.com\/de\/wp-json\/wp\/v2\/pwb-brand?post=86182"},{"taxonomy":"product_cat","embeddable":true,"href":"https:\/\/www.seaflowerstore.com\/de\/wp-json\/wp\/v2\/product_cat?post=86182"},{"taxonomy":"product_tag","embeddable":true,"href":"https:\/\/www.seaflowerstore.com\/de\/wp-json\/wp\/v2\/product_tag?post=86182"}],"curies":[{"name":"wp","href":"https:\/\/api.w.org\/{rel}","templated":true}]}}