{"id":86205,"date":"2019-10-18T14:25:15","date_gmt":"2019-10-18T12:25:15","guid":{"rendered":"https:\/\/www.seaflowerstore.com\/nl\/hydra-64hd-led-black\/"},"modified":"2024-03-19T14:59:25","modified_gmt":"2024-03-19T13:59:25","slug":"hydra-64hd-led-black","status":"publish","type":"product","link":"https:\/\/www.seaflowerstore.com\/de\/hydra-64hd-led-black\/","title":{"rendered":"Hydra\u00a064HD LED &#8211; Black"},"content":{"rendered":"<h2>Hydra 64HD LED &#8211; Black<\/h2>\n<p>Die neuesten Erg\u00e4nzungen der Hydra-Serie von AquaIllumination sind die Modelle Hydra 32 und 64 HD. Diese LED-Leuchten bieten mehr Leistung und lebendige Farben sowie die bequeme Steuerung per Smartphone.<\/p>\n<p><strong>Mehr LEDs. Mehr Leistung. Mehr Farbe.<\/strong> Mit \u00fcber 20 % zus\u00e4tzlichen LEDs sind unsere Topline-Lampen deutlich heller. Die Farbbrillanz wurde au\u00dferdem durch tiefere Blaut\u00f6ne und helleres wei\u00dfes Licht verbessert, sodass Ihre Korallen besser zur Geltung kommen als je zuvor.<\/p>\n<p><strong>Smart Reef LED<\/strong> ist das, was Sie mit den neuesten Leuchten der Hydra HD-Serie, der Hydra 32HD und der Hydra 64HD, erleben werden. Sie k\u00f6nnen mehr LEDs, mehr Farbe, mehr Leistung und ein eleganteres Design erwarten. Genie\u00dfen Sie Funktionen, die Sie zu sch\u00e4tzen gelernt haben, wie Hyperdrive, intelligente Bedienung mit der myAI-App und eine bew\u00e4hrte Leistungsbilanz.<\/p>\n<p><strong>Vorteile der Hydra 32HD und 64HD:<\/strong><\/p>\n<ul>\n<li>Kompatibel mit RedSea-Aquarienhalterungen<\/li>\n<li>Das Stromkabel ist jetzt an der Leuchte befestigt, sodass kein Stecker \u00fcber dem Meerwasser mehr erforderlich ist<\/li>\n<li>Der Ein-\/Ausschalter befindet sich praktischerweise an der Unterseite der Leuchte statt an der R\u00fcckseite<\/li>\n<li>Die Statusleuchte ist in den Ein-\/Ausschalter integriert<\/li>\n<li>Verbesserte Lampensteuerungskomponenten, zug\u00e4nglich \u00fcber die myAi-App und Bluetooth (WLAN wird in zuk\u00fcnftigen Software-Updates verf\u00fcgbar sein)<\/li>\n<li>Mehr LEDs pro Farbe sorgen f\u00fcr kleinere, effizientere Beleuchtung<\/li>\n<li>Separate Mondlicht-LED f\u00fcr einen nat\u00fcrlicheren Effekt<\/li>\n<\/ul>\n<div class=\"uncode_text_column\">\n<h2>Bew\u00e4hrt Spectrum<\/h2>\n<p>Generationen erfolgreichen Korallenwachstums wurden mit der neuen Hydra-Serie erreicht. Der Kern dieser Serie besteht aus einer bekannten Farbmischung, die auf die Bed\u00fcrfnisse von Meerwasseraquarianern zugeschnitten ist.<\/p>\n<\/div>\n<div class=\"uncode-single-media text-center\">\n<div class=\"single-wrapper\">\n<img loading=\"lazy\" decoding=\"async\" class=\"async-done\" src=\"https:\/\/www.seaflowerstore.com\/nl\/wp-content\/uploads\/content\/hydra32HD_spectrum_plain.png\" alt=\"\" width=\"258\" height=\"218\" \/>\n<\/div>\n<\/div>\n<div class=\"uncode_text_column\">\n<h2>Bew\u00e4hrte Leistung<\/h2>\n<p>Die Hydra-Serie kombiniert erhebliche Wachstumskraft mit HD-Funktionalit\u00e4t und ist somit eine robuste L\u00f6sung. Indem Sie die Intensit\u00e4t einer Farbe in HD reduzieren, k\u00f6nnen Sie diese Leistung anderen Farbkan\u00e4len zuweisen, sodass diese heller leuchten.<\/p>\n<\/div>\n<div class=\"uncode-single-media text-center\">\n<div class=\"single-wrapper\">\n<img loading=\"lazy\" decoding=\"async\" class=\"async-done\" src=\"https:\/\/www.seaflowerstore.com\/nl\/wp-content\/uploads\/content\/hydra64HD_36x36_24in_0.5_PAR_green-uai-1032x1150.png\" alt=\"\" width=\"258\" height=\"287\" \/><\/p>\n<div class=\"uncode_text_column\">Hydra\u00ae 64HD<\/div>\n<\/div>\n<div class=\"single-wrapper\">\n<img loading=\"lazy\" decoding=\"async\" class=\"async-done\" src=\"https:\/\/www.seaflowerstore.com\/nl\/wp-content\/uploads\/content\/hydra32HD_36x36_24in_0.5_PAR-uai-1032x1150.png\" alt=\"\" width=\"258\" height=\"287\" \/><\/p>\n<div class=\"uncode_text_column\">Hydra\u00ae 32HD<\/div>\n<\/div>\n<\/div>\n<div class=\"uncode_text_column\">\n<p><strong>Abmessungen:<\/strong> 30,2 x 13,7 x 3,60 cm (11,875 x 5,375 x 1,42 Zoll)<\/p>\n<p><strong>Gewicht:<\/strong> 1,54 kg<\/p>\n<p><strong>Leistung:<\/strong> 135 W<\/p>\n<p><strong>Anzahl der LEDs:<\/strong> 64 (+ 4), pro Cluster: 4 Kaltwei\u00df, 4 Blau, 4 K\u00f6nigsblau, 1 Fotorot, 1 Gr\u00fcn, 1 Violett, 1 UV und 1 Mondlicht<\/p>\n<p><strong>Farbkan\u00e4le:<\/strong> 7 (+1)<\/p>\n<\/div>\n","protected":false},"excerpt":{"rendered":"<p>Hydra\u00a064\u00a0HD LED &#8211; black The newest members of the Hydra line from Aqua Illumination<\/p>\n","protected":false},"featured_media":82275,"template":"","meta":[],"pwb-brand":[2175],"product_cat":[1384,1383],"product_tag":[],"class_list":{"0":"post-86205","1":"product","2":"type-product","3":"status-publish","4":"has-post-thumbnail","6":"pwb-brand-aqua-illumination","7":"product_cat-led-de","8":"product_cat-aqua-illumination-de","9":"pa_show-myparcel-options-male-de","11":"first","12":"instock","13":"taxable","14":"shipping-taxable","15":"purchasable","16":"product-type-simple"},"acf":[],"brands":[{"id":2175,"name":"Aqua Illumination","slug":"aqua-illumination"}],"_links":{"self":[{"href":"https:\/\/www.seaflowerstore.com\/de\/wp-json\/wp\/v2\/product\/86205","targetHints":{"allow":["GET"]}}],"collection":[{"href":"https:\/\/www.seaflowerstore.com\/de\/wp-json\/wp\/v2\/product"}],"about":[{"href":"https:\/\/www.seaflowerstore.com\/de\/wp-json\/wp\/v2\/types\/product"}],"wp:featuredmedia":[{"embeddable":true,"href":"https:\/\/www.seaflowerstore.com\/de\/wp-json\/wp\/v2\/media\/82275"}],"wp:attachment":[{"href":"https:\/\/www.seaflowerstore.com\/de\/wp-json\/wp\/v2\/media?parent=86205"}],"wp:term":[{"taxonomy":"pwb-brand","embeddable":true,"href":"https:\/\/www.seaflowerstore.com\/de\/wp-json\/wp\/v2\/pwb-brand?post=86205"},{"taxonomy":"product_cat","embeddable":true,"href":"https:\/\/www.seaflowerstore.com\/de\/wp-json\/wp\/v2\/product_cat?post=86205"},{"taxonomy":"product_tag","embeddable":true,"href":"https:\/\/www.seaflowerstore.com\/de\/wp-json\/wp\/v2\/product_tag?post=86205"}],"curies":[{"name":"wp","href":"https:\/\/api.w.org\/{rel}","templated":true}]}}