{"id":86206,"date":"2019-10-18T14:20:30","date_gmt":"2019-10-18T12:20:30","guid":{"rendered":"https:\/\/www.seaflowerstore.com\/nl\/hydra-64hd-led-white\/"},"modified":"2024-03-19T14:59:21","modified_gmt":"2024-03-19T13:59:21","slug":"hydra-64hd-led-white","status":"publish","type":"product","link":"https:\/\/www.seaflowerstore.com\/de\/hydra-64hd-led-white\/","title":{"rendered":"Hydra\u00a064HD LED &#8211; White"},"content":{"rendered":"<h2>Hydra 64HD LED &#8211; White<\/h2>\n<p>Die neuesten Angebote der Hydra-Reihe von AquaIllumination sind die Hydra 32 und 64 HD. Diese LED-Leuchten bieten mehr Leistung und lebendige Farben und lassen sich bequem \u00fcber Ihr Smartphone steuern.<\/p>\n<p><strong>Mehr LEDs. Mehr Leistung. Mehr Farbe.<\/strong><\/p>\n<p>Mit \u00fcber 20 % mehr LEDs sind unsere Topline-Lampen deutlich heller geworden. Die Farbintensit\u00e4t wurde verbessert und bietet tiefere Blaut\u00f6ne und helleres wei\u00dfes Licht. Ihre Korallen werden wirklich hervorstechen wie nie zuvor.<\/p>\n<p><strong>Smart Reef LED<\/strong><\/p>\n<p>Mit den neuen LED-Leuchten der Hydra HD-Serie, der Hydra 32HD und der Hydra 64HD, erhalten Sie mehr von allem: mehr LEDs, mehr Farbe, mehr Leistung und ein schlankes Design. Sie werden dieselben gro\u00dfartigen Funktionen genie\u00dfen, die Sie bereits sch\u00e4tzen, wie Hyperdrive, intelligente Bedienung mit der myAI-App und eine bew\u00e4hrte Erfolgsbilanz.<\/p>\n<p><strong>Vorteile der Hydra 32HD und 64HD:<\/strong><\/p>\n<ul>\n<li>Kompatibel mit RedSea-Aquarienhalterungen<\/li>\n<li>Das Stromkabel ist jetzt an der Leuchte befestigt, wodurch die Steckerverbindung \u00fcber dem Meerwasser entf\u00e4llt<\/li>\n<li>Der Ein-\/Ausschalter befindet sich jetzt bequem an der Unterseite der Leuchte<\/li>\n<li>Die Statusleuchte ist in den Ein-\/Ausschalter integriert<\/li>\n<li>Verbesserte Lampensteuerungskomponenten, zug\u00e4nglich \u00fcber die myAI-App und Bluetooth (WLAN wird in zuk\u00fcnftigen Software-Updates aktiviert)<\/li>\n<li>Mehr LEDs pro Farbe, die effizientes und helleres Licht liefern<\/li>\n<li>Separate Mondlicht-LED f\u00fcr einen nat\u00fcrlicheren Effekt<\/li>\n<\/ul>\n<div class=\"uncode_text_column\">\n<h2>Bew\u00e4hrt Spectrum<\/h2>\n<p>Generationen erfolgreichen Korallenwachstums haben sich auf eine vertraute Farbmischung verlassen, die den Bed\u00fcrfnissen von Meerwasseraquarianern gerecht wird.<\/p>\n<\/div>\n<div class=\"uncode-single-media text-center\">\n<div class=\"single-wrapper\">\n<img loading=\"lazy\" decoding=\"async\" class=\"async-done\" src=\"https:\/\/www.seaflowerstore.com\/nl\/wp-content\/uploads\/content\/hydra32HD_spectrum_plain.png\" alt=\"\" width=\"258\" height=\"218\" \/>\n<\/div>\n<\/div>\n<div class=\"uncode_text_column\">\n<h2>Bew\u00e4hrte Leistung<\/h2>\n<p>Die Hydra-Serie kombiniert beeindruckende Wachstumskraft mit HD-Funktionalit\u00e4t und ist damit ein wahres Kraftpaket. Wenn Sie die Intensit\u00e4t einer Farbe in HD reduzieren, kann die verf\u00fcgbare Leistung umgeleitet werden, um andere Farbkan\u00e4le zu verbessern, sodass diese Kan\u00e4le noch heller leuchten.<\/p>\n<\/div>\n<div class=\"uncode-single-media text-center\">\n<div class=\"single-wrapper\">\n<img loading=\"lazy\" decoding=\"async\" class=\"async-done\" src=\"https:\/\/www.seaflowerstore.com\/nl\/wp-content\/uploads\/content\/hydra64HD_36x36_24in_0.5_PAR_green-uai-1032x1150.png\" alt=\"\" width=\"258\" height=\"287\" \/><\/p>\n<div class=\"uncode_text_column\">Hydra\u00ae 64HD<\/div>\n<\/div>\n<\/div>\n<div class=\"uncode-single-media text-center\">\n<div class=\"single-wrapper\">\n<img loading=\"lazy\" decoding=\"async\" class=\"async-done\" src=\"https:\/\/www.seaflowerstore.com\/nl\/wp-content\/uploads\/content\/hydra32HD_36x36_24in_0.5_PAR-uai-1032x1150.png\" alt=\"\" width=\"258\" height=\"287\" \/><\/p>\n<div class=\"uncode_text_column\">Hydra\u00ae 32HD<br \/>Abmessungen: 30,2 x 13,7 x 3,60 cm (11,875 x 5,375 x 1,42 Zoll)<br \/>Gewicht: 1,54 kg<br \/>Leistung: 135 W<br \/>Anzahl der LEDs: 64 (+ 4), pro Cluster: 4 kaltwei\u00df, 4 blau, 4 k\u00f6nigsblau, 1 Fotorot, 1 gr\u00fcn, 1 violett, 1 UV und 1 Mondlicht<br \/>Farbkan\u00e4le: 7 (+1)<\/div>\n<\/div>\n<\/div>\n","protected":false},"excerpt":{"rendered":"<p>Hydra\u00a064\u00a0HD LED &#8211; White The newest members of the Hydra line from Aqua Illumination<\/p>\n","protected":false},"featured_media":82272,"template":"","meta":[],"pwb-brand":[2175],"product_cat":[1384,1383],"product_tag":[],"class_list":{"0":"post-86206","1":"product","2":"type-product","3":"status-publish","4":"has-post-thumbnail","6":"pwb-brand-aqua-illumination","7":"product_cat-led-de","8":"product_cat-aqua-illumination-de","9":"pa_show-myparcel-options-male-de","11":"first","12":"instock","13":"taxable","14":"shipping-taxable","15":"purchasable","16":"product-type-simple"},"acf":[],"brands":[{"id":2175,"name":"Aqua Illumination","slug":"aqua-illumination"}],"_links":{"self":[{"href":"https:\/\/www.seaflowerstore.com\/de\/wp-json\/wp\/v2\/product\/86206","targetHints":{"allow":["GET"]}}],"collection":[{"href":"https:\/\/www.seaflowerstore.com\/de\/wp-json\/wp\/v2\/product"}],"about":[{"href":"https:\/\/www.seaflowerstore.com\/de\/wp-json\/wp\/v2\/types\/product"}],"wp:featuredmedia":[{"embeddable":true,"href":"https:\/\/www.seaflowerstore.com\/de\/wp-json\/wp\/v2\/media\/82272"}],"wp:attachment":[{"href":"https:\/\/www.seaflowerstore.com\/de\/wp-json\/wp\/v2\/media?parent=86206"}],"wp:term":[{"taxonomy":"pwb-brand","embeddable":true,"href":"https:\/\/www.seaflowerstore.com\/de\/wp-json\/wp\/v2\/pwb-brand?post=86206"},{"taxonomy":"product_cat","embeddable":true,"href":"https:\/\/www.seaflowerstore.com\/de\/wp-json\/wp\/v2\/product_cat?post=86206"},{"taxonomy":"product_tag","embeddable":true,"href":"https:\/\/www.seaflowerstore.com\/de\/wp-json\/wp\/v2\/product_tag?post=86206"}],"curies":[{"name":"wp","href":"https:\/\/api.w.org\/{rel}","templated":true}]}}