{"id":86207,"date":"2019-10-18T12:47:47","date_gmt":"2019-10-18T10:47:47","guid":{"rendered":"https:\/\/www.seaflowerstore.com\/nl\/hydra-32hd-led-white\/"},"modified":"2024-03-19T14:59:16","modified_gmt":"2024-03-19T13:59:16","slug":"hydra-32hd-led-white","status":"publish","type":"product","link":"https:\/\/www.seaflowerstore.com\/de\/hydra-32hd-led-white\/","title":{"rendered":"Hydra\u00a032HD LED &#8211; White"},"content":{"rendered":"<h2>Hydra 32HD LED &#8211; White<\/h2>\n<p>Die neuesten Erg\u00e4nzungen der Hydra-Reihe von AquaIllumination sind die Hydra 32 und Hydra 64 HD. Diese LED-Leuchten bieten nicht nur mehr Leistung und Farbe, sondern k\u00f6nnen auch \u00fcber Ihr Smartphone gesteuert werden. <strong>Mehr LEDs. Mehr Leistung. Mehr Farbe.<\/strong> Mit \u00fcber 20 % zus\u00e4tzlichen LEDs sind unsere Topline-Lampen deutlich heller geworden. Die Farbvielfalt wurde durch tiefere Blaut\u00f6ne und helleres wei\u00dfes Licht verbessert, sodass Ihre Korallen besser zur Geltung kommen als je zuvor.<\/p>\n<p><strong>Smart Reef LED<\/strong> ist das, was Sie von den neuen LED-Leuchten der Hydra HD-Serie, der Hydra 32HD und der Hydra 64HD, erwarten k\u00f6nnen. Diese Leuchten bieten mehr LEDs, lebendige Farben, mehr Leistung und ein schlankes Design. Sie finden vertraute Funktionen wie Hyperdrive, intelligente Bedienung \u00fcber die myAI-App und eine bew\u00e4hrte Leistungsbilanz.<\/p>\n<p><strong>Zu den Vorteilen der Hydra 32HD und 64HD geh\u00f6ren:<\/strong><\/p>\n<ul>\n<li>Kompatibilit\u00e4t mit RedSea-Aquarienhalterungen<\/li>\n<li>Das Stromkabel wird jetzt direkt an die Leuchte angeschlossen, wodurch die Steckverbindung \u00fcber dem Meerwasser entf\u00e4llt<\/li>\n<li>Der Ein-\/Ausschalter wurde f\u00fcr einen einfacheren Zugang an die Unterseite der Leuchte verschoben<\/li>\n<li>Statusleuchte in den Ein-\/Ausschalter integriert<\/li>\n<li>Verbesserte Lampensteuerungskomponenten, zug\u00e4nglich \u00fcber die myAi-App und Bluetooth (WiFi-Funktionalit\u00e4t wird in zuk\u00fcnftigen Software-Updates hinzugef\u00fcgt)<\/li>\n<li>Mehr LEDs pro Farbkanal, was zu effizienterer und hellerer Beleuchtung f\u00fchrt<\/li>\n<li>Separate Mondlicht-LED f\u00fcr einen nat\u00fcrlicheren Effekt<\/li>\n<\/ul>\n<h2>Bew\u00e4hrtes Spektrum<\/h2>\n<p>Erleben Sie Generationen erfolgreicher Korallenwachstum mit der neuen Hydra-Serie. Der Kern dieser Serie ist eine bew\u00e4hrte Farbmischung, die auf die Bed\u00fcrfnisse von Meerwasseraquarianern zugeschnitten ist.<\/p>\n<div class=\"uncode-single-media text-center\">\n<img loading=\"lazy\" decoding=\"async\" class=\"async-done\" src=\"https:\/\/www.seaflowerstore.com\/nl\/wp-content\/uploads\/content\/hydra32HD_spectrum_plain.png\" alt=\"\" width=\"258\" height=\"218\" \/>\n<\/div>\n<h2>Bew\u00e4hrte Leistung<\/h2>\n<p>Die Hydra-Serie kombiniert betr\u00e4chtliche Wachstumskraft mit HD-Funktionalit\u00e4t und ist damit ein Kraftpaket in Sachen Beleuchtung. Wenn Sie die Intensit\u00e4t einer Farbe in HD reduzieren, k\u00f6nnen Sie diese Leistung anderen Farbkan\u00e4len zuweisen, sodass diese Kan\u00e4le noch heller leuchten.<\/p>\n<div class=\"uncode-single-media text-center\">\n<img loading=\"lazy\" decoding=\"async\" class=\"async-done\" src=\"https:\/\/www.seaflowerstore.com\/nl\/wp-content\/uploads\/content\/hydra64HD_36x36_24in_0.5_PAR_green-uai-1032x1150.png\" alt=\"\" width=\"258\" height=\"287\" \/><\/p>\n<div>Hydra\u00ae 64HD<\/div>\n<\/div>\n<div class=\"uncode-single-media text-center\">\n<img loading=\"lazy\" decoding=\"async\" class=\"async-done\" src=\"https:\/\/www.seaflowerstore.com\/nl\/wp-content\/uploads\/content\/hydra32HD_36x36_24in_0.5_PAR-uai-1032x1150.png\" alt=\"\" width=\"258\" height=\"287\" \/><\/p>\n<div>Hydra\u00ae 32HD<\/div>\n<\/div>\n<p><strong>Abmessungen:<\/strong> 18,5 x 13,65 x 3,60 cm (7,28 x 5,375 x 1,42 Zoll)<br \/>\n<strong>Gewicht:<\/strong> 0,95 kg<br \/>\n<strong>Leistung:<\/strong> 90 W<br \/>\n<strong>Anzahl der LEDs:<\/strong> 32 (+ 2), davon 4 kaltwei\u00df, 4 blau, 4 k\u00f6nigsblau, 1 fotorot, 1 gr\u00fcn, 1 violett, 1 UV und 1 Mondlicht pro Cluster<br \/>\n<strong>Farbkan\u00e4le:<\/strong> 7 (+1)<\/p>\n","protected":false},"excerpt":{"rendered":"<p>Hydra 32HD LED &#8211; White The newest members of the Hydra line from Aqua Illumination. <strong>Bracket or hangingkit are NOT included<\/strong><\/p>\n","protected":false},"featured_media":82268,"template":"","meta":[],"pwb-brand":[2175],"product_cat":[1384,1383],"product_tag":[],"class_list":{"0":"post-86207","1":"product","2":"type-product","3":"status-publish","4":"has-post-thumbnail","6":"pwb-brand-aqua-illumination","7":"product_cat-led-de","8":"product_cat-aqua-illumination-de","9":"pa_show-myparcel-options-male-de","11":"first","12":"instock","13":"taxable","14":"shipping-taxable","15":"purchasable","16":"product-type-simple"},"acf":[],"brands":[{"id":2175,"name":"Aqua Illumination","slug":"aqua-illumination"}],"_links":{"self":[{"href":"https:\/\/www.seaflowerstore.com\/de\/wp-json\/wp\/v2\/product\/86207","targetHints":{"allow":["GET"]}}],"collection":[{"href":"https:\/\/www.seaflowerstore.com\/de\/wp-json\/wp\/v2\/product"}],"about":[{"href":"https:\/\/www.seaflowerstore.com\/de\/wp-json\/wp\/v2\/types\/product"}],"wp:featuredmedia":[{"embeddable":true,"href":"https:\/\/www.seaflowerstore.com\/de\/wp-json\/wp\/v2\/media\/82268"}],"wp:attachment":[{"href":"https:\/\/www.seaflowerstore.com\/de\/wp-json\/wp\/v2\/media?parent=86207"}],"wp:term":[{"taxonomy":"pwb-brand","embeddable":true,"href":"https:\/\/www.seaflowerstore.com\/de\/wp-json\/wp\/v2\/pwb-brand?post=86207"},{"taxonomy":"product_cat","embeddable":true,"href":"https:\/\/www.seaflowerstore.com\/de\/wp-json\/wp\/v2\/product_cat?post=86207"},{"taxonomy":"product_tag","embeddable":true,"href":"https:\/\/www.seaflowerstore.com\/de\/wp-json\/wp\/v2\/product_tag?post=86207"}],"curies":[{"name":"wp","href":"https:\/\/api.w.org\/{rel}","templated":true}]}}