{"id":86210,"date":"2019-10-10T17:28:08","date_gmt":"2019-10-10T15:28:08","guid":{"rendered":"https:\/\/www.seaflowerstore.com\/nl\/fauna-marin-srl-icp-wateranalysis\/"},"modified":"2024-03-19T14:59:07","modified_gmt":"2024-03-19T13:59:07","slug":"fauna-marin-srl-icp-wateranalysis","status":"publish","type":"product","link":"https:\/\/www.seaflowerstore.com\/de\/fauna-marin-srl-icp-wateranalysis\/","title":{"rendered":"Fauna Marin SRL ICP Wateranalysis"},"content":{"rendered":"<h2>Fauna Marin SRL ICP Wateranalysis of the most important macro- and trace elements<\/h2>\n<p><strong>EINFACH, SCHNELL UND PR\u00c4ZISE<\/strong><\/p>\n<p>Das Fauna Marin Sea Water Research Lab bietet einen grundlegenden ICP-TEST an, der einen schnellen und unkomplizierten \u00dcberblick \u00fcber 37 Wasserwerte bietet. Dieser Test deckt alles ab, von Makroelementen \u00fcber Spurenelemente bis hin zu Schadstoffen, und gibt Ihnen ein vollst\u00e4ndiges Bild sowie Empfehlungen f\u00fcr Dosierung und Ma\u00dfnahmen.<\/p>\n<p>Der Fauna Marin ICP-Test ist so konzipiert:<\/p>\n<ul>\n<li>Reinen ICP-Test<\/li>\n<li>Schnell, kosteng\u00fcnstig und hochpr\u00e4zise<\/li>\n<li>Einfache Probenentnahme und Versand<\/li>\n<li>Extrem schnelle Laboranalyse mit Hochleistungs-Atomemissionsspektrometern<\/li>\n<li>Individuelle Dosierungs- und Ma\u00dfnahmenempfehlungen f\u00fcr alle, die einen schnellen \u00dcberblick \u00fcber ihre Wasserwerte ben\u00f6tigen<\/li>\n<\/ul>\n<p><strong>Basistest f\u00fcr 37 Parameter<\/strong><\/p>\n<p>Folgende Makro- und Spurenelemente werden gemessen:<\/p>\n<ul>\n<li>Magnesium<\/li>\n<li>Calcium<\/li>\n<li>Kalium<\/li>\n<li>Strontium<\/li>\n<li>Bor<\/li>\n<li>Jod<\/li>\n<li>Schwefel<\/li>\n<li>Sulfat<\/li>\n<li>Phosphat<\/li>\n<li>Phosphor<\/li>\n<li>Silizium<\/li>\n<li>Mangan<\/li>\n<li>Lithium<\/li>\n<li>Molybd\u00e4n<\/li>\n<li>Eisen<\/li>\n<li>Brom<\/li>\n<li>Chrom<\/li>\n<li>Kobalt<\/li>\n<li>Beryllium<\/li>\n<li>Vanadium<\/li>\n<li>Zink<\/li>\n<li>Antimon<\/li>\n<li>Kupfer<\/li>\n<li>Barium<\/li>\n<li>Selen<\/li>\n<li>Cadmium<\/li>\n<li>Zinn<\/li>\n<li>Aluminium<\/li>\n<li>Titan<\/li>\n<li>Nickel<\/li>\n<li>Scandium<\/li>\n<li>Zirkonium<\/li>\n<li>Silber<\/li>\n<li>Wolfram<\/li>\n<li>Lanthan<\/li>\n<li>Arsen<\/li>\n<\/ul>\n<p>In K\u00fcrze erhalten Sie unseren umfassenden Business-Labortest mit noch mehr Wasserparametern f\u00fcr alle, die ALLES wissen wollen.<\/p>\n<p>Jedes SLR ICP-Testset enth\u00e4lt einen abziehbaren Aufkleber mit einer Probennummer, die Ihre Probe identifiziert. Diese Aufkleber werden zur einfachen Identifizierung an den Probengef\u00e4\u00dfen angebracht. Die Probennummer dient Ihnen als eindeutige Labornummer, vereinfacht R\u00fcckfragen und erm\u00f6glicht eine sichere Zuordnung Ihrer Proben.<\/p>\n<p><strong>Bezahlen Sie den Versand an das ICP-Labor in Deutschland bei Ihrer \u00f6rtlichen Postfiliale.<\/strong><\/p>\n<p>Die Ergebnisse Ihrer Proben sowie die Dosierungsempfehlungen erhalten Sie nach wenigen Tagen per E-Mail.<\/p>\n<p><strong>WICHTIG:<\/strong> Sollten Sie Fragen zu den Ergebnissen Ihrer Wasseranalyse haben, werden diese ausschlie\u00dflich im Fauna Marin FORUM beantwortet!<\/p>\n","protected":false},"excerpt":{"rendered":"<p>Fauna Marin SRL ICP Wateranalysis of the most important macro- and trace elements by the Fauna Marin Seawater Research Lab<\/p>\n","protected":false},"featured_media":82258,"template":"","meta":[],"pwb-brand":[2177],"product_cat":[1452,1437],"product_tag":[],"class_list":{"0":"post-86210","1":"product","2":"type-product","3":"status-publish","4":"has-post-thumbnail","6":"pwb-brand-fauna-marin","7":"product_cat-labortest","8":"product_cat-fauna-marin-de","9":"pa_show-myparcel-options-male-de","11":"first","12":"outofstock","13":"sale","14":"taxable","15":"shipping-taxable","16":"purchasable","17":"product-type-simple"},"acf":[],"brands":[{"id":2177,"name":"Fauna Marin","slug":"fauna-marin"}],"_links":{"self":[{"href":"https:\/\/www.seaflowerstore.com\/de\/wp-json\/wp\/v2\/product\/86210","targetHints":{"allow":["GET"]}}],"collection":[{"href":"https:\/\/www.seaflowerstore.com\/de\/wp-json\/wp\/v2\/product"}],"about":[{"href":"https:\/\/www.seaflowerstore.com\/de\/wp-json\/wp\/v2\/types\/product"}],"wp:featuredmedia":[{"embeddable":true,"href":"https:\/\/www.seaflowerstore.com\/de\/wp-json\/wp\/v2\/media\/82258"}],"wp:attachment":[{"href":"https:\/\/www.seaflowerstore.com\/de\/wp-json\/wp\/v2\/media?parent=86210"}],"wp:term":[{"taxonomy":"pwb-brand","embeddable":true,"href":"https:\/\/www.seaflowerstore.com\/de\/wp-json\/wp\/v2\/pwb-brand?post=86210"},{"taxonomy":"product_cat","embeddable":true,"href":"https:\/\/www.seaflowerstore.com\/de\/wp-json\/wp\/v2\/product_cat?post=86210"},{"taxonomy":"product_tag","embeddable":true,"href":"https:\/\/www.seaflowerstore.com\/de\/wp-json\/wp\/v2\/product_tag?post=86210"}],"curies":[{"name":"wp","href":"https:\/\/api.w.org\/{rel}","templated":true}]}}