{"id":86211,"date":"2019-10-08T17:19:26","date_gmt":"2019-10-08T15:19:26","guid":{"rendered":"https:\/\/www.seaflowerstore.com\/nl\/nyos-chromys-250ml\/"},"modified":"2025-06-26T16:12:27","modified_gmt":"2025-06-26T14:12:27","slug":"nyos-chromys-250ml","status":"publish","type":"product","link":"https:\/\/www.seaflowerstore.com\/de\/nyos-chromys-250ml\/","title":{"rendered":"NYOS Chromys &#8211; 250ml"},"content":{"rendered":"<h2>NYOS Chromys &#8211; 250ml<\/h2>\n<p>NYOS Chromys ist ein fl\u00fcssiges zoologisches Planktonkonzentrat mit Mysis relicta. Dieses Produkt ist gebrauchsfertig und enth\u00e4lt hochwertige Mysis relicta im Gr\u00f6\u00dfenbereich von 0,2 bis 20 mm. Es dient als hervorragende Nahrung f\u00fcr eine Vielzahl von Meerwasserfischen und LPS-Korallen, steigert die Vitalit\u00e4t der Meerwasserfische und f\u00f6rdert das Korallenwachstum.<\/p>\n<p><strong>Hier sind einige Vorteile der Verwendung von NYOS Chromys:<\/strong><\/p>\n<ul>\n<li>Hochwertige Rohstoffe<\/li>\n<li>Kann direkt in das Aquarium gegeben werden; kein Auftauen notwendig<\/li>\n<li>Einfache Handhabung<\/li>\n<li>Ideal f\u00fcr viele Meerwasserzierfische und LPS-Korallen<\/li>\n<\/ul>\n<p><strong>TECHNISCHE DETAILS<\/strong><\/p>\n<p><strong>INHALT:<\/strong> 250 ml (8,5 oz)<\/p>\n<p><strong>ART:<\/strong> Mysis relicta (0,2 &#8211; 20 mm)<\/p>\n<p><strong>ANWENDUNG:<\/strong> Kann direkt verf\u00fcttert werden<\/p>\n","protected":false},"excerpt":{"rendered":"<p>NYOS Chromys is a liquid zoological plankton concentrate which contains Mysis relicta.<\/p>\n","protected":false},"featured_media":82256,"template":"","meta":[],"pwb-brand":[2209],"product_cat":[1402],"product_tag":[],"class_list":{"0":"post-86211","1":"product","2":"type-product","3":"status-publish","4":"has-post-thumbnail","6":"pwb-brand-nyos","7":"product_cat-verschieden","8":"pa_show-myparcel-options-male-de","10":"first","11":"instock","12":"sale","13":"taxable","14":"shipping-taxable","15":"purchasable","16":"product-type-simple"},"acf":[],"brands":[{"id":2209,"name":"NYOS","slug":"nyos"}],"_links":{"self":[{"href":"https:\/\/www.seaflowerstore.com\/de\/wp-json\/wp\/v2\/product\/86211","targetHints":{"allow":["GET"]}}],"collection":[{"href":"https:\/\/www.seaflowerstore.com\/de\/wp-json\/wp\/v2\/product"}],"about":[{"href":"https:\/\/www.seaflowerstore.com\/de\/wp-json\/wp\/v2\/types\/product"}],"wp:featuredmedia":[{"embeddable":true,"href":"https:\/\/www.seaflowerstore.com\/de\/wp-json\/wp\/v2\/media\/82256"}],"wp:attachment":[{"href":"https:\/\/www.seaflowerstore.com\/de\/wp-json\/wp\/v2\/media?parent=86211"}],"wp:term":[{"taxonomy":"pwb-brand","embeddable":true,"href":"https:\/\/www.seaflowerstore.com\/de\/wp-json\/wp\/v2\/pwb-brand?post=86211"},{"taxonomy":"product_cat","embeddable":true,"href":"https:\/\/www.seaflowerstore.com\/de\/wp-json\/wp\/v2\/product_cat?post=86211"},{"taxonomy":"product_tag","embeddable":true,"href":"https:\/\/www.seaflowerstore.com\/de\/wp-json\/wp\/v2\/product_tag?post=86211"}],"curies":[{"name":"wp","href":"https:\/\/api.w.org\/{rel}","templated":true}]}}