{"id":86212,"date":"2019-10-08T17:19:19","date_gmt":"2019-10-08T15:19:19","guid":{"rendered":"https:\/\/www.seaflowerstore.com\/nl\/nyos-artemis-250ml\/"},"modified":"2025-06-26T16:12:28","modified_gmt":"2025-06-26T14:12:28","slug":"nyos-artemis-250ml","status":"publish","type":"product","link":"https:\/\/www.seaflowerstore.com\/de\/nyos-artemis-250ml\/","title":{"rendered":"NYOS Artemis &#8211; 250ml"},"content":{"rendered":"<h2>NYOS Artemis &#8211; 250ml<\/h2>\n<p><strong>NYOS Artemis<\/strong> ist ein fl\u00fcssiges zoologisches Planktonkonzentrat, das <strong>Artemia salina<\/strong> enth\u00e4lt. Mit NYOS ARTEMIS erhalten Sie eine praktische fl\u00fcssige Form dieses nahrhaften Planktons, die Sie direkt in Ihrem Aquarium verwenden k\u00f6nnen. Das Produkt enth\u00e4lt hochwertige <strong>Artemia salina<\/strong> in Gr\u00f6\u00dfen von 0,2 bis 20 mm und ist damit eine hervorragende Nahrungsquelle f\u00fcr eine Vielzahl von Meerwasserfischen und LPS-Korallen.<\/p>\n<p>ARTEMIS steigert nicht nur die Vitalit\u00e4t von Meerwasserfischen, sondern f\u00f6rdert auch ein schnelleres Korallenwachstum. Hier sind einige der wichtigsten Vorteile:<\/p>\n<ul>\n<li>Hochwertige Rohstoffe<\/li>\n<li>Kein Auftauen erforderlich; kann direkt ins Aquarium gegeben werden<\/li>\n<li>Einfach zu verwenden<\/li>\n<li>Perfekt f\u00fcr viele Zierfische und LPS-Korallen<\/li>\n<li>Knoblauchzugabe hilft, das Immunsystem von Meerwasserfischen zu st\u00e4rken<\/li>\n<\/ul>\n<p><strong>TECHNISCHE DETAILS<\/strong><\/p>\n<p><strong>INHALT:<\/strong> 250 ml (8,5 oz)<\/p>\n<p><strong>ART:<\/strong> Artemia salina (0,2-20 mm)<\/p>\n<p><strong>ANWENDUNG:<\/strong> Kann direkt verf\u00fcttert werden<\/p>\n","protected":false},"excerpt":{"rendered":"<p>NYOS Artemis is a liquid zoological plankton concentrate which contains Artemia salina<\/p>\n","protected":false},"featured_media":82254,"template":"","meta":[],"pwb-brand":[2209],"product_cat":[1436,1402],"product_tag":[],"class_list":{"0":"post-86212","1":"product","2":"type-product","3":"status-publish","4":"has-post-thumbnail","6":"pwb-brand-nyos","7":"product_cat-korallenfutter","8":"product_cat-verschieden","9":"pa_show-myparcel-options-male-de","11":"first","12":"instock","13":"sale","14":"taxable","15":"shipping-taxable","16":"purchasable","17":"product-type-simple"},"acf":[],"brands":[{"id":2209,"name":"NYOS","slug":"nyos"}],"_links":{"self":[{"href":"https:\/\/www.seaflowerstore.com\/de\/wp-json\/wp\/v2\/product\/86212","targetHints":{"allow":["GET"]}}],"collection":[{"href":"https:\/\/www.seaflowerstore.com\/de\/wp-json\/wp\/v2\/product"}],"about":[{"href":"https:\/\/www.seaflowerstore.com\/de\/wp-json\/wp\/v2\/types\/product"}],"wp:featuredmedia":[{"embeddable":true,"href":"https:\/\/www.seaflowerstore.com\/de\/wp-json\/wp\/v2\/media\/82254"}],"wp:attachment":[{"href":"https:\/\/www.seaflowerstore.com\/de\/wp-json\/wp\/v2\/media?parent=86212"}],"wp:term":[{"taxonomy":"pwb-brand","embeddable":true,"href":"https:\/\/www.seaflowerstore.com\/de\/wp-json\/wp\/v2\/pwb-brand?post=86212"},{"taxonomy":"product_cat","embeddable":true,"href":"https:\/\/www.seaflowerstore.com\/de\/wp-json\/wp\/v2\/product_cat?post=86212"},{"taxonomy":"product_tag","embeddable":true,"href":"https:\/\/www.seaflowerstore.com\/de\/wp-json\/wp\/v2\/product_tag?post=86212"}],"curies":[{"name":"wp","href":"https:\/\/api.w.org\/{rel}","templated":true}]}}