{"id":86217,"date":"2019-10-01T16:04:36","date_gmt":"2019-10-01T14:04:36","guid":{"rendered":"https:\/\/www.seaflowerstore.com\/nl\/aqua-medic-zeolith-10-25mm-900gr\/"},"modified":"2024-03-19T14:58:53","modified_gmt":"2024-03-19T13:58:53","slug":"aqua-medic-zeolith-10-25mm-900gr","status":"publish","type":"product","link":"https:\/\/www.seaflowerstore.com\/de\/aqua-medic-zeolith-10-25mm-900gr\/","title":{"rendered":"Aqua Medic Zeolith 10 &#8211; 25mm &#8211; 900gr"},"content":{"rendered":"<h2>Aqua Medic Zeolith 10 &#8211; 25mm &#8211; 900gr<\/h2>\n<p><strong>Zeolith<\/strong> ist ein vielseitiges Material, das sowohl in Salzwasser- als auch in S\u00fc\u00dfwasseraquarien sowie in Teichen effektiv eingesetzt werden kann. Dieses nat\u00fcrliche Zeolithgestein verf\u00fcgt \u00fcber eine hochpor\u00f6se Oberfl\u00e4che, die zur Erhaltung der Wasserqualit\u00e4t beitr\u00e4gt und das Leben im Wasser unterst\u00fctzt.<\/p>\n","protected":false},"excerpt":{"rendered":"<p>Aqua Medic Zeolith 10 &#8211; 25mm &#8211; 900gr For use in salt and freshwater aquaria and ponds.<\/p>\n","protected":false},"featured_media":82238,"template":"","meta":[],"pwb-brand":[2149],"product_cat":[1421,1537,741],"product_tag":[],"class_list":{"0":"post-86217","1":"product","2":"type-product","3":"status-publish","4":"has-post-thumbnail","6":"pwb-brand-aqua-medic","7":"product_cat-aqua-medic-de","8":"product_cat-aquarientechnik","9":"product_cat-brands","10":"pa_show-myparcel-options-male-de","12":"first","13":"instock","14":"taxable","15":"shipping-taxable","16":"purchasable","17":"product-type-simple"},"acf":[],"brands":[{"id":2149,"name":"Aqua Medic","slug":"aqua-medic"}],"_links":{"self":[{"href":"https:\/\/www.seaflowerstore.com\/de\/wp-json\/wp\/v2\/product\/86217","targetHints":{"allow":["GET"]}}],"collection":[{"href":"https:\/\/www.seaflowerstore.com\/de\/wp-json\/wp\/v2\/product"}],"about":[{"href":"https:\/\/www.seaflowerstore.com\/de\/wp-json\/wp\/v2\/types\/product"}],"wp:featuredmedia":[{"embeddable":true,"href":"https:\/\/www.seaflowerstore.com\/de\/wp-json\/wp\/v2\/media\/82238"}],"wp:attachment":[{"href":"https:\/\/www.seaflowerstore.com\/de\/wp-json\/wp\/v2\/media?parent=86217"}],"wp:term":[{"taxonomy":"pwb-brand","embeddable":true,"href":"https:\/\/www.seaflowerstore.com\/de\/wp-json\/wp\/v2\/pwb-brand?post=86217"},{"taxonomy":"product_cat","embeddable":true,"href":"https:\/\/www.seaflowerstore.com\/de\/wp-json\/wp\/v2\/product_cat?post=86217"},{"taxonomy":"product_tag","embeddable":true,"href":"https:\/\/www.seaflowerstore.com\/de\/wp-json\/wp\/v2\/product_tag?post=86217"}],"curies":[{"name":"wp","href":"https:\/\/api.w.org\/{rel}","templated":true}]}}