{"id":86226,"date":"2019-09-24T15:53:27","date_gmt":"2019-09-24T13:53:27","guid":{"rendered":"https:\/\/www.seaflowerstore.com\/nl\/coral-snow-plus\/"},"modified":"2025-01-10T00:00:03","modified_gmt":"2025-01-09T23:00:03","slug":"coral-snow-plus","status":"publish","type":"product","link":"https:\/\/www.seaflowerstore.com\/de\/coral-snow-plus\/","title":{"rendered":"Coral Snow Plus"},"content":{"rendered":"<h2>Korallen Zucht Coral Snow Plus Well-tried Problem Solver: Plus Version works also against Phosphates!<\/h2>\n<p>Coral Snow ist eine bew\u00e4hrte L\u00f6sung aus dem Hause Korallenzucht. Die <strong>Plus-Variante Coral Snow Plus reduziert Phosphate<\/strong> in Riffaquarien auf unkomplizierte und bequeme Weise effektiv und hilft, niedrige Werte ohne nennenswerte Schwankungen aufrechtzuerhalten. Dieses Produkt ist ideal f\u00fcr eine Vielzahl von Meereslebewesen, darunter Steinkorallen mit kleinen und gro\u00dfen Polypen, Weichkorallen, Muscheln und alle anderen Salzwasserlebewesen in Riffumgebungen.<\/p>\n<h4><strong>Dosierung:<\/strong><\/h4>\n<ul>\n<li>1 bis 2 Mal pro Woche: 1 ml pro 100 Liter<\/li>\n<li>Die Dosierung kann bei Bedarf erh\u00f6ht oder t\u00e4glich verabreicht werden.<\/li>\n<li>1 ml reduziert ca. 8 mg PO4.<\/li>\n<\/ul>\n<p>Die im Wasser auftretende Tr\u00fcbung ist f\u00fcr alle Fische und empfindliche Korallen v\u00f6llig harmlos.<\/p>\n","protected":false},"excerpt":{"rendered":"<p>Korallen Zucht Coral Snow Plus Well-tried Problem Solver: Plus Version works also against Phosphates!<\/p>\n","protected":false},"featured_media":82211,"template":"","meta":[],"pwb-brand":[2159],"product_cat":[1391,515],"product_tag":[],"class_list":{"0":"post-86226","1":"product","2":"type-product","3":"status-publish","4":"has-post-thumbnail","6":"pwb-brand-korallen-zucht","7":"product_cat-ergaenzungen","8":"product_cat-additives","9":"pa_content-100-ml","10":"pa_content-1000-ml","11":"pa_content-250-ml","12":"pa_content-500-ml","13":"pa_inhoud-100-ml-de","14":"pa_inhoud-1000-ml-de","15":"pa_inhoud-250-ml-de","16":"pa_inhoud-500-ml-de","17":"pa_show-myparcel-options-male-de","19":"first","20":"instock","21":"sale","22":"taxable","23":"shipping-taxable","24":"purchasable","25":"product-type-variable"},"acf":[],"brands":[{"id":2159,"name":"Korallen Zucht","slug":"korallen-zucht"}],"_links":{"self":[{"href":"https:\/\/www.seaflowerstore.com\/de\/wp-json\/wp\/v2\/product\/86226","targetHints":{"allow":["GET"]}}],"collection":[{"href":"https:\/\/www.seaflowerstore.com\/de\/wp-json\/wp\/v2\/product"}],"about":[{"href":"https:\/\/www.seaflowerstore.com\/de\/wp-json\/wp\/v2\/types\/product"}],"wp:featuredmedia":[{"embeddable":true,"href":"https:\/\/www.seaflowerstore.com\/de\/wp-json\/wp\/v2\/media\/82211"}],"wp:attachment":[{"href":"https:\/\/www.seaflowerstore.com\/de\/wp-json\/wp\/v2\/media?parent=86226"}],"wp:term":[{"taxonomy":"pwb-brand","embeddable":true,"href":"https:\/\/www.seaflowerstore.com\/de\/wp-json\/wp\/v2\/pwb-brand?post=86226"},{"taxonomy":"product_cat","embeddable":true,"href":"https:\/\/www.seaflowerstore.com\/de\/wp-json\/wp\/v2\/product_cat?post=86226"},{"taxonomy":"product_tag","embeddable":true,"href":"https:\/\/www.seaflowerstore.com\/de\/wp-json\/wp\/v2\/product_tag?post=86226"}],"curies":[{"name":"wp","href":"https:\/\/api.w.org\/{rel}","templated":true}]}}