{"id":86233,"date":"2019-09-22T11:54:55","date_gmt":"2019-09-22T09:54:55","guid":{"rendered":"https:\/\/www.seaflowerstore.com\/nl\/aqua-medic-refill-system-easy\/"},"modified":"2024-03-19T14:58:28","modified_gmt":"2024-03-19T13:58:28","slug":"aqua-medic-refill-system-easy","status":"publish","type":"product","link":"https:\/\/www.seaflowerstore.com\/de\/aqua-medic-refill-system-easy\/","title":{"rendered":"Aqua Medic Refill System easy"},"content":{"rendered":"<h2>Aqua Medic Refill System easy Easy and safe refilling of the evaporated water in the aquarium<\/h2>\n<p>Das <strong>Aqua Medic Refill System easy<\/strong> bietet eine einfache und zuverl\u00e4ssige M\u00f6glichkeit, das verdunstete Wasser in Ihrem Aquarium nachzuf\u00fcllen. Dieses automatische Nachf\u00fcllsystem, auch ATO genannt, verf\u00fcgt \u00fcber einen magnetisch-optischen Infrarotsensor, der bequem in Ihrem Aquarium, Sumpf oder biologischen Filter platziert werden kann.<\/p>\n<p>Dieser intelligente Sensor \u00fcberwacht kontinuierlich den Wasserstand. Wenn er einen Abfall erkennt, aktiviert er die angeschlossene Pumpe, um den Wasserstand wieder auf den entsprechenden Stand zu bringen. Durch die Aufrechterhaltung eines konstanten Wasserstandes arbeitet der Absch\u00e4umer effektiver und der Salzgehalt in Ihrem Meerwasseraquarium bleibt stabil.<\/p>\n<ul>\n<li>Permanente \u00dcberwachung des Wasserstandes durch Infrarotsensor mit Verz\u00f6gerungsschaltung<\/li>\n<li>Automatisches Nachf\u00fcllen von verdunstetem Aquarienwasser<\/li>\n<li>Trockenlaufschutz der F\u00fcllpumpe<\/li>\n<li>Einfache Installation und Wartung durch Steckverbindungen f\u00fcr alle Kabel<\/li>\n<li>Sensor mit Magnethalter ausgestattet<\/li>\n<li>12 V Niedervoltsystem inkl. Sicherheitstransformator (100 &#8211; 240 V \/ 50 &#8211; 60 Hz)<\/li>\n<\/ul>\n<p>Mit dem Aqua Medic Refill System easy halten Sie Ihr Aquarium mit minimalem Aufwand in optimalem Zustand. Genie\u00dfen Sie die Gewissheit, dass Ihre Wasserwelt gut gepflegt ist!<\/p>\n","protected":false},"excerpt":{"rendered":"<p>Aqua Medic Refill System easy Easy and safe refilling of the evaporated water in the aquarium<\/p>\n","protected":false},"featured_media":82193,"template":"","meta":[],"pwb-brand":[2149],"product_cat":[1421,1433],"product_tag":[],"class_list":{"0":"post-86233","1":"product","2":"type-product","3":"status-publish","4":"has-post-thumbnail","6":"pwb-brand-aqua-medic","7":"product_cat-aqua-medic-de","8":"product_cat-nachfuellsysteme","9":"pa_show-myparcel-options-male-de","11":"first","12":"outofstock","13":"taxable","14":"shipping-taxable","15":"purchasable","16":"product-type-simple"},"acf":[],"brands":[{"id":2149,"name":"Aqua Medic","slug":"aqua-medic"}],"_links":{"self":[{"href":"https:\/\/www.seaflowerstore.com\/de\/wp-json\/wp\/v2\/product\/86233","targetHints":{"allow":["GET"]}}],"collection":[{"href":"https:\/\/www.seaflowerstore.com\/de\/wp-json\/wp\/v2\/product"}],"about":[{"href":"https:\/\/www.seaflowerstore.com\/de\/wp-json\/wp\/v2\/types\/product"}],"wp:featuredmedia":[{"embeddable":true,"href":"https:\/\/www.seaflowerstore.com\/de\/wp-json\/wp\/v2\/media\/82193"}],"wp:attachment":[{"href":"https:\/\/www.seaflowerstore.com\/de\/wp-json\/wp\/v2\/media?parent=86233"}],"wp:term":[{"taxonomy":"pwb-brand","embeddable":true,"href":"https:\/\/www.seaflowerstore.com\/de\/wp-json\/wp\/v2\/pwb-brand?post=86233"},{"taxonomy":"product_cat","embeddable":true,"href":"https:\/\/www.seaflowerstore.com\/de\/wp-json\/wp\/v2\/product_cat?post=86233"},{"taxonomy":"product_tag","embeddable":true,"href":"https:\/\/www.seaflowerstore.com\/de\/wp-json\/wp\/v2\/product_tag?post=86233"}],"curies":[{"name":"wp","href":"https:\/\/api.w.org\/{rel}","templated":true}]}}