{"id":86234,"date":"2019-09-22T11:15:25","date_gmt":"2019-09-22T09:15:25","guid":{"rendered":"https:\/\/www.seaflowerstore.com\/nl\/apex-display-mount-aqua-blue\/"},"modified":"2024-03-19T14:58:26","modified_gmt":"2024-03-19T13:58:26","slug":"apex-display-mount-aqua-blue","status":"publish","type":"product","link":"https:\/\/www.seaflowerstore.com\/de\/apex-display-mount-aqua-blue\/","title":{"rendered":"Apex Display Mount Aqua Blue"},"content":{"rendered":"<h2>VCA Apex Display Mount Aqua Blue<\/h2>\n<p>Befestigen Sie Ihr Neptune APEX-Display mit Stil mit diesem APEX-Displayhalter.<\/p>\n<p><strong>Einfache Installation<\/strong><\/p>\n<p>Dieses Produkt verf\u00fcgt \u00fcber einen unkomplizierten Montageschlitz, der die Installation und Ausrichtung zum Kinderspiel macht. Das Kit enth\u00e4lt die Halterung sowie eine Befestigungsschraube.<\/p>\n<p><strong>Abmessungen<\/strong>: 1,625 \u00d7 3,5 \u00d7 3 Zoll<\/p>\n","protected":false},"excerpt":{"rendered":"<p>Mount your Neptune APEX display in style with this Aqua Blue APEX Display Holder made by Vivid Creative Aquatics<\/p>\n","protected":false},"featured_media":82190,"template":"","meta":[],"pwb-brand":[2269],"product_cat":[1537,1451],"product_tag":[],"class_list":{"0":"post-86234","1":"product","2":"type-product","3":"status-publish","4":"has-post-thumbnail","6":"pwb-brand-vca","7":"product_cat-aquarientechnik","8":"product_cat-zubehoer","9":"pa_show-myparcel-options-male-de","11":"first","12":"instock","13":"taxable","14":"shipping-taxable","15":"purchasable","16":"product-type-simple"},"acf":[],"brands":[{"id":2269,"name":"VCA","slug":"vca"}],"_links":{"self":[{"href":"https:\/\/www.seaflowerstore.com\/de\/wp-json\/wp\/v2\/product\/86234","targetHints":{"allow":["GET"]}}],"collection":[{"href":"https:\/\/www.seaflowerstore.com\/de\/wp-json\/wp\/v2\/product"}],"about":[{"href":"https:\/\/www.seaflowerstore.com\/de\/wp-json\/wp\/v2\/types\/product"}],"wp:featuredmedia":[{"embeddable":true,"href":"https:\/\/www.seaflowerstore.com\/de\/wp-json\/wp\/v2\/media\/82190"}],"wp:attachment":[{"href":"https:\/\/www.seaflowerstore.com\/de\/wp-json\/wp\/v2\/media?parent=86234"}],"wp:term":[{"taxonomy":"pwb-brand","embeddable":true,"href":"https:\/\/www.seaflowerstore.com\/de\/wp-json\/wp\/v2\/pwb-brand?post=86234"},{"taxonomy":"product_cat","embeddable":true,"href":"https:\/\/www.seaflowerstore.com\/de\/wp-json\/wp\/v2\/product_cat?post=86234"},{"taxonomy":"product_tag","embeddable":true,"href":"https:\/\/www.seaflowerstore.com\/de\/wp-json\/wp\/v2\/product_tag?post=86234"}],"curies":[{"name":"wp","href":"https:\/\/api.w.org\/{rel}","templated":true}]}}