{"id":86236,"date":"2019-09-22T11:10:50","date_gmt":"2019-09-22T11:10:50","guid":{"rendered":"https:\/\/www.seaflowerstore.com\/nl\/apex-display-mount-yuma-orange\/"},"modified":"2024-03-19T14:58:23","modified_gmt":"2024-03-19T13:58:23","slug":"apex-display-mount-yuma-orange","status":"publish","type":"product","link":"https:\/\/www.seaflowerstore.com\/de\/apex-display-mount-yuma-orange\/","title":{"rendered":"Apex Display Mount Yuma Orange"},"content":{"rendered":"<h2>VCA Apex Display Mount Yuma Orange<\/h2>\n<p>Befestigen Sie Ihr Neptune APEX-Display mit Stil mit diesem APEX-Displayhalter.<\/p>\n<p><strong>Einfache Installation<\/strong><\/p>\n<p>Dieser Halter verf\u00fcgt \u00fcber einen unkomplizierten Montageschlitz, der die Installation und Ausrichtung unglaublich einfach macht. Das Kit enth\u00e4lt sowohl die Halterung als auch eine Montageschraube f\u00fcr Ihre Bequemlichkeit.<\/p>\n<p><strong>Abmessungen<\/strong>: 1,625 \u00d7 3,5 \u00d7 3 Zoll<\/p>\n","protected":false},"excerpt":{"rendered":"<p>Mount your Neptune APEX display in style with this Yuma Orange APEX Display Holder made by Vivid Creative Aquatics<\/p>\n","protected":false},"featured_media":82184,"template":"","meta":[],"pwb-brand":[2269],"product_cat":[1408,1429],"product_tag":[],"class_list":{"0":"post-86236","1":"product","2":"type-product","3":"status-publish","4":"has-post-thumbnail","6":"pwb-brand-vca","7":"product_cat-computer-de","8":"product_cat-vivid-creative-aquatics-de","9":"pa_show-myparcel-options-male-de","11":"first","12":"instock","13":"taxable","14":"shipping-taxable","15":"purchasable","16":"product-type-simple"},"acf":[],"brands":[{"id":2269,"name":"VCA","slug":"vca"}],"_links":{"self":[{"href":"https:\/\/www.seaflowerstore.com\/de\/wp-json\/wp\/v2\/product\/86236","targetHints":{"allow":["GET"]}}],"collection":[{"href":"https:\/\/www.seaflowerstore.com\/de\/wp-json\/wp\/v2\/product"}],"about":[{"href":"https:\/\/www.seaflowerstore.com\/de\/wp-json\/wp\/v2\/types\/product"}],"wp:featuredmedia":[{"embeddable":true,"href":"https:\/\/www.seaflowerstore.com\/de\/wp-json\/wp\/v2\/media\/82184"}],"wp:attachment":[{"href":"https:\/\/www.seaflowerstore.com\/de\/wp-json\/wp\/v2\/media?parent=86236"}],"wp:term":[{"taxonomy":"pwb-brand","embeddable":true,"href":"https:\/\/www.seaflowerstore.com\/de\/wp-json\/wp\/v2\/pwb-brand?post=86236"},{"taxonomy":"product_cat","embeddable":true,"href":"https:\/\/www.seaflowerstore.com\/de\/wp-json\/wp\/v2\/product_cat?post=86236"},{"taxonomy":"product_tag","embeddable":true,"href":"https:\/\/www.seaflowerstore.com\/de\/wp-json\/wp\/v2\/product_tag?post=86236"}],"curies":[{"name":"wp","href":"https:\/\/api.w.org\/{rel}","templated":true}]}}