{"id":86238,"date":"2019-09-20T12:12:45","date_gmt":"2019-09-20T10:12:45","guid":{"rendered":"https:\/\/www.seaflowerstore.com\/nl\/vca-alv-ai-prime-light-shaping-visors\/"},"modified":"2024-03-19T14:58:17","modified_gmt":"2024-03-19T13:58:17","slug":"vca-alv-ai-prime-light-shaping-visors","status":"publish","type":"product","link":"https:\/\/www.seaflowerstore.com\/de\/vca-alv-ai-prime-light-shaping-visors\/","title":{"rendered":"VCA ALV AI Prime Light Shaping Visors"},"content":{"rendered":"<h2>VCA ALV AI Prime Light Shaping Visors<\/h2>\n<p>Das ALV ist die einfachste M\u00f6glichkeit, das Licht Ihrer AI Prime-Leuchte genau dorthin zu lenken, wo Sie es brauchen. Egal, ob Sie auf der Couch entspannen und das Licht zu hell finden oder ob Sie nahegelegene Ger\u00e4te wie Ihren Eiwei\u00dfabsch\u00e4umer oder andere Sumpfkammern beschatten m\u00fcssen, dieses Produkt ist die L\u00f6sung f\u00fcr Sie.<\/p>\n<p><strong>Einfach zu installieren<\/strong><\/p>\n<p>Sie m\u00fcssen keine \u00c4nderungen an Ihrer Leuchte vornehmen. Der Visier-Befestigungsstift passt problemlos in die kleinen Schraubenl\u00f6cher an der Unterseite der Leuchte.<\/p>\n<ul>\n<li>Formen Sie das von Ihrer AI Prime ausgestrahlte Licht<\/li>\n<li>Perfekt f\u00fcr die AI Prime Refugium-Leuchte<\/li>\n<li>Enth\u00e4lt ein Set mit zwei Visieren<\/li>\n<li>Einfache Installation \u2013 keine Werkzeuge oder \u00c4nderungen erforderlich<\/li>\n<li><strong>Kompatibel sowohl mit der neueren AI Prime HD16 als auch mit der urspr\u00fcnglichen Prime HD<\/strong><\/li>\n<\/ul>\n","protected":false},"excerpt":{"rendered":"<p>VCA ALV AI Prime Light Shaping Visors is the easiest way to direct the light from your AI Prime<\/p>\n","protected":false},"featured_media":82176,"template":"","meta":[],"pwb-brand":[2269],"product_cat":[1429,1393,1384],"product_tag":[],"class_list":{"0":"post-86238","1":"product","2":"type-product","3":"status-publish","4":"has-post-thumbnail","6":"pwb-brand-vca","7":"product_cat-vivid-creative-aquatics-de","8":"product_cat-beleuchtungszubehoer","9":"product_cat-led-de","10":"pa_show-myparcel-options-male-de","12":"first","13":"instock","14":"taxable","15":"shipping-taxable","16":"purchasable","17":"product-type-simple"},"acf":[],"brands":[{"id":2269,"name":"VCA","slug":"vca"}],"_links":{"self":[{"href":"https:\/\/www.seaflowerstore.com\/de\/wp-json\/wp\/v2\/product\/86238","targetHints":{"allow":["GET"]}}],"collection":[{"href":"https:\/\/www.seaflowerstore.com\/de\/wp-json\/wp\/v2\/product"}],"about":[{"href":"https:\/\/www.seaflowerstore.com\/de\/wp-json\/wp\/v2\/types\/product"}],"wp:featuredmedia":[{"embeddable":true,"href":"https:\/\/www.seaflowerstore.com\/de\/wp-json\/wp\/v2\/media\/82176"}],"wp:attachment":[{"href":"https:\/\/www.seaflowerstore.com\/de\/wp-json\/wp\/v2\/media?parent=86238"}],"wp:term":[{"taxonomy":"pwb-brand","embeddable":true,"href":"https:\/\/www.seaflowerstore.com\/de\/wp-json\/wp\/v2\/pwb-brand?post=86238"},{"taxonomy":"product_cat","embeddable":true,"href":"https:\/\/www.seaflowerstore.com\/de\/wp-json\/wp\/v2\/product_cat?post=86238"},{"taxonomy":"product_tag","embeddable":true,"href":"https:\/\/www.seaflowerstore.com\/de\/wp-json\/wp\/v2\/product_tag?post=86238"}],"curies":[{"name":"wp","href":"https:\/\/api.w.org\/{rel}","templated":true}]}}