{"id":86245,"date":"2019-09-13T15:07:17","date_gmt":"2019-09-13T13:07:17","guid":{"rendered":"https:\/\/www.seaflowerstore.com\/nl\/aqua-medic-wooden-airstone-mini-2pcs\/"},"modified":"2024-03-19T14:58:08","modified_gmt":"2024-03-19T13:58:08","slug":"aqua-medic-wooden-airstone-mini-2pcs","status":"publish","type":"product","link":"https:\/\/www.seaflowerstore.com\/de\/aqua-medic-wooden-airstone-mini-2pcs\/","title":{"rendered":"Aqua Medic Wooden Airstone Mini 2pcs"},"content":{"rendered":"<h2>Aqua Medic Wooden Airstone Mini 2pcs produced from lime wood with very fine pores<\/h2>\n<p>Aqua Medic Holzausstr\u00f6mersteine \u200b\u200bwerden aus Lindenholz gefertigt und weisen sehr feine Poren auf. Diese Ausstr\u00f6mersteine \u200b\u200bhaben einen geringen Druckwiderstand und erzeugen sehr feine, gleichm\u00e4\u00dfige Blasen. Um sicherzustellen, dass Ihr Absch\u00e4umer optimal funktioniert, ist es wichtig, die Blasen regelm\u00e4\u00dfig zu kontrollieren. Wir empfehlen, den Ausstr\u00f6merstein alle 6 bis 8 Wochen zu wechseln.<\/p>\n<p>Die Ausstr\u00f6mersteine \u200b\u200bsind in drei verschiedenen Gr\u00f6\u00dfen erh\u00e4ltlich:<\/p>\n<ul>\n<li><strong>Mini<\/strong> \u2013 50 mm (2 St\u00fcck), passend f\u00fcr den Miniflotor<\/li>\n<li><strong>Midi<\/strong> \u2013 65 mm (2 St\u00fcck), ideal f\u00fcr den Midiflotor<\/li>\n<li><strong>Maxi<\/strong> \u2013 88 mm (ein St\u00fcck), f\u00fcr gr\u00f6\u00dfere Absch\u00e4umer konzipiert<\/li>\n<\/ul>\n","protected":false},"excerpt":{"rendered":"<p>Aqua Medic Wooden Airstones Mini 2pcs are produced from lime wood with very fine pores<\/p>\n","protected":false},"featured_media":82160,"template":"","meta":[],"pwb-brand":[2149],"product_cat":[1421,1451,741],"product_tag":[],"class_list":{"0":"post-86245","1":"product","2":"type-product","3":"status-publish","4":"has-post-thumbnail","6":"pwb-brand-aqua-medic","7":"product_cat-aqua-medic-de","8":"product_cat-zubehoer","9":"product_cat-brands","10":"pa_show-myparcel-options-male-de","12":"first","13":"instock","14":"taxable","15":"shipping-taxable","16":"purchasable","17":"product-type-simple"},"acf":[],"brands":[{"id":2149,"name":"Aqua Medic","slug":"aqua-medic"}],"_links":{"self":[{"href":"https:\/\/www.seaflowerstore.com\/de\/wp-json\/wp\/v2\/product\/86245","targetHints":{"allow":["GET"]}}],"collection":[{"href":"https:\/\/www.seaflowerstore.com\/de\/wp-json\/wp\/v2\/product"}],"about":[{"href":"https:\/\/www.seaflowerstore.com\/de\/wp-json\/wp\/v2\/types\/product"}],"wp:featuredmedia":[{"embeddable":true,"href":"https:\/\/www.seaflowerstore.com\/de\/wp-json\/wp\/v2\/media\/82160"}],"wp:attachment":[{"href":"https:\/\/www.seaflowerstore.com\/de\/wp-json\/wp\/v2\/media?parent=86245"}],"wp:term":[{"taxonomy":"pwb-brand","embeddable":true,"href":"https:\/\/www.seaflowerstore.com\/de\/wp-json\/wp\/v2\/pwb-brand?post=86245"},{"taxonomy":"product_cat","embeddable":true,"href":"https:\/\/www.seaflowerstore.com\/de\/wp-json\/wp\/v2\/product_cat?post=86245"},{"taxonomy":"product_tag","embeddable":true,"href":"https:\/\/www.seaflowerstore.com\/de\/wp-json\/wp\/v2\/product_tag?post=86245"}],"curies":[{"name":"wp","href":"https:\/\/api.w.org\/{rel}","templated":true}]}}