{"id":86246,"date":"2019-09-13T15:02:38","date_gmt":"2019-09-13T13:02:38","guid":{"rendered":"https:\/\/www.seaflowerstore.com\/nl\/aqua-medic-wooden-airstone-midi-2pcs\/"},"modified":"2024-03-19T14:58:07","modified_gmt":"2024-03-19T13:58:07","slug":"aqua-medic-wooden-airstone-midi-2pcs","status":"publish","type":"product","link":"https:\/\/www.seaflowerstore.com\/de\/aqua-medic-wooden-airstone-midi-2pcs\/","title":{"rendered":"Aqua Medic Wooden Airstone Midi 2pcs"},"content":{"rendered":"<h2>Aqua Medic Wooden Airstone Midi 2pcs produced from lime wood with very fine pores<\/h2>\n<p>Aqua Medic Holzausstr\u00f6mersteine \u200b\u200bwerden aus Lindenholz mit sehr feinen Poren gefertigt. Diese Ausstr\u00f6mersteine \u200b\u200bbieten einen geringen Druckwiderstand und erzeugen extrem feine, gleichm\u00e4\u00dfige Blasen.<\/p>\n<p>Um sicherzustellen, dass Ihr Absch\u00e4umer optimal funktioniert, ist es wichtig, die Blasen regelm\u00e4\u00dfig zu kontrollieren. Es ist ratsam, den Ausstr\u00f6merstein alle 6 bis 8 Wochen auszutauschen.<\/p>\n<p>Die Ausstr\u00f6mersteine \u200b\u200bgibt es in drei verschiedenen Gr\u00f6\u00dfen:<\/p>\n<ul>\n<li><strong>Mini<\/strong> &#8211; 50 mm (2 St\u00fcck), passend f\u00fcr den Miniflotor<\/li>\n<li><strong>Midi<\/strong> &#8211; 65 mm (2 St\u00fcck), konzipiert f\u00fcr den Midiflotor<\/li>\n<li><strong>Maxi<\/strong> &#8211; 88 mm (ein St\u00fcck), ideal f\u00fcr gr\u00f6\u00dfere Absch\u00e4umer<\/li>\n<\/ul>\n","protected":false},"excerpt":{"rendered":"<p>Aqua Medic Wooden Airstones Midi 2pcs are produced from lime wood with very fine pores<\/p>\n","protected":false},"featured_media":82159,"template":"","meta":[],"pwb-brand":[2149],"product_cat":[1581,1421],"product_tag":[],"class_list":{"0":"post-86246","1":"product","2":"type-product","3":"status-publish","4":"has-post-thumbnail","6":"pwb-brand-aqua-medic","7":"product_cat-luftaustritt","8":"product_cat-aqua-medic-de","9":"pa_show-myparcel-options-male-de","11":"first","12":"instock","13":"taxable","14":"shipping-taxable","15":"purchasable","16":"product-type-simple"},"acf":[],"brands":[{"id":2149,"name":"Aqua Medic","slug":"aqua-medic"}],"_links":{"self":[{"href":"https:\/\/www.seaflowerstore.com\/de\/wp-json\/wp\/v2\/product\/86246","targetHints":{"allow":["GET"]}}],"collection":[{"href":"https:\/\/www.seaflowerstore.com\/de\/wp-json\/wp\/v2\/product"}],"about":[{"href":"https:\/\/www.seaflowerstore.com\/de\/wp-json\/wp\/v2\/types\/product"}],"wp:featuredmedia":[{"embeddable":true,"href":"https:\/\/www.seaflowerstore.com\/de\/wp-json\/wp\/v2\/media\/82159"}],"wp:attachment":[{"href":"https:\/\/www.seaflowerstore.com\/de\/wp-json\/wp\/v2\/media?parent=86246"}],"wp:term":[{"taxonomy":"pwb-brand","embeddable":true,"href":"https:\/\/www.seaflowerstore.com\/de\/wp-json\/wp\/v2\/pwb-brand?post=86246"},{"taxonomy":"product_cat","embeddable":true,"href":"https:\/\/www.seaflowerstore.com\/de\/wp-json\/wp\/v2\/product_cat?post=86246"},{"taxonomy":"product_tag","embeddable":true,"href":"https:\/\/www.seaflowerstore.com\/de\/wp-json\/wp\/v2\/product_tag?post=86246"}],"curies":[{"name":"wp","href":"https:\/\/api.w.org\/{rel}","templated":true}]}}