{"id":86247,"date":"2019-09-13T14:59:16","date_gmt":"2019-09-13T12:59:16","guid":{"rendered":"https:\/\/www.seaflowerstore.com\/nl\/aqua-medic-wooden-airstone-maxi\/"},"modified":"2024-03-19T14:58:06","modified_gmt":"2024-03-19T13:58:06","slug":"aqua-medic-wooden-airstone-maxi","status":"publish","type":"product","link":"https:\/\/www.seaflowerstore.com\/de\/aqua-medic-wooden-airstone-maxi\/","title":{"rendered":"Aqua Medic Wooden Airstone Maxi"},"content":{"rendered":"<h2>Aqua Medic Wooden Airstone Maxi produced from lime wood with very fine pores<\/h2>\n<p>Der Aqua Medic Wooden Airstone ist aus Lindenholz mit sehr feinen Poren gefertigt. Diese Luftsteine \u200b\u200bhaben einen geringen Druckwiderstand und produzieren sehr feine, gleichm\u00e4\u00dfige Blasen, die f\u00fcr eine optimale Leistung des Absch\u00e4umers unerl\u00e4sslich sind.<\/p>\n<p>Um sicherzustellen, dass Ihr Absch\u00e4umer optimal funktioniert, ist es wichtig, die Blasen regelm\u00e4\u00dfig zu \u00fcberwachen. Es wird empfohlen, den Luftstein alle 6 bis 8 Wochen auszutauschen.<\/p>\n<p>Die Luftsteine \u200b\u200bsind in drei Gr\u00f6\u00dfen erh\u00e4ltlich:<\/p>\n<ul>\n<li><strong>Mini<\/strong> \u2013 50 mm (2 St\u00fcck), passend f\u00fcr den Miniflotor<\/li>\n<li><strong>Midi<\/strong> \u2013 65 mm (2 St\u00fcck), konzipiert f\u00fcr den Midiflotor<\/li>\n<li><strong>Maxi<\/strong> \u2013 88 mm (ein St\u00fcck), ideal f\u00fcr gr\u00f6\u00dfere Absch\u00e4umer<\/li>\n<\/ul>\n","protected":false},"excerpt":{"rendered":"<p>Aqua Medic Wooden Airstones Maxi are produced from lime wood with very fine pores<\/p>\n","protected":false},"featured_media":82158,"template":"","meta":[],"pwb-brand":[2149],"product_cat":[1421,1581,1451,741],"product_tag":[],"class_list":{"0":"post-86247","1":"product","2":"type-product","3":"status-publish","4":"has-post-thumbnail","6":"pwb-brand-aqua-medic","7":"product_cat-aqua-medic-de","8":"product_cat-luftaustritt","9":"product_cat-zubehoer","10":"product_cat-brands","11":"pa_show-myparcel-options-male-de","13":"first","14":"instock","15":"taxable","16":"shipping-taxable","17":"purchasable","18":"product-type-simple"},"acf":[],"brands":[{"id":2149,"name":"Aqua Medic","slug":"aqua-medic"}],"_links":{"self":[{"href":"https:\/\/www.seaflowerstore.com\/de\/wp-json\/wp\/v2\/product\/86247","targetHints":{"allow":["GET"]}}],"collection":[{"href":"https:\/\/www.seaflowerstore.com\/de\/wp-json\/wp\/v2\/product"}],"about":[{"href":"https:\/\/www.seaflowerstore.com\/de\/wp-json\/wp\/v2\/types\/product"}],"wp:featuredmedia":[{"embeddable":true,"href":"https:\/\/www.seaflowerstore.com\/de\/wp-json\/wp\/v2\/media\/82158"}],"wp:attachment":[{"href":"https:\/\/www.seaflowerstore.com\/de\/wp-json\/wp\/v2\/media?parent=86247"}],"wp:term":[{"taxonomy":"pwb-brand","embeddable":true,"href":"https:\/\/www.seaflowerstore.com\/de\/wp-json\/wp\/v2\/pwb-brand?post=86247"},{"taxonomy":"product_cat","embeddable":true,"href":"https:\/\/www.seaflowerstore.com\/de\/wp-json\/wp\/v2\/product_cat?post=86247"},{"taxonomy":"product_tag","embeddable":true,"href":"https:\/\/www.seaflowerstore.com\/de\/wp-json\/wp\/v2\/product_tag?post=86247"}],"curies":[{"name":"wp","href":"https:\/\/api.w.org\/{rel}","templated":true}]}}