{"id":86248,"date":"2019-09-10T12:00:11","date_gmt":"2019-09-10T10:00:11","guid":{"rendered":"https:\/\/www.seaflowerstore.com\/nl\/diseases-in-tropical-marine-fish-new-2019-edition-dr-ir-gerald-bassleer-dutch\/"},"modified":"2024-03-19T14:58:03","modified_gmt":"2024-03-19T13:58:03","slug":"diseases-in-tropical-marine-fish-new-2019-edition-dr-ir-gerald-bassleer-dutch","status":"publish","type":"product","link":"https:\/\/www.seaflowerstore.com\/de\/diseases-in-tropical-marine-fish-new-2019-edition-dr-ir-gerald-bassleer-dutch\/","title":{"rendered":"Diseases in tropical marine fish new 2019 edition Dr. ir. Gerald Bassleer Dutch"},"content":{"rendered":"<h2>Diseases in tropical marine fish new 2019 edition Dr. ir. Gerald Bassleer Dutch<\/h2>\n<p>Dies ist ein n\u00fctzliches Buch \u00fcber Krankheiten, die tropische Meeresfische betreffen. Es enth\u00e4lt <strong>98 Fotos<\/strong> und praktische Behandlungstipps. Der Autor, Dr. Gerald Bassleer, ist ein Experte f\u00fcr Fischkrankheiten, was diese Ressource f\u00fcr jeden wertvoll macht, der sich f\u00fcr das Gebiet interessiert.<\/p>\n<p><strong>Ausgabe 2019, B\u00fccher k\u00f6nnen nicht zur\u00fcckgegeben werden.<\/strong><\/p>\n","protected":false},"excerpt":{"rendered":"<p>new version (2019) of the Book on Diseases in tropical marine fish written by Dr. Gerald Bassleer in Dutch<\/p>\n","protected":false},"featured_media":82155,"template":"","meta":[],"pwb-brand":[2225],"product_cat":[1582,1534],"product_tag":[],"class_list":{"0":"post-86248","1":"product","2":"type-product","3":"status-publish","4":"has-post-thumbnail","6":"pwb-brand-aquarium-munster","7":"product_cat-buecher","8":"product_cat-verschiedene","9":"pa_show-myparcel-options-male-de","11":"first","12":"instock","13":"taxable","14":"shipping-taxable","15":"purchasable","16":"product-type-simple"},"acf":[],"brands":[{"id":2225,"name":"Aquarium M\u00fcnster","slug":"aquarium-munster"}],"_links":{"self":[{"href":"https:\/\/www.seaflowerstore.com\/de\/wp-json\/wp\/v2\/product\/86248","targetHints":{"allow":["GET"]}}],"collection":[{"href":"https:\/\/www.seaflowerstore.com\/de\/wp-json\/wp\/v2\/product"}],"about":[{"href":"https:\/\/www.seaflowerstore.com\/de\/wp-json\/wp\/v2\/types\/product"}],"wp:featuredmedia":[{"embeddable":true,"href":"https:\/\/www.seaflowerstore.com\/de\/wp-json\/wp\/v2\/media\/82155"}],"wp:attachment":[{"href":"https:\/\/www.seaflowerstore.com\/de\/wp-json\/wp\/v2\/media?parent=86248"}],"wp:term":[{"taxonomy":"pwb-brand","embeddable":true,"href":"https:\/\/www.seaflowerstore.com\/de\/wp-json\/wp\/v2\/pwb-brand?post=86248"},{"taxonomy":"product_cat","embeddable":true,"href":"https:\/\/www.seaflowerstore.com\/de\/wp-json\/wp\/v2\/product_cat?post=86248"},{"taxonomy":"product_tag","embeddable":true,"href":"https:\/\/www.seaflowerstore.com\/de\/wp-json\/wp\/v2\/product_tag?post=86248"}],"curies":[{"name":"wp","href":"https:\/\/api.w.org\/{rel}","templated":true}]}}