{"id":86251,"date":"2019-09-08T14:01:21","date_gmt":"2019-09-08T12:01:21","guid":{"rendered":"https:\/\/www.seaflowerstore.com\/nl\/ziekten-bij-tropische-zeevissen-2013-dr-gerald-bassleer-nederlands\/"},"modified":"2024-03-19T14:57:58","modified_gmt":"2024-03-19T13:57:58","slug":"ziekten-bij-tropische-zeevissen-2013-dr-gerald-bassleer-nederlands","status":"publish","type":"product","link":"https:\/\/www.seaflowerstore.com\/de\/ziekten-bij-tropische-zeevissen-2013-dr-gerald-bassleer-nederlands\/","title":{"rendered":"Ziekten bij tropische zeevissen 2013 Dr. Gerald Bassleer Nederlands"},"content":{"rendered":"<h2> Book about Tropical Sea Fish Diseases written by Dr. Gerald Bassleer in Dutch <\/h2>\n<p> Dies ist ein praktisches Buch \u00fcber Krankheiten, die tropische Meeresfische befallen, mit 98 Fotos und n\u00fctzlichen Behandlungstipps. Der Autor ist Dr. Gerald Bassleer, ein Experte f\u00fcr Fischkrankheiten.<\/p>\n<p> <strong> Bitte beachten Sie, dass es sich um die Ausgabe von 2013 handelt. B\u00fccher k\u00f6nnen nicht zur\u00fcckgegeben werden.<\/strong> <\/p>\n","protected":false},"excerpt":{"rendered":"<p>Book about Tropical Sea Fish Diseases written by Dr. Gerald Bassleer in Dutch<\/p>\n","protected":false},"featured_media":82145,"template":"","meta":[],"pwb-brand":[2225],"product_cat":[1534],"product_tag":[],"class_list":{"0":"post-86251","1":"product","2":"type-product","3":"status-publish","4":"has-post-thumbnail","6":"pwb-brand-aquarium-munster","7":"product_cat-verschiedene","8":"pa_show-myparcel-options-male-de","10":"first","11":"instock","12":"taxable","13":"shipping-taxable","14":"purchasable","15":"product-type-simple"},"acf":[],"brands":[{"id":2225,"name":"Aquarium M\u00fcnster","slug":"aquarium-munster"}],"_links":{"self":[{"href":"https:\/\/www.seaflowerstore.com\/de\/wp-json\/wp\/v2\/product\/86251","targetHints":{"allow":["GET"]}}],"collection":[{"href":"https:\/\/www.seaflowerstore.com\/de\/wp-json\/wp\/v2\/product"}],"about":[{"href":"https:\/\/www.seaflowerstore.com\/de\/wp-json\/wp\/v2\/types\/product"}],"wp:featuredmedia":[{"embeddable":true,"href":"https:\/\/www.seaflowerstore.com\/de\/wp-json\/wp\/v2\/media\/82145"}],"wp:attachment":[{"href":"https:\/\/www.seaflowerstore.com\/de\/wp-json\/wp\/v2\/media?parent=86251"}],"wp:term":[{"taxonomy":"pwb-brand","embeddable":true,"href":"https:\/\/www.seaflowerstore.com\/de\/wp-json\/wp\/v2\/pwb-brand?post=86251"},{"taxonomy":"product_cat","embeddable":true,"href":"https:\/\/www.seaflowerstore.com\/de\/wp-json\/wp\/v2\/product_cat?post=86251"},{"taxonomy":"product_tag","embeddable":true,"href":"https:\/\/www.seaflowerstore.com\/de\/wp-json\/wp\/v2\/product_tag?post=86251"}],"curies":[{"name":"wp","href":"https:\/\/api.w.org\/{rel}","templated":true}]}}