{"id":86255,"date":"2019-09-01T21:06:48","date_gmt":"2019-09-01T19:06:48","guid":{"rendered":"https:\/\/www.seaflowerstore.com\/nl\/aquarium-muenster-aquavital-bactosprint-10-ml-0-8-g\/"},"modified":"2024-03-19T14:57:54","modified_gmt":"2024-03-19T13:57:54","slug":"aquarium-muenster-aquavital-bactosprint-10-ml-0-8-g","status":"publish","type":"product","link":"https:\/\/www.seaflowerstore.com\/de\/aquarium-muenster-aquavital-bactosprint-10-ml-0-8-g\/","title":{"rendered":"Aquarium M\u00fcnster aquavital Bactosprint 10 ml + 0.8 g"},"content":{"rendered":"<h2>Aquarium M\u00fcnster aquavital Bactosprint 10 ml + 0.8 g<\/h2>\n<p>Aquarium M\u00fcnster aquavital Bactosprint ist ein hochmodernes Produkt, das zwei Komponenten kombiniert, um eine wirksame Bakterienkultur zu schaffen und so ein optimales \u00d6kosystem mit kristallklarem, algenfreiem Wasser zu f\u00f6rdern. Die versiegelte Kapsel enth\u00e4lt eine ausgewogene Mischung aus Bakterien und Enzymen, die in inaktivem Zustand gefriergetrocknet sind, was eine lange Haltbarkeit gew\u00e4hrleistet. Durch Drehen des Verschlusses \u00f6ffnet sich die Kapsel und aktiviert die Bakterien in einer N\u00e4hrl\u00f6sung.<\/p>\n<p><strong>Aquarium M\u00fcnster aquavital Bactosprint aktiviert das \u00d6kosystem im Aquarium:<\/strong><\/p>\n<ul>\n<li>Bei der Inbetriebnahme einer neuen Anlage (Verk\u00fcrzung der \u201eEinlaufzeit\u201c des Aquariums)<\/li>\n<li>Nach Reinigung und Wechsel aller oder einzelner Filtermedien<\/li>\n<li>Nach mikrobiologischer Beeintr\u00e4chtigung durch medizinische Behandlung<\/li>\n<li>Bei Ungleichgewicht des \u00d6kosystems (Ammonium\/Ammoniak, Nitrit, Nitrat)<\/li>\n<li>Zur regelm\u00e4\u00dfigen St\u00e4rkung des \u00d6kosystems (14-t\u00e4gige Anwendung empfohlen)<\/li>\n<\/ul>\n<p>Um ein gesundes Fisch- und Pflanzenwachstum zu gew\u00e4hrleisten, muss ein Aquarium verschiedene Funktionen eines nat\u00fcrlichen \u00d6kosystems erf\u00fcllen. Filtersysteme sind unerl\u00e4sslich, um kristallklares Wasser zu erhalten und den biologischen Abbau von Abf\u00e4llen, abgestorbenem Pflanzenmaterial und Fischfutterresten zu unterst\u00fctzen. Dieser Abbau wird von unterschiedlichen Bakterienarten durchgef\u00fchrt, die mit anderen Mikroorganismen im Filter und Aquarienboden eine komplexe biologische Einheit bilden. Nur wenn f\u00fcr alle drei Abbauschritte die richtigen Mikroorganismen in ausreichender Menge vorhanden sind, ist ein biologisches Gleichgewicht gew\u00e4hrleistet. Kommt der Abbauprozess durch einen Mangel an den notwendigen Mikroorganismen ins Stocken, kann es zu einem Ungleichgewicht und erh\u00f6hten Schadstoffwerten kommen.<\/p>\n<p><strong>Anwendung und Dosierung von Aquarium M\u00fcnster aquavital Bactosprint:<\/strong><\/p>\n<p>Wir empfehlen die regelm\u00e4\u00dfige Anwendung alle zwei Wochen und bei Bedarf. Zur Aktivierung des Bakterien-\/Enzymkomplexes die Kapsel im Uhrzeigersinn drehen, um die Versiegelung aufzubrechen, und dann in die L\u00f6sung geben. Flasche kurz sch\u00fctteln und ca. 30 Minuten bei Zimmertemperatur stehen lassen. W\u00e4hrend dieser Zeit werden die Bakterien aktiviert und k\u00f6nnen entweder in den Filter oder direkt ins Aquarium gegeben werden.<\/p>\n<p><strong>Dieses Produkt reicht f\u00fcr Aquarien bis 500 Liter Inhalt.<\/strong> Es besteht keine Gefahr einer \u00dcberdosierung, daher ist es ratsam, auch in kleineren Aquarien die volle Menge zu verwenden, da die L\u00f6sung nach der Zubereitung nur eine sehr begrenzte Lebensdauer hat. Eine Tr\u00fcbung des Wassers am ersten Tag ist normal, dies ist jedoch unbedenklich und das Wasser kl\u00e4rt sich kurz darauf wieder auf.<\/p>\n","protected":false},"excerpt":{"rendered":"<p>Aquarium M\u00fcnster aquavital Bactosprint 10 ml + 0.8 g suitable for up to 500L tank water<\/p>\n","protected":false},"featured_media":82136,"template":"","meta":[],"pwb-brand":[2225],"product_cat":[1484,1492,515],"product_tag":[],"class_list":{"0":"post-86255","1":"product","2":"type-product","3":"status-publish","4":"has-post-thumbnail","6":"pwb-brand-aquarium-munster","7":"product_cat-bakterien","8":"product_cat-suesswasser","9":"product_cat-additives","10":"pa_show-myparcel-options-male-de","12":"first","13":"instock","14":"taxable","15":"shipping-taxable","16":"purchasable","17":"product-type-simple"},"acf":[],"brands":[{"id":2225,"name":"Aquarium M\u00fcnster","slug":"aquarium-munster"}],"_links":{"self":[{"href":"https:\/\/www.seaflowerstore.com\/de\/wp-json\/wp\/v2\/product\/86255","targetHints":{"allow":["GET"]}}],"collection":[{"href":"https:\/\/www.seaflowerstore.com\/de\/wp-json\/wp\/v2\/product"}],"about":[{"href":"https:\/\/www.seaflowerstore.com\/de\/wp-json\/wp\/v2\/types\/product"}],"wp:featuredmedia":[{"embeddable":true,"href":"https:\/\/www.seaflowerstore.com\/de\/wp-json\/wp\/v2\/media\/82136"}],"wp:attachment":[{"href":"https:\/\/www.seaflowerstore.com\/de\/wp-json\/wp\/v2\/media?parent=86255"}],"wp:term":[{"taxonomy":"pwb-brand","embeddable":true,"href":"https:\/\/www.seaflowerstore.com\/de\/wp-json\/wp\/v2\/pwb-brand?post=86255"},{"taxonomy":"product_cat","embeddable":true,"href":"https:\/\/www.seaflowerstore.com\/de\/wp-json\/wp\/v2\/product_cat?post=86255"},{"taxonomy":"product_tag","embeddable":true,"href":"https:\/\/www.seaflowerstore.com\/de\/wp-json\/wp\/v2\/product_tag?post=86255"}],"curies":[{"name":"wp","href":"https:\/\/api.w.org\/{rel}","templated":true}]}}