{"id":86256,"date":"2019-09-01T14:50:13","date_gmt":"2019-09-01T12:50:13","guid":{"rendered":"https:\/\/www.seaflowerstore.com\/nl\/aquaforest-cobaltum-lab-200ml\/"},"modified":"2024-03-19T14:57:53","modified_gmt":"2024-03-19T13:57:53","slug":"aquaforest-cobaltum-lab-200ml","status":"publish","type":"product","link":"https:\/\/www.seaflowerstore.com\/de\/aquaforest-cobaltum-lab-200ml\/","title":{"rendered":"Aquaforest Cobaltum Lab 200ml"},"content":{"rendered":"<h2>Aquaforest Cobaltum Lab 200ml supports the colouring of fish<\/h2>\n<p>Dieses Erg\u00e4nzungsmittel enth\u00e4lt konzentriertes Kobalt, das die Farbenpracht der Fische verbessert. Dar\u00fcber hinaus spielt Kobalt eine entscheidende Rolle beim Wachstum n\u00fctzlicher Algen, Bakterien und Tiere. Es ist f\u00fcr Stoffwechselver\u00e4nderungen unerl\u00e4sslich und ein Bestandteil von Vitamin B12.<\/p>\n<p><strong>Dosierung:<\/strong><\/p>\n<p>Durch Zugabe von 1 ml des Produkts wird der Kobaltgehalt in 100 Litern (27 US-Gallonen) Wasser um 0,0005 mg\/l (ppm) erh\u00f6ht. Der empfohlene Kobaltgehalt im Aquarienwasser liegt zwischen 0,0001 und 0,0006 mg\/l (ppm). Bitte richten Sie die Dosierung nach dem Mikroelementverbrauch. Denken Sie daran, dass jedes Aquarium einzigartig ist und die endg\u00fcltige Dosierung den Korallenbestand und die spezifischen Bed\u00fcrfnisse Ihres Aquariums ber\u00fccksichtigen sollte. Sowohl ein Mangel als auch ein \u00dcberschuss an Mikron\u00e4hrstoffen k\u00f6nnen sich auf die Aquarienbewohner auswirken. Daher ist es wichtig, die Dosierung anhand regelm\u00e4\u00dfiger Wassertests von Aquaforest Lab anzupassen.<\/p>\n<p><strong>Was ist das Besondere an diesem Produkt?<\/strong><\/p>\n<ul>\n<li>Hochkonzentriert und leicht zu dosieren<\/li>\n<li>Sicher f\u00fcr Wasserlebewesen<\/li>\n<\/ul>\n<p><strong>Gut zu wissen:<\/strong><\/p>\n<p>Der empfohlene Kobaltgehalt im Aquarienwasser betr\u00e4gt 0,0001 \u2013 0,0006 mg\/l (ppm). Bitte beachten Sie, dass dieses Produkt nur f\u00fcr die Verwendung in Salzwasseraquarien bestimmt ist.<\/p>\n","protected":false},"excerpt":{"rendered":"<p>Aquaforest Cobaltum Lab 200ml supports the colouring of fish<\/p>\n","protected":false},"featured_media":82134,"template":"","meta":[],"pwb-brand":[2199],"product_cat":[1414,1391],"product_tag":[],"class_list":{"0":"post-86256","1":"product","2":"type-product","3":"status-publish","4":"has-post-thumbnail","6":"pwb-brand-aquaforest","7":"product_cat-aquaforest-de","8":"product_cat-ergaenzungen","9":"pa_show-myparcel-options-male-de","11":"first","12":"instock","13":"sale","14":"taxable","15":"shipping-taxable","16":"purchasable","17":"product-type-simple"},"acf":[],"brands":[{"id":2199,"name":"Aquaforest","slug":"aquaforest"}],"_links":{"self":[{"href":"https:\/\/www.seaflowerstore.com\/de\/wp-json\/wp\/v2\/product\/86256","targetHints":{"allow":["GET"]}}],"collection":[{"href":"https:\/\/www.seaflowerstore.com\/de\/wp-json\/wp\/v2\/product"}],"about":[{"href":"https:\/\/www.seaflowerstore.com\/de\/wp-json\/wp\/v2\/types\/product"}],"wp:featuredmedia":[{"embeddable":true,"href":"https:\/\/www.seaflowerstore.com\/de\/wp-json\/wp\/v2\/media\/82134"}],"wp:attachment":[{"href":"https:\/\/www.seaflowerstore.com\/de\/wp-json\/wp\/v2\/media?parent=86256"}],"wp:term":[{"taxonomy":"pwb-brand","embeddable":true,"href":"https:\/\/www.seaflowerstore.com\/de\/wp-json\/wp\/v2\/pwb-brand?post=86256"},{"taxonomy":"product_cat","embeddable":true,"href":"https:\/\/www.seaflowerstore.com\/de\/wp-json\/wp\/v2\/product_cat?post=86256"},{"taxonomy":"product_tag","embeddable":true,"href":"https:\/\/www.seaflowerstore.com\/de\/wp-json\/wp\/v2\/product_tag?post=86256"}],"curies":[{"name":"wp","href":"https:\/\/api.w.org\/{rel}","templated":true}]}}