{"id":86257,"date":"2019-09-01T14:45:29","date_gmt":"2019-09-01T14:45:29","guid":{"rendered":"https:\/\/www.seaflowerstore.com\/nl\/aquaforest-molybdenum-lab-200ml\/"},"modified":"2024-03-19T14:57:52","modified_gmt":"2024-03-19T13:57:52","slug":"aquaforest-molybdenum-lab-200ml","status":"publish","type":"product","link":"https:\/\/www.seaflowerstore.com\/de\/aquaforest-molybdenum-lab-200ml\/","title":{"rendered":"Aquaforest Molybdenum Lab 200ml"},"content":{"rendered":"<h2>Aquaforest Molybdenum Lab 200ml contains concentrated molybdenum<\/h2>\n<p>Aquaforest Molybdenum Lab 200\u00a0ml ist ein Nahrungserg\u00e4nzungsmittel, das konzentriertes Molybd\u00e4n enth\u00e4lt. Dieses essentielle Element kommt auf nat\u00fcrliche Weise im Meerwasser vor und spielt eine wichtige Rolle bei mehreren Prozessen, einschlie\u00dflich der Umwandlung und Bindung von Stickstoff, der Biosynthese von Proteinen und der Produktion von Vitamin C. Ein Mangel an Molybd\u00e4n kann zu einer Verlangsamung des Wachstums f\u00fchren oder es sogar vollst\u00e4ndig stoppen.<\/p>\n<p><strong>Dosierung:<\/strong><\/p>\n<ul>\n<li>1 ml des Produkts erh\u00f6ht den Molybd\u00e4ngehalt um 0,001 mg\/l (ppm) in 100 Litern (27 US-Gallonen) Wasser.<\/li>\n<li>Der empfohlene Molybd\u00e4ngehalt im Aquarienwasser liegt zwischen 0,0045 und 0,012 mg\/l (ppm).<\/li>\n<li>Die Dosierung sollte basierend auf dem Verbrauch von Mikroelementen angepasst werden.<\/li>\n<li>Denken Sie daran, dass jedes Aquarium einzigartig ist und die endg\u00fcltige Dosierung von der Korallenart und den spezifischen Anforderungen Ihres Aquariums abh\u00e4ngt.<\/li>\n<\/ul>\n<p>Sowohl ein Mangel als auch ein \u00dcberschuss an Mikron\u00e4hrstoffen k\u00f6nnen die Gesundheit Ihrer Aquarienbewohner beeintr\u00e4chtigen. Daher ist es wichtig, die Dosierung auf der Grundlage regelm\u00e4\u00dfiger Aquaforest Lab-Wassertests auszuw\u00e4hlen und anzupassen.<\/p>\n<p><strong>Was ist das Besondere an diesem Produkt?<\/strong><\/p>\n<ul>\n<li>Hochkonzentriert und einfach zu dosieren.<\/li>\n<li>Sicher f\u00fcr Wasserlebewesen.<\/li>\n<\/ul>\n<p><strong>Gut zu wissen:<\/strong><\/p>\n<p>Der empfohlene Molybd\u00e4ngehalt im Aquarienwasser liegt zwischen 0,0045 und 0,012 mg\/l (ppm). Wir empfehlen, Ihre Dosierung auf den Ergebnissen der ICP-OES-Tests zu basieren, um optimale Ergebnisse zu erzielen.<\/p>\n","protected":false},"excerpt":{"rendered":"<p>Aquaforest Molybdenum Lab It occurs naturally in seawater and participates in the transformation and binding of nitrogen, proteins biosynthesis and the biosynthesis of vitamin C. Molybdenum deficiency results in growth slowdown or its complete inhibition.<\/p>\n","protected":false},"featured_media":82132,"template":"","meta":[],"pwb-brand":[2199],"product_cat":[1391,1414],"product_tag":[],"class_list":{"0":"post-86257","1":"product","2":"type-product","3":"status-publish","4":"has-post-thumbnail","6":"pwb-brand-aquaforest","7":"product_cat-ergaenzungen","8":"product_cat-aquaforest-de","9":"pa_show-myparcel-options-male-de","11":"first","12":"instock","13":"sale","14":"taxable","15":"shipping-taxable","16":"purchasable","17":"product-type-simple"},"acf":[],"brands":[{"id":2199,"name":"Aquaforest","slug":"aquaforest"}],"_links":{"self":[{"href":"https:\/\/www.seaflowerstore.com\/de\/wp-json\/wp\/v2\/product\/86257","targetHints":{"allow":["GET"]}}],"collection":[{"href":"https:\/\/www.seaflowerstore.com\/de\/wp-json\/wp\/v2\/product"}],"about":[{"href":"https:\/\/www.seaflowerstore.com\/de\/wp-json\/wp\/v2\/types\/product"}],"wp:featuredmedia":[{"embeddable":true,"href":"https:\/\/www.seaflowerstore.com\/de\/wp-json\/wp\/v2\/media\/82132"}],"wp:attachment":[{"href":"https:\/\/www.seaflowerstore.com\/de\/wp-json\/wp\/v2\/media?parent=86257"}],"wp:term":[{"taxonomy":"pwb-brand","embeddable":true,"href":"https:\/\/www.seaflowerstore.com\/de\/wp-json\/wp\/v2\/pwb-brand?post=86257"},{"taxonomy":"product_cat","embeddable":true,"href":"https:\/\/www.seaflowerstore.com\/de\/wp-json\/wp\/v2\/product_cat?post=86257"},{"taxonomy":"product_tag","embeddable":true,"href":"https:\/\/www.seaflowerstore.com\/de\/wp-json\/wp\/v2\/product_tag?post=86257"}],"curies":[{"name":"wp","href":"https:\/\/api.w.org\/{rel}","templated":true}]}}