{"id":86259,"date":"2019-09-01T14:29:56","date_gmt":"2019-09-01T12:29:56","guid":{"rendered":"https:\/\/www.seaflowerstore.com\/nl\/aquaforest-fluorum-lab-1l\/"},"modified":"2024-03-19T14:57:50","modified_gmt":"2024-03-19T13:57:50","slug":"aquaforest-fluorum-lab-1l","status":"publish","type":"product","link":"https:\/\/www.seaflowerstore.com\/de\/aquaforest-fluorum-lab-1l\/","title":{"rendered":"Aquaforest Fluorum Lab 1L"},"content":{"rendered":"<h2>Aquaforest Fluorum Lab 1L is one of the main micronutrients contained in seawater<\/h2>\n<p>Aquaforest Fluorum Lab ist ein Erg\u00e4nzungsmittel, das eine hochkonzentrierte Fluoridquelle bietet. Fluor ist einer der essentiellen Mikron\u00e4hrstoffe im Meerwasser. In einem geschlossenen Aquariensystem entfernen Absch\u00e4umer und Filtersysteme h\u00e4ufig Fluorablagerungen aus dem Wasser, wodurch eine Erg\u00e4nzung notwendig wird.<\/p>\n<p>Fluor spielt eine entscheidende Rolle im Verkalkungsprozess und unterst\u00fctzt das Skelettgewebe. Sowohl Natriumfluorid als auch Calciumfluorid dienen als Baustoffe f\u00fcr Korallenskelette, weshalb eine Fluoriderg\u00e4nzung in einem Riffaquarium wichtig ist. Eine richtig ausgewogene Fluoriderg\u00e4nzung kann die blaue und wei\u00dfe F\u00e4rbung von SPS-Korallen effektiv verbessern und gleichzeitig die Fluoreszenz vieler anderer Korallen hervorheben. Dar\u00fcber hinaus enth\u00e4lt dieses Produkt Spuren von Kalium und Jod.<\/p>\n<p><strong>Dosierung:<\/strong><\/p>\n<ul>\n<li>10 ml Fluorum in 100 Litern (27 US-Gallonen) Wasser erh\u00f6hen den Fluorgehalt um 0,1 mg\/l (ppm).<\/li>\n<li>Jedes Aquarium ist einzigartig und die Dosierung sollte auf die Korallenart und die individuellen Bed\u00fcrfnisse abgestimmt werden.<\/li>\n<li>Der empfohlene Fluorgehalt in einem Meerwasseraquarium liegt zwischen 1,0 und 1,5 mg\/l (ppm).<\/li>\n<li>Empfohlene Tagesdosis: 0,3 ml pro 100 Liter (27 US-Gallonen) Wasser.<\/li>\n<\/ul>\n<p>Die Dosierung muss unbedingt auf dem Mikroelementverbrauch basieren. Denken Sie daran, dass jedes Aquarium anders ist und die endg\u00fcltige Dosierung entsprechend der spezifischen Korallenbesatzung und den individuellen Aquarienbed\u00fcrfnissen angepasst werden sollte. Sowohl ein Mangel als auch ein \u00dcberschuss an Mikron\u00e4hrstoffen k\u00f6nnen die Gesundheit der Aquarienbewohner beeintr\u00e4chtigen. Daher ist es ratsam, die Dosierung auf der Grundlage regelm\u00e4\u00dfiger Wassertests von Aquaforest Lab auszuw\u00e4hlen und anzupassen.<\/p>\n<p><strong>Was ist das Besondere an diesem Produkt?<\/strong><\/p>\n<ul>\n<li>Hochkonzentriert und leicht zu dosieren.<\/li>\n<li>Sicher f\u00fcr Wasserlebewesen.<\/li>\n<\/ul>\n<p><strong>Gut zu wissen:<\/strong> Der empfohlene Fluorgehalt in einem Meerwasseraquarium liegt zwischen 1,0 und 1,5 mg\/l (ppm).<\/p>\n","protected":false},"excerpt":{"rendered":"<p>Aquaforest Fluorum Lab 1L is one of the main micronutrients contained in seawater<\/p>\n","protected":false},"featured_media":82128,"template":"","meta":[],"pwb-brand":[2199],"product_cat":[1391,1414],"product_tag":[],"class_list":{"0":"post-86259","1":"product","2":"type-product","3":"status-publish","4":"has-post-thumbnail","6":"pwb-brand-aquaforest","7":"product_cat-ergaenzungen","8":"product_cat-aquaforest-de","9":"pa_show-myparcel-options-male-de","11":"first","12":"outofstock","13":"sale","14":"taxable","15":"shipping-taxable","16":"purchasable","17":"product-type-simple"},"acf":[],"brands":[{"id":2199,"name":"Aquaforest","slug":"aquaforest"}],"_links":{"self":[{"href":"https:\/\/www.seaflowerstore.com\/de\/wp-json\/wp\/v2\/product\/86259","targetHints":{"allow":["GET"]}}],"collection":[{"href":"https:\/\/www.seaflowerstore.com\/de\/wp-json\/wp\/v2\/product"}],"about":[{"href":"https:\/\/www.seaflowerstore.com\/de\/wp-json\/wp\/v2\/types\/product"}],"wp:featuredmedia":[{"embeddable":true,"href":"https:\/\/www.seaflowerstore.com\/de\/wp-json\/wp\/v2\/media\/82128"}],"wp:attachment":[{"href":"https:\/\/www.seaflowerstore.com\/de\/wp-json\/wp\/v2\/media?parent=86259"}],"wp:term":[{"taxonomy":"pwb-brand","embeddable":true,"href":"https:\/\/www.seaflowerstore.com\/de\/wp-json\/wp\/v2\/pwb-brand?post=86259"},{"taxonomy":"product_cat","embeddable":true,"href":"https:\/\/www.seaflowerstore.com\/de\/wp-json\/wp\/v2\/product_cat?post=86259"},{"taxonomy":"product_tag","embeddable":true,"href":"https:\/\/www.seaflowerstore.com\/de\/wp-json\/wp\/v2\/product_tag?post=86259"}],"curies":[{"name":"wp","href":"https:\/\/api.w.org\/{rel}","templated":true}]}}