{"id":86269,"date":"2019-08-24T17:53:20","date_gmt":"2019-08-24T15:53:20","guid":{"rendered":"https:\/\/www.seaflowerstore.com\/nl\/aquaforest-chromium-lab-200ml\/"},"modified":"2024-03-19T14:57:38","modified_gmt":"2024-03-19T13:57:38","slug":"aquaforest-chromium-lab-200ml","status":"publish","type":"product","link":"https:\/\/www.seaflowerstore.com\/de\/aquaforest-chromium-lab-200ml\/","title":{"rendered":"Aquaforest Chromium Lab 200ml"},"content":{"rendered":"<h2>Aquaforest Chromium Lab 200ml contains concentrated chromium<\/h2>\n<p>Aquaforest Chromium Lab 200 ml enth\u00e4lt konzentriertes Chrom, eine nat\u00fcrliche Verbindung, die im Meerwasser vorkommt. In einem geschlossenen Aquariumsystem wird es von Meeresorganismen schnell verbraucht, daher ist es wichtig, es regelm\u00e4\u00dfig zu erg\u00e4nzen. Um stabile Parameter aufrechtzuerhalten, sollte die Kobaltkonzentration regelm\u00e4\u00dfig \u00fcberwacht werden.<\/p>\n<p><strong>Dosierung:<\/strong><\/p>\n<ul>\n<li>1 ml des Produkts erh\u00f6ht den Chromgehalt in 100 Litern (27 US-Gallonen) Wasser um 0,0005 mg\/l (ppm).<\/li>\n<li>Der empfohlene Chromgehalt im Aquarienwasser liegt zwischen 0,0001 und 0,0004 mg\/l (ppm).<\/li>\n<li>Die Dosierung sollte je nach Verbrauch der Mikroelemente angepasst werden.<\/li>\n<\/ul>\n<p>Denken Sie daran, dass jedes Aquarium einzigartig ist und die endg\u00fcltige Dosierung vom Korallenbestand und den spezifischen Anforderungen Ihres Aquariums abh\u00e4ngt. Sowohl ein Mangel als auch ein \u00dcberschuss an Mikron\u00e4hrstoffen k\u00f6nnen sich auf die Bewohner Ihres Aquariums auswirken. Daher ist es wichtig, die Dosierung auf der Grundlage regelm\u00e4\u00dfiger Wassertests von Aquaforest Lab auszuw\u00e4hlen und anzupassen.<\/p>\n<p><strong>Was ist das Besondere an diesem Produkt?<\/strong><\/p>\n<ul>\n<li>Hochkonzentriert und einfach zu dosieren.<\/li>\n<li>Sicher f\u00fcr Wasserlebewesen.<\/li>\n<\/ul>\n<p><strong>Gut zu wissen:<\/strong><\/p>\n<p>Der empfohlene Chromgehalt im Aquarienwasser liegt zwischen 0,2 und 0,6 \u00b5g\/l.<\/p>\n","protected":false},"excerpt":{"rendered":"<p>Aquaforest Chromium Lab 200ml contains concentrated chromium for usage in your reeftank<\/p>\n","protected":false},"featured_media":82109,"template":"","meta":[],"pwb-brand":[2199],"product_cat":[1391,1414],"product_tag":[],"class_list":{"0":"post-86269","1":"product","2":"type-product","3":"status-publish","4":"has-post-thumbnail","6":"pwb-brand-aquaforest","7":"product_cat-ergaenzungen","8":"product_cat-aquaforest-de","9":"pa_show-myparcel-options-male-de","11":"first","12":"outofstock","13":"sale","14":"taxable","15":"shipping-taxable","16":"purchasable","17":"product-type-simple"},"acf":[],"brands":[{"id":2199,"name":"Aquaforest","slug":"aquaforest"}],"_links":{"self":[{"href":"https:\/\/www.seaflowerstore.com\/de\/wp-json\/wp\/v2\/product\/86269","targetHints":{"allow":["GET"]}}],"collection":[{"href":"https:\/\/www.seaflowerstore.com\/de\/wp-json\/wp\/v2\/product"}],"about":[{"href":"https:\/\/www.seaflowerstore.com\/de\/wp-json\/wp\/v2\/types\/product"}],"wp:featuredmedia":[{"embeddable":true,"href":"https:\/\/www.seaflowerstore.com\/de\/wp-json\/wp\/v2\/media\/82109"}],"wp:attachment":[{"href":"https:\/\/www.seaflowerstore.com\/de\/wp-json\/wp\/v2\/media?parent=86269"}],"wp:term":[{"taxonomy":"pwb-brand","embeddable":true,"href":"https:\/\/www.seaflowerstore.com\/de\/wp-json\/wp\/v2\/pwb-brand?post=86269"},{"taxonomy":"product_cat","embeddable":true,"href":"https:\/\/www.seaflowerstore.com\/de\/wp-json\/wp\/v2\/product_cat?post=86269"},{"taxonomy":"product_tag","embeddable":true,"href":"https:\/\/www.seaflowerstore.com\/de\/wp-json\/wp\/v2\/product_tag?post=86269"}],"curies":[{"name":"wp","href":"https:\/\/api.w.org\/{rel}","templated":true}]}}