{"id":86270,"date":"2019-08-24T15:54:15","date_gmt":"2019-08-24T15:54:15","guid":{"rendered":"https:\/\/www.seaflowerstore.com\/nl\/aquaforest-strontium-lab-1l\/"},"modified":"2024-03-19T14:57:37","modified_gmt":"2024-03-19T13:57:37","slug":"aquaforest-strontium-lab-1l","status":"publish","type":"product","link":"https:\/\/www.seaflowerstore.com\/de\/aquaforest-strontium-lab-1l\/","title":{"rendered":"Aquaforest Strontium Lab 1L"},"content":{"rendered":"<h2>Aquaforest Strontium Lab 1L Supplement containing highly concentrated strontium and barium.<\/h2>\n<p>Aquaforest Lab Micro Elements Supplement enth\u00e4lt hochkonzentriertes Strontium und Barium. Strontium ist neben Kalzium und Magnesium eines der wichtigsten Elemente f\u00fcr das Wachstum von Steinkorallen. Es spielt eine wichtige Rolle bei der Bildung des Skelettgewebes von Steinkorallen und verbessert die Kalziumaufnahme erheblich. Dar\u00fcber hinaus unterst\u00fctzt Strontium das Wachstum von Weichkorallen.<\/p>\n<p>In einem geschlossenen Aquariensystem neigen der Absch\u00e4umer und das Filtermedium dazu, Strontiumablagerungen aus dem Wasser zu entfernen, wodurch eine Erg\u00e4nzung erforderlich wird. Um Aquarienbedingungen aufrechtzuerhalten, die denen der nat\u00fcrlichen Umgebung sehr nahe kommen, wurde dieses Pr\u00e4parat mit Barium angereichert, das auch in Meerwasser eine wichtige Rolle spielt.<\/p>\n<p>Dank seiner ausgewogenen Proportionen behebt Strontium effektiv die M\u00e4ngel von Strontium und Barium im Aquarienwasser und sorgt f\u00fcr das ideale Verh\u00e4ltnis dieser essentiellen Elemente.<\/p>\n<p><strong>Dosierung:<\/strong> 10 ml des Produkts erh\u00f6hen den Strontiumspiegel um 1 mg\/l (ppm) in 100 Litern (27 US-Gallonen) Wasser. Der empfohlene Strontiumspiegel im Aquarienwasser liegt zwischen 6,00 und 10,00 mg\/l (ppm). Die Dosierung sollte je nach Verbrauch der Mikroelemente angepasst werden. Bedenken Sie, dass jedes Aquarium einzigartig ist und die endg\u00fcltige Dosierung von der Korallenart und den individuellen Anforderungen des Aquariums abh\u00e4ngt. Sowohl ein Mangel als auch ein \u00dcberschuss an Mikron\u00e4hrstoffen k\u00f6nnen Auswirkungen auf die Aquarienbewohner haben. Daher ist es wichtig, die Dosierung auf der Grundlage regelm\u00e4\u00dfiger Wassertests von Aquaforest Lab auszuw\u00e4hlen und anzupassen.<\/p>\n<p><strong>Was ist das Besondere an diesem Produkt?<\/strong><\/p>\n<ul>\n<li>Hochkonzentriert und leicht zu dosieren<\/li>\n<li>Sicher f\u00fcr Wasserlebewesen<\/li>\n<\/ul>\n<p><strong>Gut zu wissen:<\/strong> Der empfohlene Strontiumgehalt im Aquarienwasser betr\u00e4gt 6,00 \u2013 10,00 mg\/l (ppm).<\/p>\n","protected":false},"excerpt":{"rendered":"<p>Aquaforest Strontium Lab 1L Supplement containing highly concentrated strontium and barium.<\/p>\n","protected":false},"featured_media":82107,"template":"","meta":[],"pwb-brand":[2199],"product_cat":[1391,1414],"product_tag":[],"class_list":{"0":"post-86270","1":"product","2":"type-product","3":"status-publish","4":"has-post-thumbnail","6":"pwb-brand-aquaforest","7":"product_cat-ergaenzungen","8":"product_cat-aquaforest-de","9":"pa_show-myparcel-options-male-de","11":"first","12":"instock","13":"sale","14":"taxable","15":"shipping-taxable","16":"purchasable","17":"product-type-simple"},"acf":[],"brands":[{"id":2199,"name":"Aquaforest","slug":"aquaforest"}],"_links":{"self":[{"href":"https:\/\/www.seaflowerstore.com\/de\/wp-json\/wp\/v2\/product\/86270","targetHints":{"allow":["GET"]}}],"collection":[{"href":"https:\/\/www.seaflowerstore.com\/de\/wp-json\/wp\/v2\/product"}],"about":[{"href":"https:\/\/www.seaflowerstore.com\/de\/wp-json\/wp\/v2\/types\/product"}],"wp:featuredmedia":[{"embeddable":true,"href":"https:\/\/www.seaflowerstore.com\/de\/wp-json\/wp\/v2\/media\/82107"}],"wp:attachment":[{"href":"https:\/\/www.seaflowerstore.com\/de\/wp-json\/wp\/v2\/media?parent=86270"}],"wp:term":[{"taxonomy":"pwb-brand","embeddable":true,"href":"https:\/\/www.seaflowerstore.com\/de\/wp-json\/wp\/v2\/pwb-brand?post=86270"},{"taxonomy":"product_cat","embeddable":true,"href":"https:\/\/www.seaflowerstore.com\/de\/wp-json\/wp\/v2\/product_cat?post=86270"},{"taxonomy":"product_tag","embeddable":true,"href":"https:\/\/www.seaflowerstore.com\/de\/wp-json\/wp\/v2\/product_tag?post=86270"}],"curies":[{"name":"wp","href":"https:\/\/api.w.org\/{rel}","templated":true}]}}