{"id":86278,"date":"2019-08-23T11:20:26","date_gmt":"2019-08-23T09:20:26","guid":{"rendered":"https:\/\/www.seaflowerstore.com\/nl\/api-reef-master-test-kit\/"},"modified":"2026-03-30T13:17:53","modified_gmt":"2026-03-30T11:17:53","slug":"api-reef-master-test-kit","status":"publish","type":"product","link":"https:\/\/www.seaflowerstore.com\/de\/api-reef-master-test-kit\/","title":{"rendered":"API Reef Master Test Kit"},"content":{"rendered":"<h2>API Reef Master Test Kit is an ideal set for the Reefbot<\/h2>\n<p>Das API Reef Master Test Kit ist die perfekte L\u00f6sung zur \u00dcberwachung der Gesundheit Ihres Aquariums. Es testet vier wichtige Parameter: <strong>Kalzium<\/strong>, <strong>Karbonath\u00e4rte<\/strong>, <strong>Phosphat<\/strong> und <strong>Nitrat<\/strong> und stellt so sicher, dass Ihre Riffbewohner gedeihen.<\/p>\n<p>Die Tests sind schnell, einfach und liefern genaue Ergebnisse. Das Kit enth\u00e4lt vier Glastestr\u00f6hrchen mit Schnappdeckeln sowie einen praktischen Halter zur einfachen und wiederverwendbaren Aufbewahrung. Sie erhalten au\u00dferdem eine umfassende Anleitung mit einer Farbkarte, die Ihnen hilft, unsichere Wasserbedingungen zu korrigieren.<\/p>\n<p>Wir empfehlen, sich jede Woche ein paar Minuten Zeit zu nehmen, um die Bedingungen in Ihrem Aquarium zu \u00fcberpr\u00fcfen. Diese einfache Routine kann die Unterwasserumgebung f\u00fcr Ihre Fische erheblich verbessern. Mit dem API Reef Master Test Kit war das Testen Ihres Aquarienwassers noch nie so einfach und pr\u00e4zise!<\/p>\n<ul>\n<li>Enth\u00e4lt 7 Testl\u00f6sungen<\/li>\n<li>Einfach zu verwendende Anleitung<\/li>\n<li>Testr\u00f6hrchen aus Glas<\/li>\n<li>Farbkarte enthalten<\/li>\n<\/ul>\n<p>Dieses Kit ist wirklich das perfekte Set f\u00fcr den Reefbot.<\/p>\n<p><strong>Welche Wasserparameter misst das API SALTWATER MASTER TEST KIT?<\/strong><\/p>\n<p>Das API SALTWATER MASTER TEST KIT misst <strong>pH-Wert (hoher Bereich), Ammoniak, Nitrit<\/strong> und <strong>Nitrat<\/strong>. Die regelm\u00e4\u00dfige \u00dcberwachung dieser Parameter ist entscheidend, um gesunde Wasserbedingungen in Ihrem Meerwasseraquarium aufrechtzuerhalten.<\/p>\n<p><strong>Kann ich das API SALTWATER MASTER TEST KIT f\u00fcr Riffaquarien verwenden?<\/strong><\/p>\n<p>Ja, das API SALTWATER MASTER TEST KIT kann in Riffaquarien verwendet werden. F\u00fcr optimale Ergebnisse in Riffbecken wird jedoch das <strong>API REEF MASTER TEST KIT<\/strong> empfohlen.<\/p>\n<p><strong>Was ist im SALTWATER MASTER TEST KIT enthalten?<\/strong><\/p>\n<p>Dieses Kit enth\u00e4lt:<\/p>\n<ul>\n<li>Sechs Testl\u00f6sungen<\/li>\n<li>Eine leicht verst\u00e4ndliche Anleitung<\/li>\n<li>Test-R\u00f6hrchen<\/li>\n<li>Eine Farbkarte f\u00fcr genaue Ablesungen<\/li>\n<\/ul>\n<p><strong>Wie pflege und reinige ich meine Test-R\u00f6hrchen?<\/strong><\/p>\n<p>Nach jedem Test ist es wichtig, das Test-R\u00f6hrchen sofort mit Wasser zu sp\u00fclen, damit die Reagenzien nicht an den Seiten haften und sich \u00fcber die Zeit Verf\u00e4rbungen bilden. \u00d6ffnen Sie die Kappe vorsichtig (nicht drehen) und lassen Sie Wasser durch das R\u00f6hrchen laufen, um den Inhalt gr\u00fcndlich auszusp\u00fclen. Vermeiden Sie den Kontakt zwischen dem Inhalt und Ihrer Haut.<\/p>\n<p>Sollte eine Verf\u00e4rbung auftreten, weil ein Reagenz \u00fcber einen l\u00e4ngeren Zeitraum im Test-R\u00f6hrchen verblieben ist, k\u00f6nnen Sie das Innere mit einer kleinen Flaschenb\u00fcrste und etwas <strong>API Safe &amp; Easy<\/strong> Reinigungsspray sanft reinigen. Verwenden Sie kein Seifenmittel, da Seifenr\u00fcckst\u00e4nde beim erneuten Gebrauch des R\u00f6hrchens ins Aquarium gelangen k\u00f6nnten und den Fischen schaden k\u00f6nnten.<\/p>\n<p><strong>Wie kr\u00e4ftig soll ich das Test-R\u00f6hrchen w\u00e4hrend des Tests sch\u00fctteln?<\/strong><\/p>\n<p>Sch\u00fctteln Sie die Reagenzflaschen gem\u00e4\u00df den Anweisungen kr\u00e4ftig, die Test-R\u00f6hrchen jedoch etwas sanfter. Stellen Sie sicher, dass die Kappe fest verschlossen ist, und halten Sie diese zus\u00e4tzlich mit dem Daumen oder Finger fest, um ein versehentliches \u00d6ffnen zu vermeiden. Schwenken Sie das Test-R\u00f6hrchen dann f\u00fcr die angegebene Zeit alle 1-2 Sekunden sanft hin und her, um den Inhalt gleichm\u00e4\u00dfig zu vermischen, ohne Versch\u00fcttungsrisiko.<\/p>\n","protected":false},"excerpt":{"rendered":"<p>API Reef Master Test Kit is suitable for the Reefbot<\/p>\n","protected":false},"featured_media":82090,"template":"","meta":[],"pwb-brand":[2283],"product_cat":[1400],"product_tag":[],"class_list":{"0":"post-86278","1":"product","2":"type-product","3":"status-publish","4":"has-post-thumbnail","6":"pwb-brand-api","7":"product_cat-tester","8":"pa_show-myparcel-options-male-de","10":"first","11":"instock","12":"taxable","13":"shipping-taxable","14":"purchasable","15":"product-type-simple"},"acf":[],"brands":[{"id":2283,"name":"API","slug":"api"}],"_links":{"self":[{"href":"https:\/\/www.seaflowerstore.com\/de\/wp-json\/wp\/v2\/product\/86278","targetHints":{"allow":["GET"]}}],"collection":[{"href":"https:\/\/www.seaflowerstore.com\/de\/wp-json\/wp\/v2\/product"}],"about":[{"href":"https:\/\/www.seaflowerstore.com\/de\/wp-json\/wp\/v2\/types\/product"}],"wp:featuredmedia":[{"embeddable":true,"href":"https:\/\/www.seaflowerstore.com\/de\/wp-json\/wp\/v2\/media\/82090"}],"wp:attachment":[{"href":"https:\/\/www.seaflowerstore.com\/de\/wp-json\/wp\/v2\/media?parent=86278"}],"wp:term":[{"taxonomy":"pwb-brand","embeddable":true,"href":"https:\/\/www.seaflowerstore.com\/de\/wp-json\/wp\/v2\/pwb-brand?post=86278"},{"taxonomy":"product_cat","embeddable":true,"href":"https:\/\/www.seaflowerstore.com\/de\/wp-json\/wp\/v2\/product_cat?post=86278"},{"taxonomy":"product_tag","embeddable":true,"href":"https:\/\/www.seaflowerstore.com\/de\/wp-json\/wp\/v2\/product_tag?post=86278"}],"curies":[{"name":"wp","href":"https:\/\/api.w.org\/{rel}","templated":true}]}}