{"id":86279,"date":"2019-08-22T16:24:08","date_gmt":"2019-08-22T14:24:08","guid":{"rendered":"https:\/\/www.seaflowerstore.com\/nl\/api-nitrate-test-kit\/"},"modified":"2026-02-01T14:03:12","modified_gmt":"2026-02-01T13:03:12","slug":"api-nitrate-test-kit","status":"publish","type":"product","link":"https:\/\/www.seaflowerstore.com\/de\/api-nitrate-test-kit\/","title":{"rendered":"API Nitrate Test Kit"},"content":{"rendered":"<h2>API Nitrate Test Kit<\/h2>\n<p>Hohe Nitratwerte in Ihrem Aquarium k\u00f6nnen auf eine Ansammlung von Fischabf\u00e4llen und organischen Materialien hinweisen, was zu schlechter Wasserqualit\u00e4t und verst\u00e4rktem Algenwachstum f\u00fchrt. Andererseits verbessert ein niedriger Nitratgehalt die Gesundheit von Fischen und Wirbellosen.<\/p>\n<p>Mit dem API Nitrat-Testkit k\u00f6nnen Sie ganz einfach \u00fcberpr\u00fcfen, ob die Nitratwerte in Ihrem Aquarium sicher und vorteilhaft f\u00fcr Ihre Fische sind. Dieses Kit misst Nitratwerte von 0 bis 160 ppm und enth\u00e4lt:<\/p>\n<ul>\n<li>2 Flaschen fl\u00fcssiges Testreagenz<\/li>\n<li>2 Farbkarten zum einfachen Vergleich<\/li>\n<li>1 Glastestr\u00f6hrchen mit Schnappverschluss<\/li>\n<li>Schritt-f\u00fcr-Schritt-Anleitung zur Behebung unsicherer Bedingungen<\/li>\n<\/ul>\n<p>Dieses Kit ist sowohl f\u00fcr S\u00fc\u00df- als auch f\u00fcr Salzwasseraquarien geeignet. Wir empfehlen, dass Sie sich jede Woche ein paar Minuten Zeit nehmen, um die Bedingungen in Ihrem Aquarium zu \u00fcberpr\u00fcfen und eine bessere Unterwasserumgebung f\u00fcr Ihre Fische zu schaffen. Das Testen Ihres Aquarienwassers war noch nie so einfach!<\/p>\n<p>Dieses Kit enth\u00e4lt 90 Tests und wird mit zwei Testl\u00f6sungen, leicht verst\u00e4ndlichen Anweisungen, einem Glastestr\u00f6hrchen und einer Farbkarte geliefert.<\/p>\n<p><strong>Das API-Nitrattestkit ist mit dem Reefbot kompatibel, wenn es im Focustronic Mastertronic verwendet wird; ein gro\u00dfer Magnetr\u00fchrer ist erforderlich (siehe unten bei diesem Produkt).<\/strong><\/p>\n","protected":false},"excerpt":{"rendered":"<p>API Nitrate Test Kit is suitable for the Reefbot<\/p>\n","protected":false},"featured_media":82086,"template":"","meta":[],"pwb-brand":[2283],"product_cat":[1400,1446],"product_tag":[],"class_list":{"0":"post-86279","1":"product","2":"type-product","3":"status-publish","4":"has-post-thumbnail","6":"pwb-brand-api","7":"product_cat-tester","8":"product_cat-testers-de","9":"pa_show-myparcel-options-male-de","11":"first","12":"instock","13":"taxable","14":"shipping-taxable","15":"purchasable","16":"product-type-simple"},"acf":[],"brands":[{"id":2283,"name":"API","slug":"api"}],"_links":{"self":[{"href":"https:\/\/www.seaflowerstore.com\/de\/wp-json\/wp\/v2\/product\/86279","targetHints":{"allow":["GET"]}}],"collection":[{"href":"https:\/\/www.seaflowerstore.com\/de\/wp-json\/wp\/v2\/product"}],"about":[{"href":"https:\/\/www.seaflowerstore.com\/de\/wp-json\/wp\/v2\/types\/product"}],"wp:featuredmedia":[{"embeddable":true,"href":"https:\/\/www.seaflowerstore.com\/de\/wp-json\/wp\/v2\/media\/82086"}],"wp:attachment":[{"href":"https:\/\/www.seaflowerstore.com\/de\/wp-json\/wp\/v2\/media?parent=86279"}],"wp:term":[{"taxonomy":"pwb-brand","embeddable":true,"href":"https:\/\/www.seaflowerstore.com\/de\/wp-json\/wp\/v2\/pwb-brand?post=86279"},{"taxonomy":"product_cat","embeddable":true,"href":"https:\/\/www.seaflowerstore.com\/de\/wp-json\/wp\/v2\/product_cat?post=86279"},{"taxonomy":"product_tag","embeddable":true,"href":"https:\/\/www.seaflowerstore.com\/de\/wp-json\/wp\/v2\/product_tag?post=86279"}],"curies":[{"name":"wp","href":"https:\/\/api.w.org\/{rel}","templated":true}]}}