{"id":86281,"date":"2019-08-22T15:55:24","date_gmt":"2019-08-22T13:55:24","guid":{"rendered":"https:\/\/www.seaflowerstore.com\/nl\/api-phosphate-test-kit\/"},"modified":"2026-03-04T13:42:58","modified_gmt":"2026-03-04T12:42:58","slug":"api-phosphate-test-kit","status":"publish","type":"product","link":"https:\/\/www.seaflowerstore.com\/de\/api-phosphate-test-kit\/","title":{"rendered":"API Phosphate test kit"},"content":{"rendered":"<h2>API Phosphate test kit<\/h2>\n<p>Phosphat kann \u00fcber verschiedene Quellen in Ihr Aquarium gelangen, beispielsweise \u00fcber Leitungswasser, Fischabf\u00e4lle und verrottende organische Stoffe wie nicht gefressenes Futter und tote Algen. Zu viel Phosphat kann zu unsch\u00f6nem Algenwachstum und Gr\u00fcnf\u00e4rbung des Wassers f\u00fchren. In Salzwasserumgebungen k\u00f6nnen hohe Phosphatwerte das Wachstum von Steinkorallen sogar behindern.<\/p>\n<p>Mit dem API\u00ae Phosphate Test Kit k\u00f6nnen Sie Phosphatwerte im Bereich von 0 bis 10 ppm testen, sodass Sie den Zustand Ihres Aquarienwassers ganz einfach im Auge behalten k\u00f6nnen. Dieses Kit ist sowohl f\u00fcr S\u00fc\u00df- als auch f\u00fcr Salzwasseraquarien geeignet.<\/p>\n<p>Wir empfehlen, sich jede Woche ein paar Minuten Zeit zu nehmen, um den Zustand Ihres Aquariums zu \u00fcberpr\u00fcfen. Auf diese Weise k\u00f6nnen Sie eine ges\u00fcndere Unterwasserwelt f\u00fcr Ihre Fische schaffen. Das Testen Ihres Aquarienwassers war noch nie so einfach und pr\u00e4zise!<\/p>\n<p>Dieses Kit enth\u00e4lt 150 Tests und wird mit 2 Testl\u00f6sungen, leicht verst\u00e4ndlichen Anweisungen, einem Glastestr\u00f6hrchen und 2 Farbkarten geliefert.<\/p>\n<p><strong>Das API-Phosphat-Testkit ist f\u00fcr den Reefbot geeignet.<\/strong><\/p>\n","protected":false},"excerpt":{"rendered":"<p>API Phosphate test kit is suitable for the Reefbot<\/p>\n","protected":false},"featured_media":82079,"template":"","meta":[],"pwb-brand":[2283],"product_cat":[1400,1446],"product_tag":[],"class_list":{"0":"post-86281","1":"product","2":"type-product","3":"status-publish","4":"has-post-thumbnail","6":"pwb-brand-api","7":"product_cat-tester","8":"product_cat-testers-de","9":"pa_show-myparcel-options-male-de","11":"first","12":"instock","13":"sale","14":"taxable","15":"shipping-taxable","16":"purchasable","17":"product-type-simple"},"acf":[],"brands":[{"id":2283,"name":"API","slug":"api"}],"_links":{"self":[{"href":"https:\/\/www.seaflowerstore.com\/de\/wp-json\/wp\/v2\/product\/86281","targetHints":{"allow":["GET"]}}],"collection":[{"href":"https:\/\/www.seaflowerstore.com\/de\/wp-json\/wp\/v2\/product"}],"about":[{"href":"https:\/\/www.seaflowerstore.com\/de\/wp-json\/wp\/v2\/types\/product"}],"wp:featuredmedia":[{"embeddable":true,"href":"https:\/\/www.seaflowerstore.com\/de\/wp-json\/wp\/v2\/media\/82079"}],"wp:attachment":[{"href":"https:\/\/www.seaflowerstore.com\/de\/wp-json\/wp\/v2\/media?parent=86281"}],"wp:term":[{"taxonomy":"pwb-brand","embeddable":true,"href":"https:\/\/www.seaflowerstore.com\/de\/wp-json\/wp\/v2\/pwb-brand?post=86281"},{"taxonomy":"product_cat","embeddable":true,"href":"https:\/\/www.seaflowerstore.com\/de\/wp-json\/wp\/v2\/product_cat?post=86281"},{"taxonomy":"product_tag","embeddable":true,"href":"https:\/\/www.seaflowerstore.com\/de\/wp-json\/wp\/v2\/product_tag?post=86281"}],"curies":[{"name":"wp","href":"https:\/\/api.w.org\/{rel}","templated":true}]}}