{"id":86282,"date":"2019-08-22T15:41:30","date_gmt":"2019-08-22T13:41:30","guid":{"rendered":"https:\/\/www.seaflowerstore.com\/nl\/api-kh-carbonate-hardness-test-kit\/"},"modified":"2025-08-04T21:46:47","modified_gmt":"2025-08-04T19:46:47","slug":"api-kh-carbonate-hardness-test-kit","status":"publish","type":"product","link":"https:\/\/www.seaflowerstore.com\/de\/api-kh-carbonate-hardness-test-kit\/","title":{"rendered":"API KH Carbonate hardness Test kit"},"content":{"rendered":"<h2>API KH Carbonate hardness Test kit<\/h2>\n<p>Das API KH Karbonath\u00e4rte-Testkit ist f\u00fcr <strong>S\u00fc\u00df- oder Salzwasseraquarien<\/strong> konzipiert und erm\u00f6glicht Ihnen, die Karbonath\u00e4rte (KH) zu testen. Dies ist ein wichtiges Werkzeug zur \u00dcberwachung der Wasserqualit\u00e4t und zur Vermeidung versteckter Probleme, die sich negativ auf Ihre Fische und Pflanzen auswirken k\u00f6nnten.<\/p>\n<p>Die Aufrechterhaltung der Karbonath\u00e4rte ist entscheidend, da sie zur Stabilisierung des pH-Werts in Ihrem Aquarium beitr\u00e4gt. Dar\u00fcber hinaus hilft sie bei der Bestimmung der geeigneten Dosierung von pH-Puffer. Wir empfehlen, sich jede Woche ein paar Minuten Zeit zu nehmen, um die Bedingungen in Ihrem Aquarium zu \u00fcberpr\u00fcfen; dies kann die Unterwasserumgebung f\u00fcr Ihre Fische erheblich verbessern.<\/p>\n<p>Das Testen Ihres Aquarienwassers war noch nie so einfach und pr\u00e4zise!<\/p>\n<p><strong>Enth\u00e4lt:<\/strong><\/p>\n<ul>\n<li>1 Testflasche<\/li>\n<li>Einfach verst\u00e4ndliche Anleitung<\/li>\n<li>Glastestr\u00f6hrchen<\/li>\n<li>Farbkarte<\/li>\n<\/ul>\n","protected":false},"excerpt":{"rendered":"<p>API KH Carbonate hardness Test kit is suitable for the Reefbot<\/p>\n","protected":false},"featured_media":82076,"template":"","meta":[],"pwb-brand":[2283],"product_cat":[1400,1446],"product_tag":[],"class_list":{"0":"post-86282","1":"product","2":"type-product","3":"status-publish","4":"has-post-thumbnail","6":"pwb-brand-api","7":"product_cat-tester","8":"product_cat-testers-de","9":"pa_show-myparcel-options-male-de","11":"first","12":"instock","13":"sale","14":"taxable","15":"shipping-taxable","16":"purchasable","17":"product-type-simple"},"acf":[],"brands":[{"id":2283,"name":"API","slug":"api"}],"_links":{"self":[{"href":"https:\/\/www.seaflowerstore.com\/de\/wp-json\/wp\/v2\/product\/86282","targetHints":{"allow":["GET"]}}],"collection":[{"href":"https:\/\/www.seaflowerstore.com\/de\/wp-json\/wp\/v2\/product"}],"about":[{"href":"https:\/\/www.seaflowerstore.com\/de\/wp-json\/wp\/v2\/types\/product"}],"wp:featuredmedia":[{"embeddable":true,"href":"https:\/\/www.seaflowerstore.com\/de\/wp-json\/wp\/v2\/media\/82076"}],"wp:attachment":[{"href":"https:\/\/www.seaflowerstore.com\/de\/wp-json\/wp\/v2\/media?parent=86282"}],"wp:term":[{"taxonomy":"pwb-brand","embeddable":true,"href":"https:\/\/www.seaflowerstore.com\/de\/wp-json\/wp\/v2\/pwb-brand?post=86282"},{"taxonomy":"product_cat","embeddable":true,"href":"https:\/\/www.seaflowerstore.com\/de\/wp-json\/wp\/v2\/product_cat?post=86282"},{"taxonomy":"product_tag","embeddable":true,"href":"https:\/\/www.seaflowerstore.com\/de\/wp-json\/wp\/v2\/product_tag?post=86282"}],"curies":[{"name":"wp","href":"https:\/\/api.w.org\/{rel}","templated":true}]}}