{"id":86283,"date":"2019-08-21T16:21:59","date_gmt":"2019-08-21T14:21:59","guid":{"rendered":"https:\/\/www.seaflowerstore.com\/nl\/api-calcium-test-kit\/"},"modified":"2026-04-13T23:15:46","modified_gmt":"2026-04-13T21:15:46","slug":"api-calcium-test-kit","status":"publish","type":"product","link":"https:\/\/www.seaflowerstore.com\/de\/api-calcium-test-kit\/","title":{"rendered":"API Calcium Test Kit"},"content":{"rendered":"<h2>API Calcium Test Kit (new batch, no issues with Mastertronic)<\/h2>\n<p>Kalzium ist eines der wichtigsten Elemente in einem Riffaquarium. Wirbellose Rifftiere wie Korallen, Krebstiere, Weichtiere und bestimmte Arten von Krustenalgen ben\u00f6tigen Kalzium, um zu wachsen und zu gedeihen. Mit der Zeit kann der Kalziumspiegel aufgrund des Verbrauchs durch Wirbellose oder aufgrund von Reaktionen mit \u00fcbersch\u00fcssigem Phosphat sinken.<\/p>\n<p>Das <strong>API Calcium Test Kit<\/strong> misst Kalziumwerte von nur 20 mg\/l und erm\u00f6glicht Ihnen so, eine gesunde Umgebung f\u00fcr Ihre Riffbewohner aufrechtzuerhalten. Die Genauigkeit des API Calcium Kits betr\u00e4gt 20 mg\/l (ppm).<\/p>\n<p><strong>GR\u00d6SSE:<\/strong> Das Kit enth\u00e4lt zwei Testflaschen, leicht verst\u00e4ndliche Anweisungen und ein Reagenzglas aus Glas.<\/p>\n<p>Wir empfehlen, sich jede Woche ein paar Minuten Zeit zu nehmen, um die Bedingungen in Ihrem Aquarium zu \u00fcberwachen. Diese Vorgehensweise hilft Ihnen, eine bessere Unterwasserwelt f\u00fcr Ihre Fische zu schaffen.<\/p>\n","protected":false},"excerpt":{"rendered":"<p>API Calcium Test Kit is suitable for the Reefbot and MasterTronic<\/p>\n","protected":false},"featured_media":82072,"template":"","meta":[],"pwb-brand":[2283],"product_cat":[1400],"product_tag":[],"class_list":{"0":"post-86283","1":"product","2":"type-product","3":"status-publish","4":"has-post-thumbnail","6":"pwb-brand-api","7":"product_cat-tester","8":"pa_show-myparcel-options-male-de","10":"first","11":"instock","12":"taxable","13":"shipping-taxable","14":"purchasable","15":"product-type-simple"},"acf":[],"brands":[{"id":2283,"name":"API","slug":"api"}],"_links":{"self":[{"href":"https:\/\/www.seaflowerstore.com\/de\/wp-json\/wp\/v2\/product\/86283","targetHints":{"allow":["GET"]}}],"collection":[{"href":"https:\/\/www.seaflowerstore.com\/de\/wp-json\/wp\/v2\/product"}],"about":[{"href":"https:\/\/www.seaflowerstore.com\/de\/wp-json\/wp\/v2\/types\/product"}],"wp:featuredmedia":[{"embeddable":true,"href":"https:\/\/www.seaflowerstore.com\/de\/wp-json\/wp\/v2\/media\/82072"}],"wp:attachment":[{"href":"https:\/\/www.seaflowerstore.com\/de\/wp-json\/wp\/v2\/media?parent=86283"}],"wp:term":[{"taxonomy":"pwb-brand","embeddable":true,"href":"https:\/\/www.seaflowerstore.com\/de\/wp-json\/wp\/v2\/pwb-brand?post=86283"},{"taxonomy":"product_cat","embeddable":true,"href":"https:\/\/www.seaflowerstore.com\/de\/wp-json\/wp\/v2\/product_cat?post=86283"},{"taxonomy":"product_tag","embeddable":true,"href":"https:\/\/www.seaflowerstore.com\/de\/wp-json\/wp\/v2\/product_tag?post=86283"}],"curies":[{"name":"wp","href":"https:\/\/api.w.org\/{rel}","templated":true}]}}