{"id":86289,"date":"2019-08-04T16:31:01","date_gmt":"2019-08-04T14:31:01","guid":{"rendered":"https:\/\/www.seaflowerstore.com\/nl\/aqua-medic-helix-max-2-0-18w\/"},"modified":"2024-11-17T14:30:58","modified_gmt":"2024-11-17T13:30:58","slug":"aqua-medic-helix-max-2-0-18w","status":"publish","type":"product","link":"https:\/\/www.seaflowerstore.com\/de\/aqua-medic-helix-max-2-0-18w\/","title":{"rendered":"Aqua Medic Helix Max 2.0 18W"},"content":{"rendered":"<h2>Aqua Medic Helix Max 2.0 18W inactivates bacteria and other aquatic parasites and thus reduces the risk of infection in your fish.<\/h2>\n<p>Die <strong>UV-C-Lampe<\/strong> entfernt effektiv einzellige Algen und sorgt so f\u00fcr kristallklares Wasser in Salz- und S\u00fc\u00dfwasseraquarien. Durch die Inaktivierung von Bakterien und anderen Wasserparasiten wird das Infektionsrisiko f\u00fcr Ihre Fische deutlich gesenkt.<\/p>\n<p>Der Aqua Medic Helix Max 2.0 18W ist mit einem kontrollierten Wasserfluss und einem gro\u00dfen Volumen ausgestattet, um die Wirksamkeit zu maximieren. Das Wasser flie\u00dft durch eine Spirale um das Quarzrohr, wodurch die UV-Strahlung im Vergleich zu Standardger\u00e4ten besser genutzt werden kann.<\/p>\n<p>Mit um 360\u00b0 drehbaren Schlauchanschl\u00fcssen k\u00f6nnen Sie ihn problemlos in jedem Winkel anbringen und so Platz bei der Installation sparen. Dar\u00fcber hinaus l\u00e4sst sich das Ger\u00e4t m\u00fchelos zerlegen, wodurch die innere Spirale einfach zu reinigen ist.<\/p>\n<p>Dieses Produkt ist dank des integrierten Fensters benutzerfreundlich und sicher. Alle Versionen des Helix Max 2.0 werden mit einem <strong>Hochfrequenz-Vorschaltger\u00e4t<\/strong> geliefert, das die Lebensdauer und Effizienz der UV-Lampe verbessert. Es sind auch Anschl\u00fcsse f\u00fcr Schlauchbefestigungen vorhanden.<\/p>\n<table style=\"width: 482px; height: 220px;\" border=\"0\">\n<tbody>\n<tr>\n<td>Typ<\/td>\n<td style=\"text-align: center;\">5 Watt<\/td>\n<td style=\"text-align: center;\">9 Watt<\/td>\n<td style=\"text-align: center;\">11 Watt<\/td>\n<\/tr>\n<tr>\n<td>Salzwasseraquarium<\/td>\n<td style=\"text-align: center;\">bis 200l<\/td>\n<td style=\"text-align: center;\">bis 300l<\/td>\n<td style=\"text-align: center;\">bis 400l<\/td>\n<\/tr>\n<tr>\n<td>Empfohlener Durchfluss<\/td>\n<td style=\"text-align: center;\">100-200 l\/h<\/td>\n<td style=\"text-align: center;\">100-200 l\/h<\/td>\n<td style=\"text-align: center;\">100-400 l\/h<\/td>\n<\/tr>\n<tr>\n<td>S\u00fc\u00dfwasseraquarium<\/td>\n<td style=\"text-align: center;\">bis 300l<\/td>\n<td style=\"text-align: center;\">bis 500l<\/td>\n<td style=\"text-align: center;\">bis 800l<\/td>\n<\/tr>\n<tr>\n<td>Empfohlener Durchfluss<\/td>\n<td style=\"text-align: center;\">100-300 l\/h<\/td>\n<td style=\"text-align: center;\">100-500 l\/ h<\/td>\n<td style=\"text-align: center;\">300-800 l\/h<\/td>\n<\/tr>\n<tr>\n<td>Kabell\u00e4nge<\/td>\n<td style=\"text-align: center;\" colspan=\"3\">3,5 m<\/td>\n<\/tr>\n<tr>\n<td>Lampentyp<\/td>\n<td style=\"text-align: center;\">PL-S-5 W<\/td>\n<td style=\"text-align: center;\">PL-S-9 W<\/td>\n<td style=\"text-align: center;\">PL-S-11 W<\/td>\n<\/tr>\n<tr>\n<td>Durchmesser Schlauchanschluss in mm<\/td>\n<td style=\"text-align: center;\" colspan=\"3\">12 und 16<\/td>\n<\/tr>\n<tr>\n<td>Stromanschluss<\/td>\n<td style=\"text-align: center;\" colspan=\"3\">220-240 V \/ 50\/60 Hz<\/td>\n<\/tr>\n<tr>\n<td>Ma\u00dfe ohne Anschl\u00fcsse (L x B in mm, ca.)<\/td>\n<td style=\"text-align: center;\">370, \u00d8 90<\/td>\n<td style=\"text-align: center;\">370, \u00d8 90<\/td>\n<td style=\"text-align: center;\">370, \u00d8 90<\/td>\n<\/tr>\n<\/tbody>\n<\/table>\n<table style=\"width: 482px; height: 216px;\" border=\"0\">\n<tbody>\n<tr>\n<td>Typ<\/td>\n<td style=\"text-align: center;\">18 Watt<\/td>\n<td style=\"text-align: center;\">36 Watt<\/td>\n<td style=\"text-align: center;\">55 Watt<\/td>\n<\/tr>\n<tr>\n<td>Meerwasseraquarium<\/td>\n<td style=\"text-align: center;\">bis 600l<\/td>\n<td style=\"text-align: center;\">bis 1000l<\/td>\n<td style=\"text-align: center;\">bis 1500l<\/td>\n<\/tr>\n<tr>\n<td>Empfohlener Durchfluss<\/td>\n<td style=\"text-align: center;\">200-600 l\/h<\/td>\n<td style=\"text-align: center;\">400-1000 l\/h<\/td>\n<td style=\"text-align: center;\">600-1500 l\/ h<\/td>\n<\/tr>\n<tr>\n<td>S\u00fc\u00dfwasseraquarium<\/td>\n<td style=\"text-align: center;\">bis 1500l<\/td>\n<td style=\"text-align: center;\">bis 3000l<\/td>\n<td style=\"text-align: center;\">bis 5000l<\/td>\n<\/tr>\n<tr>\n<td>Empfohlener Durchfluss<\/td>\n<td style=\"text-align: center;\">400-1000 l\/h<\/td>\n<td style=\"text-align: center;\">500-1500 l\/h<\/td>\n<td style=\"text-align: center;\">600-1500 l\/h<\/td>\n<\/tr>\n<tr>\n<td>Kabell\u00e4nge<\/td>\n<td style=\"text-align: center;\" colspan=\"3\">3,5 m<\/td>\n<\/tr>\n<tr>\n<td>Lampentyp<\/td>\n<td style=\"text-align: center;\">PL-L-18 W<\/td>\n<td style=\"text-align: center;\">PL-L-36 W<\/td>\n<td style=\"text-align: center;\">PL-L-55 W<\/td>\n<\/tr>\n<tr>\n<td>Durchmesser Schlauchanschluss in mm<\/td>\n<td style=\"text-align: center;\" colspan=\"3\">20,25,30 or 38<\/td>\n<\/tr>\n<tr>\n<td>Stromanschluss<\/td>\n<td style=\"text-align: center;\" colspan=\"3\">220-240 V \/ 50\/60 Hz<\/td>\n<\/tr>\n<tr>\n<td>Abmessungen ohne Anschl\u00fcsse (L x B in mm, ca.)<\/td>\n<td style=\"text-align: center;\">380, \u00d8 110<\/td>\n<td style=\"text-align: center;\">540, \u00d8 110<\/td>\n<td style=\"text-align: center;\">695, \u00d8 110<\/td>\n<\/tr>\n<\/tbody>\n<\/table>\n","protected":false},"excerpt":{"rendered":"<p>Aqua Medic Helix Max 2.0 18W UV-C inactivates bacteria and other aquatic parasites and thus reduces the risk of infection in your fish.<\/p>\n","protected":false},"featured_media":82050,"template":"","meta":[],"pwb-brand":[2149],"product_cat":[1439,1421,1546],"product_tag":[],"class_list":{"0":"post-86289","1":"product","2":"type-product","3":"status-publish","4":"has-post-thumbnail","6":"pwb-brand-aqua-medic","7":"product_cat-uvc-lampe-de","8":"product_cat-aqua-medic-de","9":"product_cat-uvc-lampe","10":"pa_show-myparcel-options-male-de","12":"first","13":"outofstock","14":"taxable","15":"shipping-taxable","16":"purchasable","17":"product-type-simple"},"acf":[],"brands":[{"id":2149,"name":"Aqua Medic","slug":"aqua-medic"}],"_links":{"self":[{"href":"https:\/\/www.seaflowerstore.com\/de\/wp-json\/wp\/v2\/product\/86289","targetHints":{"allow":["GET"]}}],"collection":[{"href":"https:\/\/www.seaflowerstore.com\/de\/wp-json\/wp\/v2\/product"}],"about":[{"href":"https:\/\/www.seaflowerstore.com\/de\/wp-json\/wp\/v2\/types\/product"}],"wp:featuredmedia":[{"embeddable":true,"href":"https:\/\/www.seaflowerstore.com\/de\/wp-json\/wp\/v2\/media\/82050"}],"wp:attachment":[{"href":"https:\/\/www.seaflowerstore.com\/de\/wp-json\/wp\/v2\/media?parent=86289"}],"wp:term":[{"taxonomy":"pwb-brand","embeddable":true,"href":"https:\/\/www.seaflowerstore.com\/de\/wp-json\/wp\/v2\/pwb-brand?post=86289"},{"taxonomy":"product_cat","embeddable":true,"href":"https:\/\/www.seaflowerstore.com\/de\/wp-json\/wp\/v2\/product_cat?post=86289"},{"taxonomy":"product_tag","embeddable":true,"href":"https:\/\/www.seaflowerstore.com\/de\/wp-json\/wp\/v2\/product_tag?post=86289"}],"curies":[{"name":"wp","href":"https:\/\/api.w.org\/{rel}","templated":true}]}}