{"id":86294,"date":"2019-07-27T17:09:25","date_gmt":"2019-07-27T15:09:25","guid":{"rendered":"https:\/\/www.seaflowerstore.com\/nl\/sicce-xstream-8000\/"},"modified":"2024-03-19T14:56:58","modified_gmt":"2024-03-19T13:56:58","slug":"sicce-xstream-8000","status":"publish","type":"product","link":"https:\/\/www.seaflowerstore.com\/de\/sicce-xstream-8000\/","title":{"rendered":"Sicce XStream 8000"},"content":{"rendered":"<h2>Sicce XStream 8000 is a flow pump with a capacity of 8000 liters per hour<\/h2>\n<p>Die XStream 8000 ist eine zuverl\u00e4ssige Str\u00f6mungspumpe mit einer beeindruckenden Kapazit\u00e4t von 8000 Litern pro Stunde. Sie verf\u00fcgt \u00fcber einen sanften und breiten Ausfluss, der f\u00fcr ein reibungsloses Erlebnis in Ihrer Wasserumgebung sorgt. Die Sicce XStream-Serie ist so konzipiert, dass sie mit minimalen St\u00f6rungen im Aquarium arbeitet und einen nat\u00fcrlichen und gesunden Lebensraum f\u00fcr Ihre Fische und Pflanzen f\u00f6rdert.<\/p>\n<p>Mit ihrem kompakten Design, ihrer starken Leistung, ihrem geringen Energieverbrauch und ihren hochwertigen Komponenten ist die XStream-Pumpe eine ausgezeichnete Wahl f\u00fcr alle, die sowohl Wert auf \u00c4sthetik als auch auf Effizienz legen.<\/p>\n<p>Die magnetische Halterung mit Gummivibrationsschutz ist mit Glasst\u00e4rken von bis zu 20 mm kompatibel und gew\u00e4hrleistet Stabilit\u00e4t und Haltbarkeit.<\/p>\n<p><strong>Spezifikationen:<\/strong><\/p>\n<ul>\n<li>Geeignet f\u00fcr Salzwasseraquarien bis 550 Liter<\/li>\n<li>Geeignet f\u00fcr S\u00fc\u00dfwasseraquarien bis 900 Liter<\/li>\n<li>Abmessungen der Pumpe: 38 x 50 x 94 mm (siehe Abbildung)<\/li>\n<li>Leistung: 13 Watt<\/li>\n<li>Welle aus AISI 316-Stahl mit Keramiklagern<\/li>\n<li>Die Pumpe ist leicht zu bedienen sauber<\/li>\n<li>Kabell\u00e4nge: 2,2 Meter mit 2-poligem EU-Schukostecker<\/li>\n<\/ul>\n","protected":false},"excerpt":{"rendered":"<p>Sicce XStream 8000 is a non-adjustable flow pump with a capacity of 8000 liters per hour and has a wide and soft outflow<\/p>\n","protected":false},"featured_media":82034,"template":"","meta":[],"pwb-brand":[2163],"product_cat":[1388,1466,2104],"product_tag":[],"class_list":{"0":"post-86294","1":"product","2":"type-product","3":"status-publish","4":"has-post-thumbnail","6":"pwb-brand-sicce","7":"product_cat-stroemungspumpen","8":"product_cat-pumpen","9":"product_cat-sicce-de","10":"pa_show-myparcel-options-male-de","12":"first","13":"instock","14":"taxable","15":"shipping-taxable","16":"purchasable","17":"product-type-simple"},"acf":[],"brands":[{"id":2163,"name":"Sicce","slug":"sicce"}],"_links":{"self":[{"href":"https:\/\/www.seaflowerstore.com\/de\/wp-json\/wp\/v2\/product\/86294","targetHints":{"allow":["GET"]}}],"collection":[{"href":"https:\/\/www.seaflowerstore.com\/de\/wp-json\/wp\/v2\/product"}],"about":[{"href":"https:\/\/www.seaflowerstore.com\/de\/wp-json\/wp\/v2\/types\/product"}],"wp:featuredmedia":[{"embeddable":true,"href":"https:\/\/www.seaflowerstore.com\/de\/wp-json\/wp\/v2\/media\/82034"}],"wp:attachment":[{"href":"https:\/\/www.seaflowerstore.com\/de\/wp-json\/wp\/v2\/media?parent=86294"}],"wp:term":[{"taxonomy":"pwb-brand","embeddable":true,"href":"https:\/\/www.seaflowerstore.com\/de\/wp-json\/wp\/v2\/pwb-brand?post=86294"},{"taxonomy":"product_cat","embeddable":true,"href":"https:\/\/www.seaflowerstore.com\/de\/wp-json\/wp\/v2\/product_cat?post=86294"},{"taxonomy":"product_tag","embeddable":true,"href":"https:\/\/www.seaflowerstore.com\/de\/wp-json\/wp\/v2\/product_tag?post=86294"}],"curies":[{"name":"wp","href":"https:\/\/api.w.org\/{rel}","templated":true}]}}