{"id":86295,"date":"2019-07-27T16:59:08","date_gmt":"2019-07-27T14:59:08","guid":{"rendered":"https:\/\/www.seaflowerstore.com\/nl\/sicce-xstream-6500\/"},"modified":"2024-03-19T14:56:55","modified_gmt":"2024-03-19T13:56:55","slug":"sicce-xstream-6500","status":"publish","type":"product","link":"https:\/\/www.seaflowerstore.com\/de\/sicce-xstream-6500\/","title":{"rendered":"Sicce XStream 6500"},"content":{"rendered":"<h2>Sicce XStream 6500 is a flow pump with a capacity of 6500 liters per hour<\/h2>\n<p>Die XStream 6500 ist eine zuverl\u00e4ssige Str\u00f6mungspumpe, die eine konstante Leistung von 6500 Litern pro Stunde liefert. Sie verf\u00fcgt \u00fcber einen breiten und sanften Ausfluss, der sicherstellt, dass Ihre Wasserumgebung sowohl nat\u00fcrlich als auch gesund bleibt.<\/p>\n<p>Die Sicce XStream-Serie wurde speziell entwickelt, um die Belastung in Aquarien zu minimieren, was sie zur idealen Wahl f\u00fcr diejenigen macht, die sowohl \u00c4sthetik als auch Leistung sch\u00e4tzen. Mit ihrem kompakten Design, dem leistungsstarken Betrieb, dem geringen Energieverbrauch und den hochwertigen Komponenten sticht diese Pumpe auf dem Markt wirklich hervor.<\/p>\n<p>Die magnetische Halterung, ausgestattet mit einem Vibrationsschutz aus Gummi, ist mit Glas bis zu einer Dicke von 20 mm kompatibel.<\/p>\n<p><strong>Spezifikationen:<\/strong><\/p>\n<ul>\n<li>Geeignet f\u00fcr Salzwasseraquarien bis 450 Liter<\/li>\n<li>Geeignet f\u00fcr S\u00fc\u00dfwasseraquarien bis 750 Liter<\/li>\n<li>Abmessungen der Pumpe: 38x50x94mm (siehe Bild)<\/li>\n<li>Leistung: 8,5 Watt<\/li>\n<li>Welle aus AISI 316 Stahl mit Keramiklagern<\/li>\n<li>Die Pumpe ist leicht zu reinigen<\/li>\n<li>Kabell\u00e4nge: 2,2 Meter mit einem 2-poligen EU-Schuko-Stecker<\/li>\n<\/ul>\n","protected":false},"excerpt":{"rendered":"<p>Sicce XStream 6500 is a non-adjustable flow pump with a capacity of 6500 liters per hour and has a wide and soft outflow<\/p>\n","protected":false},"featured_media":82028,"template":"","meta":[],"pwb-brand":[2163],"product_cat":[1388,1466,2104],"product_tag":[],"class_list":{"0":"post-86295","1":"product","2":"type-product","3":"status-publish","4":"has-post-thumbnail","6":"pwb-brand-sicce","7":"product_cat-stroemungspumpen","8":"product_cat-pumpen","9":"product_cat-sicce-de","10":"pa_show-myparcel-options-male-de","12":"first","13":"instock","14":"taxable","15":"shipping-taxable","16":"purchasable","17":"product-type-simple"},"acf":[],"brands":[{"id":2163,"name":"Sicce","slug":"sicce"}],"_links":{"self":[{"href":"https:\/\/www.seaflowerstore.com\/de\/wp-json\/wp\/v2\/product\/86295","targetHints":{"allow":["GET"]}}],"collection":[{"href":"https:\/\/www.seaflowerstore.com\/de\/wp-json\/wp\/v2\/product"}],"about":[{"href":"https:\/\/www.seaflowerstore.com\/de\/wp-json\/wp\/v2\/types\/product"}],"wp:featuredmedia":[{"embeddable":true,"href":"https:\/\/www.seaflowerstore.com\/de\/wp-json\/wp\/v2\/media\/82028"}],"wp:attachment":[{"href":"https:\/\/www.seaflowerstore.com\/de\/wp-json\/wp\/v2\/media?parent=86295"}],"wp:term":[{"taxonomy":"pwb-brand","embeddable":true,"href":"https:\/\/www.seaflowerstore.com\/de\/wp-json\/wp\/v2\/pwb-brand?post=86295"},{"taxonomy":"product_cat","embeddable":true,"href":"https:\/\/www.seaflowerstore.com\/de\/wp-json\/wp\/v2\/product_cat?post=86295"},{"taxonomy":"product_tag","embeddable":true,"href":"https:\/\/www.seaflowerstore.com\/de\/wp-json\/wp\/v2\/product_tag?post=86295"}],"curies":[{"name":"wp","href":"https:\/\/api.w.org\/{rel}","templated":true}]}}