{"id":86296,"date":"2019-07-27T16:46:31","date_gmt":"2019-07-27T14:46:31","guid":{"rendered":"https:\/\/www.seaflowerstore.com\/nl\/sicce-xstream-5000\/"},"modified":"2024-03-19T14:56:51","modified_gmt":"2024-03-19T13:56:51","slug":"sicce-xstream-5000","status":"publish","type":"product","link":"https:\/\/www.seaflowerstore.com\/de\/sicce-xstream-5000\/","title":{"rendered":"Sicce XStream 5000"},"content":{"rendered":"<h2>Sicce XStream 5000 is a flow pump with a capacity of 5000 liters per hour<\/h2>\n<p>Die XStream 5000 ist eine zuverl\u00e4ssige, nicht einstellbare Str\u00f6mungspumpe mit einer bemerkenswerten Kapazit\u00e4t von 5000 Litern pro Stunde. Sie verf\u00fcgt \u00fcber einen breiten und sanften Ausfluss, der f\u00fcr eine nat\u00fcrliche und gesunde Wasserumgebung in Ihrem Aquarium sorgt. Die Sicce XStream-Serie ist bekannt f\u00fcr ihre geringe Belastung des Aquariums, sodass Ihr Wasserleben gedeihen kann.<\/p>\n<p>Mit ihrem kompakten Design, ihrer starken Leistung, ihrem geringen Energieverbrauch und ihren hochwertigen Komponenten ist die XStream-Pumpe eine fantastische Option f\u00fcr alle, die sowohl \u00c4sthetik als auch Effizienz suchen.<\/p>\n<p>Die magnetische Halterung, ausgestattet mit einem Vibrationsschutz aus Gummi, ist mit Glas bis zu einer Dicke von 20 mm kompatibel.<\/p>\n<p><strong>Spezifikationen:<\/strong><\/p>\n<ul>\n<li>Geeignet f\u00fcr Salzwasseraquarien bis 350 Liter<\/li>\n<li>Geeignet f\u00fcr S\u00fc\u00dfwasseraquarien bis 500 Liter<\/li>\n<li>Abmessungen der Pumpe: 38x50x94 mm (siehe Abbildung)<\/li>\n<li>Leistung: 6 Watt<\/li>\n<li>Welle aus AISI 316-Stahl mit Keramiklagern<\/li>\n<li>Die Pumpe ist leicht zu reinigen<\/li>\n<li>Kabell\u00e4nge: 2,2 Meter, mit 2-poligem EU-Schukostecker<\/li>\n<\/ul>\n","protected":false},"excerpt":{"rendered":"<p>Sicce XStream 5000 is a non-adjustable flow pump with a capacity of 5000 liters per hour and has a wide and soft outflow<\/p>\n","protected":false},"featured_media":82022,"template":"","meta":[],"pwb-brand":[2163],"product_cat":[1388,2104],"product_tag":[],"class_list":{"0":"post-86296","1":"product","2":"type-product","3":"status-publish","4":"has-post-thumbnail","6":"pwb-brand-sicce","7":"product_cat-stroemungspumpen","8":"product_cat-sicce-de","9":"pa_show-myparcel-options-male-de","11":"first","12":"instock","13":"taxable","14":"shipping-taxable","15":"purchasable","16":"product-type-simple"},"acf":[],"brands":[{"id":2163,"name":"Sicce","slug":"sicce"}],"_links":{"self":[{"href":"https:\/\/www.seaflowerstore.com\/de\/wp-json\/wp\/v2\/product\/86296","targetHints":{"allow":["GET"]}}],"collection":[{"href":"https:\/\/www.seaflowerstore.com\/de\/wp-json\/wp\/v2\/product"}],"about":[{"href":"https:\/\/www.seaflowerstore.com\/de\/wp-json\/wp\/v2\/types\/product"}],"wp:featuredmedia":[{"embeddable":true,"href":"https:\/\/www.seaflowerstore.com\/de\/wp-json\/wp\/v2\/media\/82022"}],"wp:attachment":[{"href":"https:\/\/www.seaflowerstore.com\/de\/wp-json\/wp\/v2\/media?parent=86296"}],"wp:term":[{"taxonomy":"pwb-brand","embeddable":true,"href":"https:\/\/www.seaflowerstore.com\/de\/wp-json\/wp\/v2\/pwb-brand?post=86296"},{"taxonomy":"product_cat","embeddable":true,"href":"https:\/\/www.seaflowerstore.com\/de\/wp-json\/wp\/v2\/product_cat?post=86296"},{"taxonomy":"product_tag","embeddable":true,"href":"https:\/\/www.seaflowerstore.com\/de\/wp-json\/wp\/v2\/product_tag?post=86296"}],"curies":[{"name":"wp","href":"https:\/\/api.w.org\/{rel}","templated":true}]}}