{"id":86298,"date":"2019-07-27T16:03:52","date_gmt":"2019-07-27T14:03:52","guid":{"rendered":"https:\/\/www.seaflowerstore.com\/nl\/sicce-xstream-e\/"},"modified":"2024-03-20T17:07:03","modified_gmt":"2024-03-20T16:07:03","slug":"sicce-xstream-e","status":"publish","type":"product","link":"https:\/\/www.seaflowerstore.com\/de\/sicce-xstream-e\/","title":{"rendered":"Sicce XStream-E"},"content":{"rendered":"<h2>Sicce XStream-E is an adjustable flow pump with a capacity of 3000 to 8500 liters per hour of flow<\/h2>\n<p>Die XStream-E ist eine regelbare Durchflusspumpe, die eine Kapazit\u00e4t von <strong>3000 bis 8500 Litern pro Stunde<\/strong> bietet und mit einer Stromversorgung von <strong>24 Volt<\/strong> betrieben wird.<\/p>\n<p>Dank des mitgelieferten Controllers k\u00f6nnen Sie problemlos zwischen verschiedenen Wasserdurchfl\u00fcssen und Pumpengeschwindigkeiten w\u00e4hlen. Der Controller verf\u00fcgt \u00fcber <strong>4 voreingestellte Durchflussprogramme<\/strong> und mit den Kapazit\u00e4tstasten k\u00f6nnen Sie den Durchfluss der Pumpe anpassen, wodurch sie vielseitig f\u00fcr verschiedene Arten und Gr\u00f6\u00dfen von Aquarien ist.<\/p>\n<p>Die mit einem Gummivibrationsschutz ausgestattete Magnethalterung ist f\u00fcr Glasst\u00e4rken von bis zu <strong>20 mm<\/strong> geeignet.<\/p>\n<p>Mit dem Mini-Controller k\u00f6nnen Sie die Durchflussst\u00e4rke zwischen <strong>3000 l\/h und 8500 l\/h<\/strong> einstellen und aus vier plus einem verschiedenen voreingestellten Programm w\u00e4hlen (die Programme finden Sie im Bild).<\/p>\n<p><strong>Spezifikationen:<\/strong><\/p>\n<ul>\n<li>Abmessungen der Pumpe: <strong>38 x 50 x 94 mm<\/strong> (siehe Bild)<\/li>\n<li>Leistung: <strong>6\u201316,5 Watt<\/strong><\/li>\n<li>Wellenmaterial: <strong>AISI 316-Stahl mit Keramik Lager<\/strong><\/li>\n<li>Steuerung: Die Pumpe kann \u00fcber ein <strong>0-10V Signal<\/strong> gesteuert werden, zum Beispiel mit einem Apex oder GHL Profilux Aquariencomputer<\/li>\n<li>Einfach zu reinigen<\/li>\n<\/ul>\n","protected":false},"excerpt":{"rendered":"<p>Sicce XStream-e is an adjustable flow pump with a capacity of 3000 to 8500 liters per hour of flow and has a power supply of 24 Volts.<\/p>\n","protected":false},"featured_media":82009,"template":"","meta":[],"pwb-brand":[2163],"product_cat":[1388,1466,2104],"product_tag":[],"class_list":{"0":"post-86298","1":"product","2":"type-product","3":"status-publish","4":"has-post-thumbnail","6":"pwb-brand-sicce","7":"product_cat-stroemungspumpen","8":"product_cat-pumpen","9":"product_cat-sicce-de","10":"pa_show-myparcel-options-male-de","12":"first","13":"outofstock","14":"taxable","15":"shipping-taxable","16":"purchasable","17":"product-type-simple"},"acf":[],"brands":[{"id":2163,"name":"Sicce","slug":"sicce"}],"_links":{"self":[{"href":"https:\/\/www.seaflowerstore.com\/de\/wp-json\/wp\/v2\/product\/86298","targetHints":{"allow":["GET"]}}],"collection":[{"href":"https:\/\/www.seaflowerstore.com\/de\/wp-json\/wp\/v2\/product"}],"about":[{"href":"https:\/\/www.seaflowerstore.com\/de\/wp-json\/wp\/v2\/types\/product"}],"wp:featuredmedia":[{"embeddable":true,"href":"https:\/\/www.seaflowerstore.com\/de\/wp-json\/wp\/v2\/media\/82009"}],"wp:attachment":[{"href":"https:\/\/www.seaflowerstore.com\/de\/wp-json\/wp\/v2\/media?parent=86298"}],"wp:term":[{"taxonomy":"pwb-brand","embeddable":true,"href":"https:\/\/www.seaflowerstore.com\/de\/wp-json\/wp\/v2\/pwb-brand?post=86298"},{"taxonomy":"product_cat","embeddable":true,"href":"https:\/\/www.seaflowerstore.com\/de\/wp-json\/wp\/v2\/product_cat?post=86298"},{"taxonomy":"product_tag","embeddable":true,"href":"https:\/\/www.seaflowerstore.com\/de\/wp-json\/wp\/v2\/product_tag?post=86298"}],"curies":[{"name":"wp","href":"https:\/\/api.w.org\/{rel}","templated":true}]}}