{"id":86300,"date":"2019-07-24T15:58:34","date_gmt":"2019-07-24T13:58:34","guid":{"rendered":"https:\/\/www.seaflowerstore.com\/nl\/aquarium-hose-16-22mm-3-meter-length\/"},"modified":"2024-12-17T15:47:20","modified_gmt":"2024-12-17T14:47:20","slug":"aquarium-hose-16-22mm-3-meter-length","status":"publish","type":"product","link":"https:\/\/www.seaflowerstore.com\/de\/aquarium-hose-16-22mm-3-meter-length\/","title":{"rendered":"Aquarium hose 16\/22mm 3 meter length"},"content":{"rendered":"<h2>Aquarium hose 16\/22mm 3 meter length<\/h2>\n<p>Dieser gr\u00fcne Aquarienschlauch ist ideal f\u00fcr S\u00fc\u00df- und Salzwasserumgebungen. Er hat eine praktische L\u00e4nge von 3 Metern und bietet damit ausreichend Reichweite f\u00fcr Ihr Setup.<\/p>\n<p>Der Innendurchmesser betr\u00e4gt 16 mm, w\u00e4hrend der Au\u00dfendurchmesser 22 mm betr\u00e4gt, sodass er perfekt zu den Anforderungen Ihres Aquariums passt.<\/p>\n","protected":false},"excerpt":{"rendered":"<p>Green aquarium hose suitable for fresh and salt water 16 \/ 22mm 3 meter length<\/p>\n","protected":false},"featured_media":82004,"template":"","meta":[],"pwb-brand":[2145],"product_cat":[1435],"product_tag":[],"class_list":{"0":"post-86300","1":"product","2":"type-product","3":"status-publish","4":"has-post-thumbnail","6":"pwb-brand-hobby","7":"product_cat-silikonschlaeuche","8":"pa_show-myparcel-options-male-de","10":"first","11":"outofstock","12":"taxable","13":"shipping-taxable","14":"purchasable","15":"product-type-simple"},"acf":[],"brands":[{"id":2145,"name":"Hobby","slug":"hobby"}],"_links":{"self":[{"href":"https:\/\/www.seaflowerstore.com\/de\/wp-json\/wp\/v2\/product\/86300","targetHints":{"allow":["GET"]}}],"collection":[{"href":"https:\/\/www.seaflowerstore.com\/de\/wp-json\/wp\/v2\/product"}],"about":[{"href":"https:\/\/www.seaflowerstore.com\/de\/wp-json\/wp\/v2\/types\/product"}],"wp:featuredmedia":[{"embeddable":true,"href":"https:\/\/www.seaflowerstore.com\/de\/wp-json\/wp\/v2\/media\/82004"}],"wp:attachment":[{"href":"https:\/\/www.seaflowerstore.com\/de\/wp-json\/wp\/v2\/media?parent=86300"}],"wp:term":[{"taxonomy":"pwb-brand","embeddable":true,"href":"https:\/\/www.seaflowerstore.com\/de\/wp-json\/wp\/v2\/pwb-brand?post=86300"},{"taxonomy":"product_cat","embeddable":true,"href":"https:\/\/www.seaflowerstore.com\/de\/wp-json\/wp\/v2\/product_cat?post=86300"},{"taxonomy":"product_tag","embeddable":true,"href":"https:\/\/www.seaflowerstore.com\/de\/wp-json\/wp\/v2\/product_tag?post=86300"}],"curies":[{"name":"wp","href":"https:\/\/api.w.org\/{rel}","templated":true}]}}