{"id":86302,"date":"2019-07-19T18:32:13","date_gmt":"2019-07-19T16:32:13","guid":{"rendered":"https:\/\/www.seaflowerstore.com\/nl\/tunze-3181-algae-reactor\/"},"modified":"2024-03-20T17:06:54","modified_gmt":"2024-03-20T16:06:54","slug":"tunze-3181-algae-reactor","status":"publish","type":"product","link":"https:\/\/www.seaflowerstore.com\/de\/tunze-3181-algae-reactor\/","title":{"rendered":"Tunze 3181 Algae Reactor"},"content":{"rendered":"<h2>Tunze 3181 Algae Reactor incl. pump and Refugium LED suitable for aquaria up to 600L<\/h2>\n<p>Der <strong>Tunze Macro Algae Reactor<\/strong> (MAR 3181) ist f\u00fcr die Kultivierung von Algen im Meerwasser oder Pflanzen im S\u00fc\u00dfwasseraquarium konzipiert. Dieser Reaktor kann bequem in jedem Filterbecken oder neben dem Aquarium platziert werden, ohne dass externe Filtertechnik erforderlich ist.<\/p>\n<p>Die Wasserzirkulation im Reaktor f\u00f6rdert die Rotation der Algenkultur, wodurch die Anzahl der Lichtquellen reduziert und gleichzeitig ein gesundes Pflanzenwachstum unterst\u00fctzt wird. Bei Bedarf k\u00f6nnen Sie dem Ger\u00e4t auch zus\u00e4tzliche Lichtquellen hinzuf\u00fcgen.<\/p>\n<p>Viele Meerwasseraquarianer kultivieren <em>Chaetomorpha \u201eSpaghetti-Algen\u201c<\/em>, um Nitrate und Phosphate aus der Wasserumgebung zu eliminieren. Das regelm\u00e4\u00dfige Ernten einer Handvoll Algen reicht in der Regel aus, um das biologische Gleichgewicht in einem Aquarium aufrechtzuerhalten. Dies ist eine kosteng\u00fcnstige und einfache Alternative zu verschiedenen Chemikalien oder Harzen.<\/p>\n<p>Sie k\u00f6nnen auch <em>Naja-Gras<\/em> (Najas guadalupensis) anbauen, um die Qualit\u00e4t von S\u00fc\u00dfwassersystemen wie Cichlidenbiotopen zu verbessern.<\/p>\n<p><strong>Lieferumfang:<\/strong><\/p>\n<ul>\n<li>Reaktor<\/li>\n<li>LED eco chic refugium 8831 9 W<\/li>\n<li>Umw\u00e4lzpumpe Comline\u00ae Pump 2500 electronic<\/li>\n<li>Turbelle Controller basic 7090.200<\/li>\n<li>Silikonschl\u00e4uche 2 x 2 Meter L\u00e4nge<\/li>\n<\/ul>\n<p>Dieser Reaktor ist f\u00fcr Aquarien von 100 bis 600 Litern (25 &#8211; 160 US-Gallonen) mit einer Durchflussrate von geeignet 500 &#8211; 1.200 l\/h (132 &#8211; 318 US-Gallonen). Der Energieverbrauch mit Pumpe betr\u00e4gt ca. 20 W. Die Ma\u00dfe des Reaktors betragen 233 x 195 x 422 mm. Er ist mit der Comline\u00ae Pumpe 2500 electronic und dem Turbelle\u00ae Controller basic 7090.200 ausgestattet.<\/p>\n<p><strong>Funktionen des TUNZE Algenreaktors MAR 3181:<\/strong><\/p>\n<ul>\n<li>Kultivierung von Algen im Meerwasser und Pflanzen im S\u00fc\u00dfwasser<\/li>\n<li>Biologische Entgiftung von \u00d6kosystemen durch Algen und Pflanzen<\/li>\n<li>Reduzierung des Nitrat- und Phosphatgehalts<\/li>\n<li>Filtration von Aquarienwasser<\/li>\n<li>Herstellung von Nahrungserg\u00e4nzungsmitteln f\u00fcr Fische<\/li>\n<li>Zufluchtsort f\u00fcr Zooplankton, Nahrungsquelle f\u00fcr Korallen und Fische<\/li>\n<li>Anreicherung des Wassers mit Sauerstoff<\/li>\n<\/ul>\n","protected":false},"excerpt":{"rendered":"<p>Tunze 3181 Algae Reactor incl. Pump and Refugium LED suitable for aquariums up to 600L<\/p>\n","protected":false},"featured_media":81993,"template":"","meta":[],"pwb-brand":[2123],"product_cat":[1535],"product_tag":[],"class_list":{"0":"post-86302","1":"product","2":"type-product","3":"status-publish","4":"has-post-thumbnail","6":"pwb-brand-tunze","7":"product_cat-algenreaktor","8":"pa_show-myparcel-options-male-de","10":"first","11":"instock","12":"taxable","13":"shipping-taxable","14":"purchasable","15":"product-type-simple"},"acf":[],"brands":[{"id":2123,"name":"Tunze","slug":"tunze"}],"_links":{"self":[{"href":"https:\/\/www.seaflowerstore.com\/de\/wp-json\/wp\/v2\/product\/86302","targetHints":{"allow":["GET"]}}],"collection":[{"href":"https:\/\/www.seaflowerstore.com\/de\/wp-json\/wp\/v2\/product"}],"about":[{"href":"https:\/\/www.seaflowerstore.com\/de\/wp-json\/wp\/v2\/types\/product"}],"wp:featuredmedia":[{"embeddable":true,"href":"https:\/\/www.seaflowerstore.com\/de\/wp-json\/wp\/v2\/media\/81993"}],"wp:attachment":[{"href":"https:\/\/www.seaflowerstore.com\/de\/wp-json\/wp\/v2\/media?parent=86302"}],"wp:term":[{"taxonomy":"pwb-brand","embeddable":true,"href":"https:\/\/www.seaflowerstore.com\/de\/wp-json\/wp\/v2\/pwb-brand?post=86302"},{"taxonomy":"product_cat","embeddable":true,"href":"https:\/\/www.seaflowerstore.com\/de\/wp-json\/wp\/v2\/product_cat?post=86302"},{"taxonomy":"product_tag","embeddable":true,"href":"https:\/\/www.seaflowerstore.com\/de\/wp-json\/wp\/v2\/product_tag?post=86302"}],"curies":[{"name":"wp","href":"https:\/\/api.w.org\/{rel}","templated":true}]}}