{"id":86306,"date":"2019-07-14T15:40:28","date_gmt":"2019-07-14T13:40:28","guid":{"rendered":"https:\/\/www.seaflowerstore.com\/nl\/1link-male-female-extension-3m\/"},"modified":"2024-03-20T17:06:41","modified_gmt":"2024-03-20T16:06:41","slug":"1link-male-female-extension-3m","status":"publish","type":"product","link":"https:\/\/www.seaflowerstore.com\/de\/1link-male-female-extension-3m\/","title":{"rendered":"1LINK Male\/Female Extension &#8211; 3m"},"content":{"rendered":"<h2>1LINK Male \/ Female Extension &#8211; 3m<\/h2>\n<p><span style=\"font-size: small\">Verwenden Sie dieses Kabel, um das 1LINK-Kabel zu verl\u00e4ngern und so verschiedene Apex-Produkte \u00fcber eine gr\u00f6\u00dfere Distanz zu verbinden.<\/span><\/p>\n<p><span style=\"font-size: small\">Apex ist ein modulares System, mit dem Sie viele Module miteinander verbinden k\u00f6nnen.<\/span><\/p>\n<p><a href=\"http:\/\/www.neptunesystems.com\/\" style=\"font-size: small\" rel=\"nofollow noopener\" target=\"_blank\">Besuchen Sie Neptune Systems<\/a><\/p>\n","protected":false},"excerpt":{"rendered":"<p>Use this cable to connect the different 1LINK Apex products with each other over an additional 3 meters<\/p>\n","protected":false},"featured_media":81976,"template":"","meta":[],"pwb-brand":[2179],"product_cat":[1408,1423],"product_tag":[],"class_list":{"0":"post-86306","1":"product","2":"type-product","3":"status-publish","4":"has-post-thumbnail","6":"pwb-brand-neptune-systems","7":"product_cat-computer-de","8":"product_cat-neptune-systems-de","10":"first","11":"instock","12":"taxable","13":"shipping-taxable","14":"purchasable","15":"product-type-simple"},"acf":[],"brands":[{"id":2179,"name":"Neptune Systems","slug":"neptune-systems"}],"_links":{"self":[{"href":"https:\/\/www.seaflowerstore.com\/de\/wp-json\/wp\/v2\/product\/86306","targetHints":{"allow":["GET"]}}],"collection":[{"href":"https:\/\/www.seaflowerstore.com\/de\/wp-json\/wp\/v2\/product"}],"about":[{"href":"https:\/\/www.seaflowerstore.com\/de\/wp-json\/wp\/v2\/types\/product"}],"wp:featuredmedia":[{"embeddable":true,"href":"https:\/\/www.seaflowerstore.com\/de\/wp-json\/wp\/v2\/media\/81976"}],"wp:attachment":[{"href":"https:\/\/www.seaflowerstore.com\/de\/wp-json\/wp\/v2\/media?parent=86306"}],"wp:term":[{"taxonomy":"pwb-brand","embeddable":true,"href":"https:\/\/www.seaflowerstore.com\/de\/wp-json\/wp\/v2\/pwb-brand?post=86306"},{"taxonomy":"product_cat","embeddable":true,"href":"https:\/\/www.seaflowerstore.com\/de\/wp-json\/wp\/v2\/product_cat?post=86306"},{"taxonomy":"product_tag","embeddable":true,"href":"https:\/\/www.seaflowerstore.com\/de\/wp-json\/wp\/v2\/product_tag?post=86306"}],"curies":[{"name":"wp","href":"https:\/\/api.w.org\/{rel}","templated":true}]}}