{"id":86307,"date":"2019-07-14T15:31:45","date_gmt":"2019-07-14T13:31:45","guid":{"rendered":"https:\/\/www.seaflowerstore.com\/nl\/?post_type=product&#038;p=86307"},"modified":"2024-03-20T17:06:39","modified_gmt":"2024-03-20T16:06:39","slug":"abus30ext-9m-aquabus-extension-cable-m-f","status":"publish","type":"product","link":"https:\/\/www.seaflowerstore.com\/de\/abus30ext-9m-aquabus-extension-cable-m-f\/","title":{"rendered":"ABUS30EXT: 9m AquaBus Extension Cable (M\/F)"},"content":{"rendered":"<h2>ABUS30EXT: 9m AquaBus Extension Cable (M\/F)<\/h2>\n<p>Wir pr\u00e4sentieren das ABUS15EXT: 457 cm langes AquaBus-Verl\u00e4ngerungskabel (M\/F). Dieses Kabel ist perfekt f\u00fcr die Verl\u00e4ngerung Ihrer AquaBus-Verbindungen.<\/p>\n<p>Apex funktioniert als modulares System, sodass Sie problemlos verschiedene Module anschlie\u00dfen k\u00f6nnen.<\/p>\n<p><strong>WICHTIG:<\/strong> Obwohl dieses Kabel einem USB-Kabel \u00e4hnelt, denken Sie bitte daran, dass das System keine USB-Schnittstelle unterst\u00fctzt. Sie d\u00fcrfen dieses Kabel niemals mit einem Computer oder anderen USB-Ger\u00e4ten verwenden, da es m\u00f6glicherweise erhebliche Sch\u00e4den an Ihrem Apex-System oder dem angeschlossenen Ger\u00e4t verursachen k\u00f6nnte.<\/p>\n","protected":false},"excerpt":{"rendered":"<p>Extension cable of 457 cm for the Aquabus<\/p>\n","protected":false},"featured_media":81974,"template":"","meta":[],"pwb-brand":[2179],"product_cat":[1408,1423],"product_tag":[],"class_list":{"0":"post-86307","1":"product","2":"type-product","3":"status-publish","4":"has-post-thumbnail","6":"pwb-brand-neptune-systems","7":"product_cat-computer-de","8":"product_cat-neptune-systems-de","10":"first","11":"instock","12":"taxable","13":"shipping-taxable","14":"purchasable","15":"product-type-simple"},"acf":[],"brands":[{"id":2179,"name":"Neptune Systems","slug":"neptune-systems"}],"_links":{"self":[{"href":"https:\/\/www.seaflowerstore.com\/de\/wp-json\/wp\/v2\/product\/86307","targetHints":{"allow":["GET"]}}],"collection":[{"href":"https:\/\/www.seaflowerstore.com\/de\/wp-json\/wp\/v2\/product"}],"about":[{"href":"https:\/\/www.seaflowerstore.com\/de\/wp-json\/wp\/v2\/types\/product"}],"wp:featuredmedia":[{"embeddable":true,"href":"https:\/\/www.seaflowerstore.com\/de\/wp-json\/wp\/v2\/media\/81974"}],"wp:attachment":[{"href":"https:\/\/www.seaflowerstore.com\/de\/wp-json\/wp\/v2\/media?parent=86307"}],"wp:term":[{"taxonomy":"pwb-brand","embeddable":true,"href":"https:\/\/www.seaflowerstore.com\/de\/wp-json\/wp\/v2\/pwb-brand?post=86307"},{"taxonomy":"product_cat","embeddable":true,"href":"https:\/\/www.seaflowerstore.com\/de\/wp-json\/wp\/v2\/product_cat?post=86307"},{"taxonomy":"product_tag","embeddable":true,"href":"https:\/\/www.seaflowerstore.com\/de\/wp-json\/wp\/v2\/product_tag?post=86307"}],"curies":[{"name":"wp","href":"https:\/\/api.w.org\/{rel}","templated":true}]}}