{"id":86308,"date":"2019-07-14T15:22:28","date_gmt":"2019-07-14T13:22:28","guid":{"rendered":"https:\/\/www.seaflowerstore.com\/nl\/abus30-9m-aquabus-cable-m-m\/"},"modified":"2024-03-20T17:06:37","modified_gmt":"2024-03-20T16:06:37","slug":"abus30-9m-aquabus-cable-m-m","status":"publish","type":"product","link":"https:\/\/www.seaflowerstore.com\/de\/abus30-9m-aquabus-cable-m-m\/","title":{"rendered":"ABUS30: 9m AquaBus Cable (M\/M)"},"content":{"rendered":"<h2>ABUS30: 9m AquaBus Cable (M \/ M)<\/h2>\n<p><span style=\"font-size: small\">Dieses Kabel ist f\u00fcr den Anschluss verschiedener Apex-Module \u00fcber gr\u00f6\u00dfere Entfernungen konzipiert.<\/span><\/p>\n<p><span style=\"font-size: small\">Das Apex-System ist sehr modular und erm\u00f6glicht den Anschluss mehrerer Komponenten.<\/span><\/p>\n<p><span style=\"font-size: small\"><strong>HINWEIS:<\/strong> Obwohl dieses Kabel einem USB-Kabel \u00e4hnelt, denken Sie bitte daran, dass das System keine USB-Schnittstelle besitzt. Verwenden Sie dieses Kabel NIEMALS mit einem Computer oder einem anderen USB-Ger\u00e4t, da dies zu erheblichen Sch\u00e4den an Ihrem Apex oder dem angeschlossenen Ger\u00e4t f\u00fchren kann.<\/span><\/p>\n<p><span style=\"font-size: small\"><a href=\"http:\/\/www.neptunesystems.com\/\" rel=\"nofollow noopener\" target=\"_blank\">Besuchen Sie Neptune Systems<\/a><\/span><\/p>\n","protected":false},"excerpt":{"rendered":"<p>Use this cable to connect the different Apex modules over a large distance.<\/p>\n","protected":false},"featured_media":81972,"template":"","meta":[],"pwb-brand":[2179],"product_cat":[1423,1408],"product_tag":[],"class_list":{"0":"post-86308","1":"product","2":"type-product","3":"status-publish","4":"has-post-thumbnail","6":"pwb-brand-neptune-systems","7":"product_cat-neptune-systems-de","8":"product_cat-computer-de","10":"first","11":"instock","12":"taxable","13":"shipping-taxable","14":"purchasable","15":"product-type-simple"},"acf":[],"brands":[{"id":2179,"name":"Neptune Systems","slug":"neptune-systems"}],"_links":{"self":[{"href":"https:\/\/www.seaflowerstore.com\/de\/wp-json\/wp\/v2\/product\/86308","targetHints":{"allow":["GET"]}}],"collection":[{"href":"https:\/\/www.seaflowerstore.com\/de\/wp-json\/wp\/v2\/product"}],"about":[{"href":"https:\/\/www.seaflowerstore.com\/de\/wp-json\/wp\/v2\/types\/product"}],"wp:featuredmedia":[{"embeddable":true,"href":"https:\/\/www.seaflowerstore.com\/de\/wp-json\/wp\/v2\/media\/81972"}],"wp:attachment":[{"href":"https:\/\/www.seaflowerstore.com\/de\/wp-json\/wp\/v2\/media?parent=86308"}],"wp:term":[{"taxonomy":"pwb-brand","embeddable":true,"href":"https:\/\/www.seaflowerstore.com\/de\/wp-json\/wp\/v2\/pwb-brand?post=86308"},{"taxonomy":"product_cat","embeddable":true,"href":"https:\/\/www.seaflowerstore.com\/de\/wp-json\/wp\/v2\/product_cat?post=86308"},{"taxonomy":"product_tag","embeddable":true,"href":"https:\/\/www.seaflowerstore.com\/de\/wp-json\/wp\/v2\/product_tag?post=86308"}],"curies":[{"name":"wp","href":"https:\/\/api.w.org\/{rel}","templated":true}]}}