{"id":86309,"date":"2019-07-12T19:15:49","date_gmt":"2019-07-12T17:15:49","guid":{"rendered":"https:\/\/www.seaflowerstore.com\/nl\/trident-waste-line-tubing\/"},"modified":"2024-03-20T17:06:35","modified_gmt":"2024-03-20T16:06:35","slug":"trident-waste-line-tubing","status":"publish","type":"product","link":"https:\/\/www.seaflowerstore.com\/de\/trident-waste-line-tubing\/","title":{"rendered":"Trident Waste Line Tubing"},"content":{"rendered":"<h2>Trident waste water hose<\/h2>\n<p>Wir freuen uns, Ihnen den transparenten Ersatzschlauch f\u00fcr die 150 cm lange Abwasserleitung vorstellen zu k\u00f6nnen, die Ihren Neptune Systems Trident mit einem Beh\u00e4lter verbindet.<\/p>\n<p>Dieser Schlauch wurde entwickelt, um eine reibungslose und effiziente Abfallentsorgung zu gew\u00e4hrleisten. Er passt perfekt und erm\u00f6glicht eine einfache Installation und Wartung.<\/p>\n<p>Zu Ihrer Bequemlichkeit sind hier einige wichtige Funktionen aufgef\u00fchrt:<\/p>\n<ul>\n<li><strong>L\u00e4nge:<\/strong> 150 cm<\/li>\n<li><strong>Material:<\/strong> Transparent f\u00fcr einfache \u00dcberwachung<\/li>\n<li><strong>Kompatibilit\u00e4t:<\/strong> Speziell f\u00fcr den Neptune Systems Trident entwickelt<\/li>\n<\/ul>\n<p>Wir hoffen, dass dieser Ersatzschlauch Ihren Anforderungen entspricht und Ihre Erfahrung mit dem Neptune Systems Trident verbessert.<\/p>\n","protected":false},"excerpt":{"rendered":"<p>Replacement transparent hose for the 150 cm long waste water that runs from Neptune Systems Trident to a container containter<\/p>\n","protected":false},"featured_media":81970,"template":"","meta":[],"pwb-brand":[2179],"product_cat":[1401,1423,1435],"product_tag":[],"class_list":{"0":"post-86309","1":"product","2":"type-product","3":"status-publish","4":"has-post-thumbnail","6":"pwb-brand-neptune-systems","7":"product_cat-mess-und-regeltechnik","8":"product_cat-neptune-systems-de","9":"product_cat-silikonschlaeuche","10":"pa_show-myparcel-options-male-de","12":"first","13":"outofstock","14":"taxable","15":"shipping-taxable","16":"purchasable","17":"product-type-simple"},"acf":[],"brands":[{"id":2179,"name":"Neptune Systems","slug":"neptune-systems"}],"_links":{"self":[{"href":"https:\/\/www.seaflowerstore.com\/de\/wp-json\/wp\/v2\/product\/86309","targetHints":{"allow":["GET"]}}],"collection":[{"href":"https:\/\/www.seaflowerstore.com\/de\/wp-json\/wp\/v2\/product"}],"about":[{"href":"https:\/\/www.seaflowerstore.com\/de\/wp-json\/wp\/v2\/types\/product"}],"wp:featuredmedia":[{"embeddable":true,"href":"https:\/\/www.seaflowerstore.com\/de\/wp-json\/wp\/v2\/media\/81970"}],"wp:attachment":[{"href":"https:\/\/www.seaflowerstore.com\/de\/wp-json\/wp\/v2\/media?parent=86309"}],"wp:term":[{"taxonomy":"pwb-brand","embeddable":true,"href":"https:\/\/www.seaflowerstore.com\/de\/wp-json\/wp\/v2\/pwb-brand?post=86309"},{"taxonomy":"product_cat","embeddable":true,"href":"https:\/\/www.seaflowerstore.com\/de\/wp-json\/wp\/v2\/product_cat?post=86309"},{"taxonomy":"product_tag","embeddable":true,"href":"https:\/\/www.seaflowerstore.com\/de\/wp-json\/wp\/v2\/product_tag?post=86309"}],"curies":[{"name":"wp","href":"https:\/\/api.w.org\/{rel}","templated":true}]}}