{"id":86310,"date":"2019-07-12T18:59:07","date_gmt":"2019-07-12T16:59:07","guid":{"rendered":"https:\/\/www.seaflowerstore.com\/nl\/trident-sample-line-tubing\/"},"modified":"2025-03-04T16:33:51","modified_gmt":"2025-03-04T15:33:51","slug":"trident-sample-line-tubing","status":"publish","type":"product","link":"https:\/\/www.seaflowerstore.com\/de\/trident-sample-line-tubing\/","title":{"rendered":"Trident Sample Line Tubing"},"content":{"rendered":"<h2>Trident Sample Line Tubing<\/h2>\n<p>Der <strong>Trident-Probenschlauchhalter<\/strong> verf\u00fcgt \u00fcber einen schwarzen Ersatzprobenschlauch mit einer L\u00e4nge von <strong>150 cm<\/strong>. Dieser Schlauch verbindet Ihr Aquarium mit dem Neptune Systems Trident.<\/p>\n","protected":false},"excerpt":{"rendered":"<p>Replacement black sample hose of 150 cm which runs from the aquarium to the Neptune Systems Trident<\/p>\n","protected":false},"featured_media":81968,"template":"","meta":[],"pwb-brand":[2179],"product_cat":[1387,1423,1435],"product_tag":[],"class_list":{"0":"post-86310","1":"product","2":"type-product","3":"status-publish","4":"has-post-thumbnail","6":"pwb-brand-neptune-systems","7":"product_cat-messsysteme","8":"product_cat-neptune-systems-de","9":"product_cat-silikonschlaeuche","10":"pa_show-myparcel-options-male-de","12":"first","13":"outofstock","14":"taxable","15":"shipping-taxable","16":"purchasable","17":"product-type-simple"},"acf":[],"brands":[{"id":2179,"name":"Neptune Systems","slug":"neptune-systems"}],"_links":{"self":[{"href":"https:\/\/www.seaflowerstore.com\/de\/wp-json\/wp\/v2\/product\/86310","targetHints":{"allow":["GET"]}}],"collection":[{"href":"https:\/\/www.seaflowerstore.com\/de\/wp-json\/wp\/v2\/product"}],"about":[{"href":"https:\/\/www.seaflowerstore.com\/de\/wp-json\/wp\/v2\/types\/product"}],"wp:featuredmedia":[{"embeddable":true,"href":"https:\/\/www.seaflowerstore.com\/de\/wp-json\/wp\/v2\/media\/81968"}],"wp:attachment":[{"href":"https:\/\/www.seaflowerstore.com\/de\/wp-json\/wp\/v2\/media?parent=86310"}],"wp:term":[{"taxonomy":"pwb-brand","embeddable":true,"href":"https:\/\/www.seaflowerstore.com\/de\/wp-json\/wp\/v2\/pwb-brand?post=86310"},{"taxonomy":"product_cat","embeddable":true,"href":"https:\/\/www.seaflowerstore.com\/de\/wp-json\/wp\/v2\/product_cat?post=86310"},{"taxonomy":"product_tag","embeddable":true,"href":"https:\/\/www.seaflowerstore.com\/de\/wp-json\/wp\/v2\/product_tag?post=86310"}],"curies":[{"name":"wp","href":"https:\/\/api.w.org\/{rel}","templated":true}]}}