{"id":86311,"date":"2019-07-12T18:56:31","date_gmt":"2019-07-12T16:56:31","guid":{"rendered":"https:\/\/www.seaflowerstore.com\/nl\/trident-sample-line-holder\/"},"modified":"2024-03-20T17:06:32","modified_gmt":"2024-03-20T16:06:32","slug":"trident-sample-line-holder","status":"publish","type":"product","link":"https:\/\/www.seaflowerstore.com\/de\/trident-sample-line-holder\/","title":{"rendered":"Trident Sample Line Holder"},"content":{"rendered":"<h2>Trident Sample Line Holder<\/h2>\n<p>Der Ersatz-Probenleitungshalter ist speziell f\u00fcr die Probenleitungsschl\u00e4uche im Neptune Systems Trident konzipiert. Dieses Produkt ist f\u00fcr die Aufrechterhaltung der Integrit\u00e4t und Funktionalit\u00e4t Ihres Testaufbaus unerl\u00e4sslich.<\/p>\n<p>Mit dem richtigen Halter k\u00f6nnen Sie sicherstellen, dass Ihre Probenleitungen sicher und organisiert sind, was letztendlich zu genaueren Messwerten und einem reibungsloseren Betrieb f\u00fchrt.<\/p>\n<p>Wenn Sie Fragen haben oder Hilfe bei der Installation ben\u00f6tigen, k\u00f6nnen Sie sich gerne an uns wenden. Wir sind hier, um Ihnen bei jedem Schritt zu helfen!<\/p>\n","protected":false},"excerpt":{"rendered":"<p>Replacement sample line holder for the sample line tubing found in the Neptune Systems Trident.<\/p>\n","protected":false},"featured_media":81966,"template":"","meta":[],"pwb-brand":[2179],"product_cat":[1401,1423],"product_tag":[],"class_list":{"0":"post-86311","1":"product","2":"type-product","3":"status-publish","4":"has-post-thumbnail","6":"pwb-brand-neptune-systems","7":"product_cat-mess-und-regeltechnik","8":"product_cat-neptune-systems-de","9":"pa_show-myparcel-options-male-de","11":"first","12":"instock","13":"taxable","14":"shipping-taxable","15":"purchasable","16":"product-type-simple"},"acf":[],"brands":[{"id":2179,"name":"Neptune Systems","slug":"neptune-systems"}],"_links":{"self":[{"href":"https:\/\/www.seaflowerstore.com\/de\/wp-json\/wp\/v2\/product\/86311","targetHints":{"allow":["GET"]}}],"collection":[{"href":"https:\/\/www.seaflowerstore.com\/de\/wp-json\/wp\/v2\/product"}],"about":[{"href":"https:\/\/www.seaflowerstore.com\/de\/wp-json\/wp\/v2\/types\/product"}],"wp:featuredmedia":[{"embeddable":true,"href":"https:\/\/www.seaflowerstore.com\/de\/wp-json\/wp\/v2\/media\/81966"}],"wp:attachment":[{"href":"https:\/\/www.seaflowerstore.com\/de\/wp-json\/wp\/v2\/media?parent=86311"}],"wp:term":[{"taxonomy":"pwb-brand","embeddable":true,"href":"https:\/\/www.seaflowerstore.com\/de\/wp-json\/wp\/v2\/pwb-brand?post=86311"},{"taxonomy":"product_cat","embeddable":true,"href":"https:\/\/www.seaflowerstore.com\/de\/wp-json\/wp\/v2\/product_cat?post=86311"},{"taxonomy":"product_tag","embeddable":true,"href":"https:\/\/www.seaflowerstore.com\/de\/wp-json\/wp\/v2\/product_tag?post=86311"}],"curies":[{"name":"wp","href":"https:\/\/api.w.org\/{rel}","templated":true}]}}