{"id":86313,"date":"2019-07-12T18:41:24","date_gmt":"2019-07-12T16:41:24","guid":{"rendered":"https:\/\/www.seaflowerstore.com\/nl\/neptune-trident-reagent-kit\/"},"modified":"2024-03-20T17:06:28","modified_gmt":"2024-03-20T16:06:28","slug":"neptune-trident-reagent-kit","status":"publish","type":"product","link":"https:\/\/www.seaflowerstore.com\/de\/neptune-trident-reagent-kit\/","title":{"rendered":"Neptune\u00a0Trident Reagent kit"},"content":{"rendered":"<h2>Neptune Trident Reagent kit<\/h2>\n<p>Dies ist ein Reagenzienkit f\u00fcr zwei Monate, das auf einem Standardtestplan mit vier Alkalinit\u00e4tstests, zwei Kalziumtests und zwei Magnesiumtests pro Tag basiert. Das Kit enth\u00e4lt mindestens 240 Alkalinit\u00e4tstests und 120 Tests f\u00fcr Kalzium und Magnesium.<\/p>\n<p><strong>Die Kits enthalten:<\/strong><\/p>\n<ul>\n<li>Zwei Flaschen Reagenz A (jeden Monat auszutauschen)<\/li>\n<li>Eine Flasche Reagenz B (alle zwei Monate auszutauschen)<\/li>\n<li>Eine Flasche Reagenz C (alle zwei Monate auszutauschen)<\/li>\n<li>Eine Flasche Kalibrierungsreferenzl\u00f6sung<\/li>\n<\/ul>\n<p>Weitere Einzelheiten zur Verwendung der Reagenzien finden Sie unter dem <a href=\"https:\/\/www.neptunesystems.com\/getstarted\/trident\/reagents-2\/\" rel=\"nofollow noopener\" target=\"_blank\">Link mit Informationen zur Verwendung der Reagenzien<\/a>.<\/p>\n","protected":false},"excerpt":{"rendered":"<p>Neptune Trident reagent kit is for 2 month testing<\/p>\n","protected":false},"featured_media":81962,"template":"","meta":[],"pwb-brand":[2179],"product_cat":[1387,1401,1423,1400],"product_tag":[],"class_list":{"0":"post-86313","1":"product","2":"type-product","3":"status-publish","4":"has-post-thumbnail","6":"pwb-brand-neptune-systems","7":"product_cat-messsysteme","8":"product_cat-mess-und-regeltechnik","9":"product_cat-neptune-systems-de","10":"product_cat-tester","11":"pa_show-myparcel-options-male-de","13":"first","14":"instock","15":"taxable","16":"shipping-taxable","17":"purchasable","18":"product-type-simple"},"acf":[],"brands":[{"id":2179,"name":"Neptune Systems","slug":"neptune-systems"}],"_links":{"self":[{"href":"https:\/\/www.seaflowerstore.com\/de\/wp-json\/wp\/v2\/product\/86313","targetHints":{"allow":["GET"]}}],"collection":[{"href":"https:\/\/www.seaflowerstore.com\/de\/wp-json\/wp\/v2\/product"}],"about":[{"href":"https:\/\/www.seaflowerstore.com\/de\/wp-json\/wp\/v2\/types\/product"}],"wp:featuredmedia":[{"embeddable":true,"href":"https:\/\/www.seaflowerstore.com\/de\/wp-json\/wp\/v2\/media\/81962"}],"wp:attachment":[{"href":"https:\/\/www.seaflowerstore.com\/de\/wp-json\/wp\/v2\/media?parent=86313"}],"wp:term":[{"taxonomy":"pwb-brand","embeddable":true,"href":"https:\/\/www.seaflowerstore.com\/de\/wp-json\/wp\/v2\/pwb-brand?post=86313"},{"taxonomy":"product_cat","embeddable":true,"href":"https:\/\/www.seaflowerstore.com\/de\/wp-json\/wp\/v2\/product_cat?post=86313"},{"taxonomy":"product_tag","embeddable":true,"href":"https:\/\/www.seaflowerstore.com\/de\/wp-json\/wp\/v2\/product_tag?post=86313"}],"curies":[{"name":"wp","href":"https:\/\/api.w.org\/{rel}","templated":true}]}}