{"id":86314,"date":"2019-07-12T17:23:39","date_gmt":"2019-07-12T15:23:39","guid":{"rendered":"https:\/\/www.seaflowerstore.com\/nl\/neptune-systems-trident\/"},"modified":"2026-03-07T10:11:21","modified_gmt":"2026-03-07T09:11:21","slug":"neptune-systems-trident","status":"publish","type":"product","link":"https:\/\/www.seaflowerstore.com\/de\/neptune-systems-trident\/","title":{"rendered":"Neptune Systems Trident"},"content":{"rendered":"<h2>Neptune Systems Trident Marine Aquarium Water Analyzer<\/h2>\n<p>Der Neptune Systems Trident ist ein automatisiertes Testsystem, das regelm\u00e4\u00dfig den Alkalinit\u00e4ts-, Kalzium- und Magnesiumgehalt in Ihrem Salzwasseraquarium \u00fcberpr\u00fcft. Diese Informationen werden dann an Ihren Apex gesendet, sodass Sie Warnmeldungen erhalten und Ihre Dosierung nach Bedarf anpassen k\u00f6nnen. In Verbindung mit dem DOS (separat erh\u00e4ltlich) entsteht ein vollautomatisches System zur Aufrechterhaltung gleichbleibender Erg\u00e4nzungsniveaus.<\/p>\n<h4><strong>HERVORGEHOBENE FUNKTIONEN:<\/strong><\/h4>\n<ul>\n<li>Testet Meerwasser automatisch auf Alkalinit\u00e4t, Kalzium und Magnesium.<\/li>\n<li>F\u00fchrt bis zu 12 Magnesiumtests pro Tag mit einer Genauigkeit von +\/- 15 ppm durch.<\/li>\n<li>F\u00fchrt bis zu 24 Alkalinit\u00e4tstests pro Tag mit einer Genauigkeit von +\/- 0,05 dKh durch.<\/li>\n<li>F\u00fchrt bis zu 12 Kalziumtests pro Tag mit einer Genauigkeit von +\/- 15 ppm durch.<\/li>\n<li>Verwendet ungef\u00e4hr 7,9 ml Probenwasser pro getestetem Parameter.<\/li>\n<li>Das Testen jedes Parameters dauert ungef\u00e4hr 7 Minuten.<\/li>\n<\/ul>\n<p>Sie k\u00f6nnen bis zu einen Monat lang Tests durchf\u00fchren, bevor Sie die Reagenzien wechseln m\u00fcssen, basierend auf einem Testplan auf Basisebene von 4x Alk, 2x Ca und 2x Mg pro Tag. In Kombination mit dem D\u014cS-System (separat erh\u00e4ltlich) k\u00f6nnen die Daten des Trident die Menge der abgegebenen Zusatzstoffe automatisch anpassen, um die Stabilit\u00e4t bei benutzerdefinierten Sollwerten aufrechtzuerhalten. Verabschieden Sie sich von Spritzen, Fl\u00e4schchen, Farbindikatoren und Verfallsdaten f\u00fcr Alkalinit\u00e4t, Kalzium und Magnesium. Jetzt k\u00f6nnen Sie mit minimalem Aufwand von \u00fcberall auf der Welt auf Echtzeitwerte f\u00fcr diese Parameter zugreifen!<\/p>\n<h4><strong>SO FUNKTIONIERT ES:<\/strong><\/h4>\n<p>Der Neptune Systems Trident funktioniert als eigenst\u00e4ndiges automatisches Titrationskolorimeter. Im Wesentlichen automatisiert er den Prozess der Wasserpr\u00fcfung, bei dem normalerweise eine Farb\u00e4nderungstitration durchgef\u00fchrt und die Ergebnisse interpretiert werden.<\/p>\n<p>Der Trident mischt seine Reagenzien regelm\u00e4\u00dfig sorgf\u00e4ltig mit einer kleinen Menge Probenwasser aus Ihrem Aquarium. W\u00e4hrend dieses Prozesses misst er die erforderlichen Mengen, um eine Farb\u00e4nderung zu erreichen, wie vom elektronischen Kolorimeter bestimmt. Nach Abschluss der Titration sendet es die Probe\/Reagenzfl\u00fcssigkeit an Ihren Abfallbeh\u00e4lter und protokolliert die Testergebnisse in Ihrem Apex.<\/p>\n<h4><strong>Neptune Systems Trident ERFORDERT:<\/strong><\/h4>\n<ul>\n<li>Apex oder ApexEL <strong>(nicht Apex Classic, Lite oder Jr.)<\/strong><\/li>\n<li><strong>Externer Abfallbeh\u00e4lter oder Abfluss (nicht im Lieferumfang enthalten)<\/strong><\/li>\n<li>Muss sich innerhalb von 1,2 Metern von der zu testenden Wasserquelle befinden.<\/li>\n<\/ul>\n<h4><strong>EINFACHE PLUG-AND-PLAY-EINRICHTUNG:<\/strong><\/h4>\n<p>Vom Auspacken bis zum Testen dauert es weniger als 15 Minuten! Anders als bei anderen Systemen m\u00fcssen keine Reagenzien gemischt, Schl\u00e4uche geschnitten oder Pumpen oder Sonden kalibriert werden. Schlie\u00dfen Sie einfach ein Kabel an, verbinden Sie zwei Schl\u00e4uche und f\u00fchren Sie die Einrichtungsaufgabe in der mobilen Apex Fusion-App aus. Dabei bietet es Anleitung durch hilfreiche Videos.<\/p>\n<h4><strong>KONSISTENZ UND PR\u00c4ZISION, TEST F\u00dcR TEST:<\/strong><\/h4>\n<p>Der Neptune Systems Trident testet mit einer Pr\u00e4zision von +\/- 0,05 dKh f\u00fcr Alkalinit\u00e4t und +\/- 15 ppm f\u00fcr Kalzium und Magnesium.<\/p>\n<h4><strong>VERSTEHEN SIE IHR AQUARIUM WIE NIE ZUVOR:<\/strong><\/h4>\n<p>Sobald Sie regelm\u00e4\u00dfig Daten vom Trident erhalten, werden Sie von den Erkenntnissen, die Sie gewinnen k\u00f6nnen, \u00fcberrascht sein. Sie werden Trends wie den t\u00e4glichen Zyklus der Kalziumkarbonataufnahme, Salzgehaltsabf\u00e4lle im Zusammenhang mit Magnesiumwerten und etwaige Fehlkalkulationen bei der Kalziumdosierung beobachten. Dieses verbesserte Verst\u00e4ndnis wird Ihnen letztendlich dabei helfen, ein ges\u00fcnderes und erfolgreicheres Riff zu erhalten.<\/p>\n<h4><strong>AKTIONEN UND WARNUNGEN BEI WERTEN AUSSERHALB DES BEREICHS:<\/strong><\/h4>\n<p>Sie k\u00f6nnen Ihren Apex so konfigurieren, dass er Sie warnt oder sofort Ma\u00dfnahmen ergreift, wenn ein Parameter au\u00dferhalb Ihres angegebenen Sicherheitsbereichs liegt. Wenn Sie beispielsweise eine Alkalinit\u00e4tsl\u00f6sung dosieren und eine Fehlkonfiguration vorliegt, kann dies zu einer \u00dcberdosierung Ihres Tanks f\u00fchren. Der Trident erkennt dies, benachrichtigt Sie und gibt Ihnen Zeit, Korrekturen vorzunehmen, bevor es zu sp\u00e4t ist, und hilft so, Ihr Aquarium zu sch\u00fctzen. Dar\u00fcber hinaus k\u00f6nnen die Daten des Trident verwendet werden, um andere Ger\u00e4te wie Dosierer oder Magnetspulen zu steuern und so Ihren Tank weiter zu sch\u00fctzen.<\/p>\n<h4><strong>AUTOMATISCHE DOSIERSTEUERUNG \u2013 ULTIMATIVE STABILIT\u00c4T:<\/strong><\/h4>\n<p>Je stabiler Ihre Alkalinit\u00e4t, Ihr Kalzium- und Magnesiumspiegel sind, desto besser wachsen und gedeihen Ihre Korallen. Da die Aufnahme dieser Erg\u00e4nzungsmittel durch die Korallen jedoch variieren kann, sind h\u00e4ufig weitere Tests und st\u00e4ndige Anpassungen der Dosierung erforderlich. Der Neptune Systems Trident behebt dieses Problem, wenn er mit einem oder mehreren D\u014cS-Systemen gekoppelt wird, durch die automatische Dosiersteuerung (ADC).<\/p>\n<p>Wenn die ADC auf dem Apex konfiguriert ist, \u00fcbernimmt sie die Ergebnisse vom Trident und passt die Menge des von Ihrem D\u014cS abgegebenen Zusatzstoffs schrittweise an. Keine Sorge, diese Funktion wurde mit Blick auf die Sicherheit entwickelt. Sie legen Ihren Zielwert und die Anfangsdosierungsmenge fest, und die ADC passt diese Dosierungsmenge nur um +\/- 35 % an. Wenn eine gr\u00f6\u00dfere Anpassung erforderlich ist, um Ihren Zielwert beizubehalten, stoppt der Apex die ADC, kehrt zu Ihrer Anfangsdosierungsmenge zur\u00fcck und fordert Sie auf, Ihre Dosierungsmenge manuell anzupassen. Sie k\u00f6nnen ADC dann wieder aktivieren und es wird Ihr D\u014cS weiterhin so steuern, dass Sie so nah wie m\u00f6glich an Ihrem Zielwert bleiben. Diese Funktion kann auf alle drei Tests angewendet werden \u2013 Alkalinit\u00e4t, Kalzium und Magnesium \u2013 und Sie k\u00f6nnen einen Testwert verwenden, um mehrere vom D\u014cS gelieferte Additive anzupassen (z. B. Triton-System).<\/p>\n<h4><strong>EINFACHE, SELTENE REAGENZIENWECHSEL:<\/strong><\/h4>\n<p>Mit dem Standardtestplan von vier Alkalinit\u00e4tstests, zwei Kalziumtests und zwei Magnesiumtests pro Tag halten die Reagenzien im Apex einen ganzen Monat. Das Ersetzen der Reagenzien ist unkompliziert; ziehen Sie einfach die Schublade heraus, entfernen Sie die alte(n) Flasche(n) und setzen Sie neue ein. Auf Wunsch k\u00f6nnen Sie auch eine Kalibrierung mit dem <strong>mitgelieferten Kalibrierungsstandard<\/strong> durchf\u00fchren.<\/p>\n<h4><strong>REAGENZIEN ZU G\u00dcNSTIGEN PREISEN:<\/strong><\/h4>\n<p>Die Kosten f\u00fcr Reagenzien k\u00f6nnen f\u00fcr Hobbyisten, die ein Testkit oder ein automatisiertes System in Betracht ziehen, ein erhebliches Problem darstellen. Wir haben den Neptune Systems Trident mit Blick auf die Erschwinglichkeit entwickelt und die Kosten so niedrig wie m\u00f6glich gehalten. Unsere Reagenzienkits werden in Zweimonatsvorr\u00e4ten geliefert (basierend auf dem Standardtestplan von 4-Alk\/2-Ca\/2-Mg pro Tag). Jedes Kit enth\u00e4lt zwei Flaschen Reagenz A (jeden Monat gewechselt), jeweils eine Flasche Reagenz B und C (alle zwei Monate gewechselt) und eine Flasche mit einer Kalibrierungsprobe aus Meerwasser. Das Reagenzienkit bietet mindestens 240 Alkalinit\u00e4tstests und jeweils 120 Tests f\u00fcr Kalzium und Magnesium.<\/p>\n<h4><strong>SUPERLEISE:<\/strong><\/h4>\n<p>Sie k\u00f6nnen den Betrieb des Neptune Systems Trident h\u00f6ren, wenn Sie genau hinh\u00f6ren oder sich in einem extrem ruhigen Raum befinden. Im Vergleich zu anderen automatisierten Testsystemen ist er jedoch deutlich leiser. Wenn Sie es in Ihrem Schrank mit anderen Ger\u00e4ten platzieren, werden Sie es wahrscheinlich \u00fcberhaupt nicht bemerken.<\/p>\n<p><strong>ENTH\u00c4LT:<\/strong><\/p>\n<ul>\n<li>Neptune Systems Trident<\/li>\n<li>Stromversorgung<\/li>\n<li>AquaBus-Kabel<\/li>\n<li>1,5 m schwarzer Probenleitungsschlauch<\/li>\n<li>1,5 m durchsichtiger Abfallleitungsschlauch<\/li>\n<li>Erste-Schritte-Karte<\/li>\n<li><strong>Reagenz ist nicht enthalten und wird separat verkauft<\/strong><\/li>\n<\/ul>\n<h4><strong>PHYSIKALISCHE ABMESSUNGEN:<\/strong><\/h4>\n<p>25,4 cm H x 11 cm B x 30,5 cm T<\/p>\n<p>Wenn Sie Probleme mit dem Betrieb des Trident haben, wenden Sie sich bitte an <a href=\"https:\/\/www.neptunesystems.com\/support\/contact-support\/\" target=\"_blank\" rel=\"noopener noreferrer nofollow\">Neptune Systems<\/a>. Auch f\u00fcr den Trident wird eine langfristige Wartung erforderlich sein. N\u00e4here Informationen hierzu erhalten Sie bei Neptune Systems.<\/p>\n<p><em><strong><a href=\"https:\/\/www.neptunesystems.com\/getstarted\/trident\/\" rel=\"nofollow noopener\" target=\"_blank\">Link mit Informationen zum Einstieg<\/a><\/strong><\/em><\/p>\n","protected":false},"excerpt":{"rendered":"<p>Neptune Systems Trident needs an Apex (2016+ model, not the elongated classic model) or an ApexEL, A3 of A3pro<\/p>\n","protected":false},"featured_media":128564,"template":"","meta":[],"pwb-brand":[2179],"product_cat":[1387,1401,1423,1400],"product_tag":[],"class_list":{"0":"post-86314","1":"product","2":"type-product","3":"status-publish","4":"has-post-thumbnail","6":"pwb-brand-neptune-systems","7":"product_cat-messsysteme","8":"product_cat-mess-und-regeltechnik","9":"product_cat-neptune-systems-de","10":"product_cat-tester","11":"pa_show-myparcel-options-male-de","13":"first","14":"outofstock","15":"sale","16":"taxable","17":"shipping-taxable","18":"purchasable","19":"product-type-simple"},"acf":[],"brands":[{"id":2179,"name":"Neptune Systems","slug":"neptune-systems"}],"_links":{"self":[{"href":"https:\/\/www.seaflowerstore.com\/de\/wp-json\/wp\/v2\/product\/86314","targetHints":{"allow":["GET"]}}],"collection":[{"href":"https:\/\/www.seaflowerstore.com\/de\/wp-json\/wp\/v2\/product"}],"about":[{"href":"https:\/\/www.seaflowerstore.com\/de\/wp-json\/wp\/v2\/types\/product"}],"wp:featuredmedia":[{"embeddable":true,"href":"https:\/\/www.seaflowerstore.com\/de\/wp-json\/wp\/v2\/media\/128564"}],"wp:attachment":[{"href":"https:\/\/www.seaflowerstore.com\/de\/wp-json\/wp\/v2\/media?parent=86314"}],"wp:term":[{"taxonomy":"pwb-brand","embeddable":true,"href":"https:\/\/www.seaflowerstore.com\/de\/wp-json\/wp\/v2\/pwb-brand?post=86314"},{"taxonomy":"product_cat","embeddable":true,"href":"https:\/\/www.seaflowerstore.com\/de\/wp-json\/wp\/v2\/product_cat?post=86314"},{"taxonomy":"product_tag","embeddable":true,"href":"https:\/\/www.seaflowerstore.com\/de\/wp-json\/wp\/v2\/product_tag?post=86314"}],"curies":[{"name":"wp","href":"https:\/\/api.w.org\/{rel}","templated":true}]}}