{"id":86315,"date":"2019-07-12T15:43:29","date_gmt":"2019-07-12T13:43:29","guid":{"rendered":"https:\/\/www.seaflowerstore.com\/nl\/16-meter-tubing-for-dosing-system\/"},"modified":"2024-03-20T17:06:19","modified_gmt":"2024-03-20T16:06:19","slug":"16-meter-tubing-for-dosing-system","status":"publish","type":"product","link":"https:\/\/www.seaflowerstore.com\/de\/16-meter-tubing-for-dosing-system\/","title":{"rendered":"16 Meter Tubing for DOSing System"},"content":{"rendered":"<h2>16 Meter Tubing for DOSing System<\/h2>\n<p>Das DOS-System ist standardm\u00e4\u00dfig mit 4 Metern Schlauch ausgestattet. Wir freuen uns jedoch, ein zus\u00e4tzliches Zubeh\u00f6r anbieten zu k\u00f6nnen: einen 16 Meter langen und einen 4 Meter langen Schlauch, die speziell f\u00fcr die Verwendung mit Neptune Systems DOS entwickelt wurden.<\/p>\n<p>Dieser Schlauch ist flexibel und erf\u00fcllt die Standard-DOS-Spezifikationen mit einem Au\u00dfendurchmesser von 6 mm und einem Innendurchmesser von 4 mm.<\/p>\n","protected":false},"excerpt":{"rendered":"<p>DOSing tubing for the Neptune Systems DOS unit<\/p>\n","protected":false},"featured_media":81956,"template":"","meta":[],"pwb-brand":[2179],"product_cat":[1420,1423],"product_tag":[],"class_list":{"0":"post-86315","1":"product","2":"type-product","3":"status-publish","4":"has-post-thumbnail","6":"pwb-brand-neptune-systems","7":"product_cat-doseerpomp-accessoires-de","8":"product_cat-neptune-systems-de","9":"pa_show-myparcel-options-male-de","11":"first","12":"instock","13":"taxable","14":"shipping-taxable","15":"purchasable","16":"product-type-simple"},"acf":[],"brands":[{"id":2179,"name":"Neptune Systems","slug":"neptune-systems"}],"_links":{"self":[{"href":"https:\/\/www.seaflowerstore.com\/de\/wp-json\/wp\/v2\/product\/86315","targetHints":{"allow":["GET"]}}],"collection":[{"href":"https:\/\/www.seaflowerstore.com\/de\/wp-json\/wp\/v2\/product"}],"about":[{"href":"https:\/\/www.seaflowerstore.com\/de\/wp-json\/wp\/v2\/types\/product"}],"wp:featuredmedia":[{"embeddable":true,"href":"https:\/\/www.seaflowerstore.com\/de\/wp-json\/wp\/v2\/media\/81956"}],"wp:attachment":[{"href":"https:\/\/www.seaflowerstore.com\/de\/wp-json\/wp\/v2\/media?parent=86315"}],"wp:term":[{"taxonomy":"pwb-brand","embeddable":true,"href":"https:\/\/www.seaflowerstore.com\/de\/wp-json\/wp\/v2\/pwb-brand?post=86315"},{"taxonomy":"product_cat","embeddable":true,"href":"https:\/\/www.seaflowerstore.com\/de\/wp-json\/wp\/v2\/product_cat?post=86315"},{"taxonomy":"product_tag","embeddable":true,"href":"https:\/\/www.seaflowerstore.com\/de\/wp-json\/wp\/v2\/product_tag?post=86315"}],"curies":[{"name":"wp","href":"https:\/\/api.w.org\/{rel}","templated":true}]}}