{"id":86316,"date":"2019-07-12T15:39:59","date_gmt":"2019-07-12T13:39:59","guid":{"rendered":"https:\/\/www.seaflowerstore.com\/nl\/4-meter-tubing-for-dosing-system\/"},"modified":"2024-03-20T17:06:16","modified_gmt":"2024-03-20T16:06:16","slug":"4-meter-tubing-for-dosing-system","status":"publish","type":"product","link":"https:\/\/www.seaflowerstore.com\/de\/4-meter-tubing-for-dosing-system\/","title":{"rendered":"4 Meter Tubing for DOSing System"},"content":{"rendered":"<h2>4 Meter Tubing for DOSing System<\/h2>\n<p>Das DOS-System wird standardm\u00e4\u00dfig mit 4 Metern Schlauch geliefert. Wir freuen uns, ein Zubeh\u00f6rteil mit 16 und 4 Metern Schlauchl\u00e4nge anbieten zu k\u00f6nnen, das speziell f\u00fcr die Verwendung mit dem Neptune Systems DOS entwickelt wurde.<\/p>\n<p>Dieser Schlauch ist flexibel und entspricht den Standard-DOS-Spezifikationen. Er hat einen <strong>Au\u00dfendurchmesser von 6 mm<\/strong> und einen <strong>Innendurchmesser von 4 mm<\/strong>.<\/p>\n","protected":false},"excerpt":{"rendered":"<p>DOSing tubing for the Neptune Systems DOS unit<\/p>\n","protected":false},"featured_media":81953,"template":"","meta":[],"pwb-brand":[2179],"product_cat":[1420,1423],"product_tag":[],"class_list":{"0":"post-86316","1":"product","2":"type-product","3":"status-publish","4":"has-post-thumbnail","6":"pwb-brand-neptune-systems","7":"product_cat-doseerpomp-accessoires-de","8":"product_cat-neptune-systems-de","9":"pa_show-myparcel-options-male-de","11":"first","12":"instock","13":"taxable","14":"shipping-taxable","15":"purchasable","16":"product-type-simple"},"acf":[],"brands":[{"id":2179,"name":"Neptune Systems","slug":"neptune-systems"}],"_links":{"self":[{"href":"https:\/\/www.seaflowerstore.com\/de\/wp-json\/wp\/v2\/product\/86316","targetHints":{"allow":["GET"]}}],"collection":[{"href":"https:\/\/www.seaflowerstore.com\/de\/wp-json\/wp\/v2\/product"}],"about":[{"href":"https:\/\/www.seaflowerstore.com\/de\/wp-json\/wp\/v2\/types\/product"}],"wp:featuredmedia":[{"embeddable":true,"href":"https:\/\/www.seaflowerstore.com\/de\/wp-json\/wp\/v2\/media\/81953"}],"wp:attachment":[{"href":"https:\/\/www.seaflowerstore.com\/de\/wp-json\/wp\/v2\/media?parent=86316"}],"wp:term":[{"taxonomy":"pwb-brand","embeddable":true,"href":"https:\/\/www.seaflowerstore.com\/de\/wp-json\/wp\/v2\/pwb-brand?post=86316"},{"taxonomy":"product_cat","embeddable":true,"href":"https:\/\/www.seaflowerstore.com\/de\/wp-json\/wp\/v2\/product_cat?post=86316"},{"taxonomy":"product_tag","embeddable":true,"href":"https:\/\/www.seaflowerstore.com\/de\/wp-json\/wp\/v2\/product_tag?post=86316"}],"curies":[{"name":"wp","href":"https:\/\/api.w.org\/{rel}","templated":true}]}}